{"id":19864,"date":"2026-02-27T00:06:50","date_gmt":"2026-02-27T00:06:50","guid":{"rendered":"https:\/\/nordicmart.andreevmaster.com\/product\/traesandkasse-med-justerbar-baldakin-lily-sandkasse-axi\/"},"modified":"2026-02-27T08:52:01","modified_gmt":"2026-02-27T08:52:01","slug":"traesandkasse-med-justerbar-baldakin-lily-sandkasse-axi","status":"publish","type":"product","link":"https:\/\/nordicmart.andreevmaster.com\/da\/vare\/traesandkasse-med-justerbar-baldakin-lily-sandkasse-axi\/","title":{"rendered":"Tr\u00e6sandkasse med justerbar baldakin Lily Sandkasse AXI"},"content":{"rendered":"<p>Lily Sandkasse AXI tr\u00e6sandkasse er en smuk og alsidig tilf\u00f8jelse til enhver legeplads i hjemmet. Den er udstyret med en justerbar baldakin i stof, der, n\u00e5r den s\u00e6nkes, fungerer som et d\u00e6ksel, der beskytter sandkassen mod vejr og dyr. Sandkassens forl\u00e6ngede kanter fungerer som et behageligt s\u00e6de, og den specielle base forhindrer ukrudt i at vokse. Sandkassen kan rumme ca. 300 kg sand, hvilket sikrer masser af sjov. Samlingen er hurtig og nem. Giv dine b\u00f8rn uendelig udend\u00f8rs sjov!<\/p>\n<p>Funktioner:<\/p>\n<p>* &#8211; Tr\u00e6sandkassen er det perfekte supplement til din legeplads derhjemme<br \/>\n* &#8211; Sandkassen er udstyret med en stofbaldakin, der kan justeres i h\u00f8jde og vinkel<br \/>\n* &#8211; N\u00e5r baldakinen er s\u00e6nket helt ned, fungerer den som et l\u00e5g til sandkassen og beskytter den mod vejr og dyr<br \/>\n* &#8211; Sandkassens forl\u00e6ngede kanter fungerer som et behageligt s\u00e6de.* &#8211; Sandkassen har en speciel bund, der forhindrer ukrudt i at vokse.<br \/>\n* &#8211; Sandkassen kan rumme ca. 300 kg sand.<br \/>\n* &#8211; Det hele er let at samle.<\/p>\n","protected":false},"excerpt":{"rendered":"<p>Lily Sandkasse AXI tr\u00e6sandkasse er en smuk og alsidig tilf\u00f8jelse til enhver legeplads i hjemmet. Den er udstyret med en justerbar baldakin i stof, der, n\u00e5r den s\u00e6nkes, fungerer som et d\u00e6ksel, der beskytter sandkassen mod vejr og dyr. Sandkassens forl\u00e6ngede kanter fungerer som et behageligt s\u00e6de, og den specielle base forhindrer ukrudt i at [&hellip;]<\/p>\n","protected":false},"featured_media":0,"comment_status":"open","ping_status":"closed","template":"","meta":[],"product_brand":[],"product_cat":[31],"product_tag":[],"class_list":{"0":"post-19864","1":"product","2":"type-product","3":"status-publish","5":"product_cat-uncategorized-da","7":"first","8":"instock","9":"shipping-taxable","10":"purchasable","11":"product-type-simple"},"_links":{"self":[{"href":"https:\/\/nordicmart.andreevmaster.com\/da\/wp-json\/wp\/v2\/product\/19864","targetHints":{"allow":["GET"]}}],"collection":[{"href":"https:\/\/nordicmart.andreevmaster.com\/da\/wp-json\/wp\/v2\/product"}],"about":[{"href":"https:\/\/nordicmart.andreevmaster.com\/da\/wp-json\/wp\/v2\/types\/product"}],"replies":[{"embeddable":true,"href":"https:\/\/nordicmart.andreevmaster.com\/da\/wp-json\/wp\/v2\/comments?post=19864"}],"wp:attachment":[{"href":"https:\/\/nordicmart.andreevmaster.com\/da\/wp-json\/wp\/v2\/media?parent=19864"}],"wp:term":[{"taxonomy":"product_brand","embeddable":true,"href":"https:\/\/nordicmart.andreevmaster.com\/da\/wp-json\/wp\/v2\/product_brand?post=19864"},{"taxonomy":"product_cat","embeddable":true,"href":"https:\/\/nordicmart.andreevmaster.com\/da\/wp-json\/wp\/v2\/product_cat?post=19864"},{"taxonomy":"product_tag","embeddable":true,"href":"https:\/\/nordicmart.andreevmaster.com\/da\/wp-json\/wp\/v2\/product_tag?post=19864"}],"curies":[{"name":"wp","href":"https:\/\/api.w.org\/{rel}","templated":true}]}}