{"id":19863,"date":"2026-02-27T00:06:50","date_gmt":"2026-02-27T00:06:50","guid":{"rendered":"https:\/\/nordicmart.andreevmaster.com\/product\/axi-ella-rainbow-traesandkasse-med-baenke\/"},"modified":"2026-02-27T08:52:00","modified_gmt":"2026-02-27T08:52:00","slug":"axi-ella-rainbow-traesandkasse-med-baenke","status":"publish","type":"product","link":"https:\/\/nordicmart.andreevmaster.com\/da\/vare\/axi-ella-rainbow-traesandkasse-med-baenke\/","title":{"rendered":"AXI Ella Rainbow tr\u00e6sandkasse med b\u00e6nke"},"content":{"rendered":"<p>At lege i AXI&#8217;s tr\u00e6regnbuesandkasse er enhver sm\u00e5b\u00f8rns dr\u00f8m. Sandkassen er udstyret med to b\u00e6nke, hvor b\u00f8rnene kan sidde eller l\u00e6gge deres leget\u00f8j. Den h\u00f8je kvalitet, robuste og vejrbestandige konstruktion sikrer, at sandkassen ser flot ud hele \u00e5ret rundt. B\u00e6nkene kan klappes op, s\u00e5 sandkassen kan lukkes efter legetiden.<\/p>\n<p>Egenskaber:<\/p>\n<p>* &#8211; bred og komfortabel, s\u00e5 flere b\u00f8rn kan lege p\u00e5 den,<br \/>\n* &#8211; komfortable b\u00e6nke, der fungerer som l\u00e5g til sandkassen,<br \/>\n* &#8211; lavet af vejrbestandigt tr\u00e6,<br \/>\n* &#8211; malet i smukke regnbuefarver, der helt sikkert vil opmuntre dit barn til at lege udend\u00f8rs,<br \/>\n* &#8211; gennemt\u00e6nkt og solid konstruktion.<\/p>\n<p>Leget\u00f8j fra det britiske m\u00e6rke AXI er haveudstyr af h\u00f8j kvalitet, som vil holde i mange \u00e5r. Producentens sortiment omfatter smukke sandkasser, der er fremstillet med st\u00f8rste omhu og af tr\u00e6 af bedste kvalitet. Det er v\u00e6rd at overveje at k\u00f8be en sandkasse med tag \u2013 det beskytter mod st\u00e6rkt sollys, s\u00e5 b\u00f8rnene kan lege selv i varmt vejr. Andre AXI-leget\u00f8j omfatter picnicborde, fodboldm\u00e5l og tr\u00e6ningss\u00e6t med kegler.<\/p>\n","protected":false},"excerpt":{"rendered":"<p>At lege i AXI&#8217;s tr\u00e6regnbuesandkasse er enhver sm\u00e5b\u00f8rns dr\u00f8m. Sandkassen er udstyret med to b\u00e6nke, hvor b\u00f8rnene kan sidde eller l\u00e6gge deres leget\u00f8j. Den h\u00f8je kvalitet, robuste og vejrbestandige konstruktion sikrer, at sandkassen ser flot ud hele \u00e5ret rundt. B\u00e6nkene kan klappes op, s\u00e5 sandkassen kan lukkes efter legetiden. Egenskaber: * &#8211; bred og komfortabel, [&hellip;]<\/p>\n","protected":false},"featured_media":0,"comment_status":"open","ping_status":"closed","template":"","meta":[],"product_brand":[],"product_cat":[31],"product_tag":[],"class_list":{"0":"post-19863","1":"product","2":"type-product","3":"status-publish","5":"product_cat-uncategorized-da","7":"first","8":"instock","9":"shipping-taxable","10":"purchasable","11":"product-type-simple"},"_links":{"self":[{"href":"https:\/\/nordicmart.andreevmaster.com\/da\/wp-json\/wp\/v2\/product\/19863","targetHints":{"allow":["GET"]}}],"collection":[{"href":"https:\/\/nordicmart.andreevmaster.com\/da\/wp-json\/wp\/v2\/product"}],"about":[{"href":"https:\/\/nordicmart.andreevmaster.com\/da\/wp-json\/wp\/v2\/types\/product"}],"replies":[{"embeddable":true,"href":"https:\/\/nordicmart.andreevmaster.com\/da\/wp-json\/wp\/v2\/comments?post=19863"}],"wp:attachment":[{"href":"https:\/\/nordicmart.andreevmaster.com\/da\/wp-json\/wp\/v2\/media?parent=19863"}],"wp:term":[{"taxonomy":"product_brand","embeddable":true,"href":"https:\/\/nordicmart.andreevmaster.com\/da\/wp-json\/wp\/v2\/product_brand?post=19863"},{"taxonomy":"product_cat","embeddable":true,"href":"https:\/\/nordicmart.andreevmaster.com\/da\/wp-json\/wp\/v2\/product_cat?post=19863"},{"taxonomy":"product_tag","embeddable":true,"href":"https:\/\/nordicmart.andreevmaster.com\/da\/wp-json\/wp\/v2\/product_tag?post=19863"}],"curies":[{"name":"wp","href":"https:\/\/api.w.org\/{rel}","templated":true}]}}