{"id":19862,"date":"2026-02-27T00:06:50","date_gmt":"2026-02-27T00:06:50","guid":{"rendered":"https:\/\/nordicmart.andreevmaster.com\/product\/ella-sandpit-axi-traesandkasse-med-baenke\/"},"modified":"2026-02-27T08:52:00","modified_gmt":"2026-02-27T08:52:00","slug":"ella-sandpit-axi-traesandkasse-med-baenke","status":"publish","type":"product","link":"https:\/\/nordicmart.andreevmaster.com\/da\/vare\/ella-sandpit-axi-traesandkasse-med-baenke\/","title":{"rendered":"Ella Sandpit AXI tr\u00e6sandkasse med b\u00e6nke"},"content":{"rendered":"<p>Den smukke og alsidige AXi tr\u00e6sandkasse er det perfekte supplement til din legeplads i haven. Den leveres med et praktisk l\u00e5g, der kan foldes ud til to b\u00e6nke med rygl\u00e6n. Sandkassen kan rumme op til 250 kg sand! Det hele er nemt at samle.<\/p>\n","protected":false},"excerpt":{"rendered":"<p>Den smukke og alsidige AXi tr\u00e6sandkasse er det perfekte supplement til din legeplads i haven. Den leveres med et praktisk l\u00e5g, der kan foldes ud til to b\u00e6nke med rygl\u00e6n. Sandkassen kan rumme op til 250 kg sand! Det hele er nemt at samle.<\/p>\n","protected":false},"featured_media":0,"comment_status":"open","ping_status":"closed","template":"","meta":[],"product_brand":[],"product_cat":[31],"product_tag":[],"class_list":{"0":"post-19862","1":"product","2":"type-product","3":"status-publish","5":"product_cat-uncategorized-da","7":"first","8":"instock","9":"shipping-taxable","10":"purchasable","11":"product-type-simple"},"_links":{"self":[{"href":"https:\/\/nordicmart.andreevmaster.com\/da\/wp-json\/wp\/v2\/product\/19862","targetHints":{"allow":["GET"]}}],"collection":[{"href":"https:\/\/nordicmart.andreevmaster.com\/da\/wp-json\/wp\/v2\/product"}],"about":[{"href":"https:\/\/nordicmart.andreevmaster.com\/da\/wp-json\/wp\/v2\/types\/product"}],"replies":[{"embeddable":true,"href":"https:\/\/nordicmart.andreevmaster.com\/da\/wp-json\/wp\/v2\/comments?post=19862"}],"wp:attachment":[{"href":"https:\/\/nordicmart.andreevmaster.com\/da\/wp-json\/wp\/v2\/media?parent=19862"}],"wp:term":[{"taxonomy":"product_brand","embeddable":true,"href":"https:\/\/nordicmart.andreevmaster.com\/da\/wp-json\/wp\/v2\/product_brand?post=19862"},{"taxonomy":"product_cat","embeddable":true,"href":"https:\/\/nordicmart.andreevmaster.com\/da\/wp-json\/wp\/v2\/product_cat?post=19862"},{"taxonomy":"product_tag","embeddable":true,"href":"https:\/\/nordicmart.andreevmaster.com\/da\/wp-json\/wp\/v2\/product_tag?post=19862"}],"curies":[{"name":"wp","href":"https:\/\/api.w.org\/{rel}","templated":true}]}}