{"id":19861,"date":"2026-02-27T00:06:50","date_gmt":"2026-02-27T00:06:50","guid":{"rendered":"https:\/\/nordicmart.andreevmaster.com\/product\/axi-traesandkasse-opbevaringsrum-til-tilbehor-presenning\/"},"modified":"2026-02-27T08:52:00","modified_gmt":"2026-02-27T08:52:00","slug":"axi-traesandkasse-opbevaringsrum-til-tilbehor-presenning","status":"publish","type":"product","link":"https:\/\/nordicmart.andreevmaster.com\/da\/vare\/axi-traesandkasse-opbevaringsrum-til-tilbehor-presenning\/","title":{"rendered":"AXI Tr\u00e6sandkasse + opbevaringsrum til tilbeh\u00f8r + presenning"},"content":{"rendered":"<p>Den smukke og alsidige AXI tr\u00e6sandkasse er det perfekte supplement til din legeplads derhjemme. Sandkassen er udstyret med et opbevaringsrum til tilbeh\u00f8r, hvor b\u00f8rnene kan opbevare deres skovle og spande. Opbevaringsrummet har tr\u00e6l\u00e5g, der fungerer som b\u00e6nke. Der er komfortable s\u00e6der i hvert hj\u00f8rne. S\u00e6ttet inkluderer en presenning, der fungerer som overd\u00e6kning og en speciel ukrudtsbarriere. Sandkassen kan rumme op til 350 kg sand! Det hele er nemt at samle. <\/p>\n<p>Funktioner: <\/p>\n<p>* &#8211; Alsidig SANDKASSE i tr\u00e6<br \/>\n* &#8211; Sandkassen har et opbevaringsrum til leget\u00f8j.<br \/>\n* &#8211; S\u00e6ttet indeholder ogs\u00e5 en presenning til at d\u00e6kke sandkassen, n\u00e5r den ikke er i brug.* &#8211; Den kan rumme op til 350 kg sand.<br \/>\n* &#8211; Hvert hj\u00f8rne har et behageligt s\u00e6de.<\/p>\n","protected":false},"excerpt":{"rendered":"<p>Den smukke og alsidige AXI tr\u00e6sandkasse er det perfekte supplement til din legeplads derhjemme. Sandkassen er udstyret med et opbevaringsrum til tilbeh\u00f8r, hvor b\u00f8rnene kan opbevare deres skovle og spande. Opbevaringsrummet har tr\u00e6l\u00e5g, der fungerer som b\u00e6nke. Der er komfortable s\u00e6der i hvert hj\u00f8rne. S\u00e6ttet inkluderer en presenning, der fungerer som overd\u00e6kning og en speciel [&hellip;]<\/p>\n","protected":false},"featured_media":0,"comment_status":"open","ping_status":"closed","template":"","meta":[],"product_brand":[],"product_cat":[31],"product_tag":[],"class_list":{"0":"post-19861","1":"product","2":"type-product","3":"status-publish","5":"product_cat-uncategorized-da","7":"first","8":"instock","9":"shipping-taxable","10":"purchasable","11":"product-type-simple"},"_links":{"self":[{"href":"https:\/\/nordicmart.andreevmaster.com\/da\/wp-json\/wp\/v2\/product\/19861","targetHints":{"allow":["GET"]}}],"collection":[{"href":"https:\/\/nordicmart.andreevmaster.com\/da\/wp-json\/wp\/v2\/product"}],"about":[{"href":"https:\/\/nordicmart.andreevmaster.com\/da\/wp-json\/wp\/v2\/types\/product"}],"replies":[{"embeddable":true,"href":"https:\/\/nordicmart.andreevmaster.com\/da\/wp-json\/wp\/v2\/comments?post=19861"}],"wp:attachment":[{"href":"https:\/\/nordicmart.andreevmaster.com\/da\/wp-json\/wp\/v2\/media?parent=19861"}],"wp:term":[{"taxonomy":"product_brand","embeddable":true,"href":"https:\/\/nordicmart.andreevmaster.com\/da\/wp-json\/wp\/v2\/product_brand?post=19861"},{"taxonomy":"product_cat","embeddable":true,"href":"https:\/\/nordicmart.andreevmaster.com\/da\/wp-json\/wp\/v2\/product_cat?post=19861"},{"taxonomy":"product_tag","embeddable":true,"href":"https:\/\/nordicmart.andreevmaster.com\/da\/wp-json\/wp\/v2\/product_tag?post=19861"}],"curies":[{"name":"wp","href":"https:\/\/api.w.org\/{rel}","templated":true}]}}