{"id":19860,"date":"2026-02-27T00:06:49","date_gmt":"2026-02-27T00:06:49","guid":{"rendered":"https:\/\/nordicmart.andreevmaster.com\/product\/axi-nick-picnicbord-med-sand-vandbeholdere-og-parasol\/"},"modified":"2026-02-27T08:52:00","modified_gmt":"2026-02-27T08:52:00","slug":"axi-nick-picnicbord-med-sand-vandbeholdere-og-parasol","status":"publish","type":"product","link":"https:\/\/nordicmart.andreevmaster.com\/da\/vare\/axi-nick-picnicbord-med-sand-vandbeholdere-og-parasol\/","title":{"rendered":"AXI Nick picnicbord med sand-\/vandbeholdere og parasol"},"content":{"rendered":"<p>Nick picnicbordet til b\u00f8rn fra Axi vil give dine b\u00f8rn stor gl\u00e6de. B\u00f8rnene har et sted, hvor de kan sidde behageligt, lege og male. De sm\u00e5 f\u00e5r et hyggeligt hj\u00f8rne helt for sig selv. Og hvis de keder sig ved at sidde stille, kan bordet omdannes til en sandkasse eller et vandbord ved at fjerne bordpladen. Der er to rum, der er velegnede til b\u00e5de sand og vand. Det betyder, at b\u00f8rnene kan bygge sandslotte p\u00e5 den ene side og lege med leget\u00f8jsb\u00e5de p\u00e5 den anden. Bordet er perfekt til haven, terrassen eller altanen.Den robuste og holdbare konstruktion sikrer sikker leg udend\u00f8rs. Bordet leveres med en parasol, der kan fastg\u00f8res for at beskytte b\u00f8rnene mod solen. Egenskaber: * &#8211; robust, holdbar konstruktion, * &#8211; let at omdanne bordet til en sandkasse og et vandbord, * &#8211; multifunktionalitet, * &#8211; vejrbestandighed.<\/p>\n<p>Leget\u00f8j fra det britiske m\u00e6rke Axi er haveudstyr af h\u00f8j kvalitet, som vil holde i mange \u00e5r. Producentens sortiment omfatter smukke sandkasser, der er fremstillet med st\u00f8rste omhu og af tr\u00e6 af bedste kvalitet. Det er v\u00e6rd at overveje at k\u00f8be en sandkasse med baldakin \u2013 den beskytter mod st\u00e6rkt sollys, s\u00e5 b\u00f8rnene kan lege selv i varmt vejr. Andre leget\u00f8jsprodukter fra Axi omfatter picnicborde, fodboldm\u00e5l og tr\u00e6ningss\u00e6t med kegler.<\/p>\n","protected":false},"excerpt":{"rendered":"<p>Nick picnicbordet til b\u00f8rn fra Axi vil give dine b\u00f8rn stor gl\u00e6de. B\u00f8rnene har et sted, hvor de kan sidde behageligt, lege og male. De sm\u00e5 f\u00e5r et hyggeligt hj\u00f8rne helt for sig selv. Og hvis de keder sig ved at sidde stille, kan bordet omdannes til en sandkasse eller et vandbord ved at fjerne [&hellip;]<\/p>\n","protected":false},"featured_media":0,"comment_status":"open","ping_status":"closed","template":"","meta":[],"product_brand":[],"product_cat":[31],"product_tag":[],"class_list":{"0":"post-19860","1":"product","2":"type-product","3":"status-publish","5":"product_cat-uncategorized-da","7":"first","8":"instock","9":"shipping-taxable","10":"purchasable","11":"product-type-simple"},"_links":{"self":[{"href":"https:\/\/nordicmart.andreevmaster.com\/da\/wp-json\/wp\/v2\/product\/19860","targetHints":{"allow":["GET"]}}],"collection":[{"href":"https:\/\/nordicmart.andreevmaster.com\/da\/wp-json\/wp\/v2\/product"}],"about":[{"href":"https:\/\/nordicmart.andreevmaster.com\/da\/wp-json\/wp\/v2\/types\/product"}],"replies":[{"embeddable":true,"href":"https:\/\/nordicmart.andreevmaster.com\/da\/wp-json\/wp\/v2\/comments?post=19860"}],"wp:attachment":[{"href":"https:\/\/nordicmart.andreevmaster.com\/da\/wp-json\/wp\/v2\/media?parent=19860"}],"wp:term":[{"taxonomy":"product_brand","embeddable":true,"href":"https:\/\/nordicmart.andreevmaster.com\/da\/wp-json\/wp\/v2\/product_brand?post=19860"},{"taxonomy":"product_cat","embeddable":true,"href":"https:\/\/nordicmart.andreevmaster.com\/da\/wp-json\/wp\/v2\/product_cat?post=19860"},{"taxonomy":"product_tag","embeddable":true,"href":"https:\/\/nordicmart.andreevmaster.com\/da\/wp-json\/wp\/v2\/product_tag?post=19860"}],"curies":[{"name":"wp","href":"https:\/\/api.w.org\/{rel}","templated":true}]}}