{"id":19859,"date":"2026-02-27T00:06:49","date_gmt":"2026-02-27T00:06:49","guid":{"rendered":"https:\/\/nordicmart.andreevmaster.com\/product\/axi-nick-picnicbord-med-baenk-parasol-og-vand-sandbeholdere\/"},"modified":"2026-02-27T08:52:00","modified_gmt":"2026-02-27T08:52:00","slug":"axi-nick-picnicbord-med-baenk-parasol-og-vand-sandbeholdere","status":"publish","type":"product","link":"https:\/\/nordicmart.andreevmaster.com\/da\/vare\/axi-nick-picnicbord-med-baenk-parasol-og-vand-sandbeholdere\/","title":{"rendered":"AXI Nick picnicbord med b\u00e6nk, parasol og vand-\/sandbeholdere"},"content":{"rendered":"<p>Nick picnicbordet fra det kendte m\u00e6rke AXI er et multifunktionelt bord med et hemmeligt rum, der indeholder to bl\u00e5 beholdere under den aftagelige bordplade. Disse bl\u00e5 beholdere kan fyldes med sand og\/eller vand, men de kan selvf\u00f8lgelig ogs\u00e5 bruges til opbevaring af leget\u00f8j. Derudover er beholderne aftagelige, hvilket g\u00f8r dem nemme at reng\u00f8re. Den klassiske kombination af sand og vand fungerer altid godt med b\u00f8rn! P\u00e5 ingen tid kan du forvandle sand- og vandbordet til et picnicbord, hvor b\u00f8rnene kan v\u00e6re kreative, tegne eller nyde l\u00e6kkerier.<\/p>\n<p>Egenskaber:<\/p>\n<p>* &#8211; picnicbordet er lavet af FSC-tr\u00e6,<br \/>\n* &#8211; inkluderer en h\u00f8jdejusterbar parasol (110-175 cm),<br \/>\n* &#8211; to aftagelige plastbeholdere til sand eller vand,<br \/>\n* &#8211; maksimal kapacitet p\u00e5 8 liter,<br \/>\n* &#8211; bordpladens dimensioner (L x B): 95 x 41 cm,<br \/>\n* &#8211; s\u00e6deh\u00f8jde: 26,7 cm,<br \/>\n* &#8211; maksimal v\u00e6gt: 100 kg pr. b\u00e6nk,<br \/>\n* &#8211; canadisk gran revner ikke og er naturligt modstandsdygtig over for vejrforhold,<br \/>\n* &#8211; nem montering takket v\u00e6re delvist formonterede dele,<br \/>\n* &#8211; belagt med vandbaseret bejdse, ingen kemikalier.<\/p>\n<p>Leget\u00f8j fra det britiske m\u00e6rke AXI er haveudstyr af h\u00f8j kvalitet, som vil holde i mange \u00e5r. Producentens sortiment omfatter smukke sandkasser, der er fremstillet med st\u00f8rste omhu og af tr\u00e6 af bedste kvalitet. Det er v\u00e6rd at overveje at k\u00f8be en sandkasse med tag \u2013 det beskytter mod st\u00e6rkt sollys, s\u00e5 b\u00f8rnene kan lege selv i varmt vejr. Andre AXI-leget\u00f8j omfatter picnicborde, fodboldm\u00e5l og tr\u00e6ningss\u00e6t med kegler.<\/p>\n","protected":false},"excerpt":{"rendered":"<p>Nick picnicbordet fra det kendte m\u00e6rke AXI er et multifunktionelt bord med et hemmeligt rum, der indeholder to bl\u00e5 beholdere under den aftagelige bordplade. Disse bl\u00e5 beholdere kan fyldes med sand og\/eller vand, men de kan selvf\u00f8lgelig ogs\u00e5 bruges til opbevaring af leget\u00f8j. Derudover er beholderne aftagelige, hvilket g\u00f8r dem nemme at reng\u00f8re. Den klassiske [&hellip;]<\/p>\n","protected":false},"featured_media":0,"comment_status":"open","ping_status":"closed","template":"","meta":[],"product_brand":[],"product_cat":[31],"product_tag":[],"class_list":{"0":"post-19859","1":"product","2":"type-product","3":"status-publish","5":"product_cat-uncategorized-da","7":"first","8":"instock","9":"shipping-taxable","10":"purchasable","11":"product-type-simple"},"_links":{"self":[{"href":"https:\/\/nordicmart.andreevmaster.com\/da\/wp-json\/wp\/v2\/product\/19859","targetHints":{"allow":["GET"]}}],"collection":[{"href":"https:\/\/nordicmart.andreevmaster.com\/da\/wp-json\/wp\/v2\/product"}],"about":[{"href":"https:\/\/nordicmart.andreevmaster.com\/da\/wp-json\/wp\/v2\/types\/product"}],"replies":[{"embeddable":true,"href":"https:\/\/nordicmart.andreevmaster.com\/da\/wp-json\/wp\/v2\/comments?post=19859"}],"wp:attachment":[{"href":"https:\/\/nordicmart.andreevmaster.com\/da\/wp-json\/wp\/v2\/media?parent=19859"}],"wp:term":[{"taxonomy":"product_brand","embeddable":true,"href":"https:\/\/nordicmart.andreevmaster.com\/da\/wp-json\/wp\/v2\/product_brand?post=19859"},{"taxonomy":"product_cat","embeddable":true,"href":"https:\/\/nordicmart.andreevmaster.com\/da\/wp-json\/wp\/v2\/product_cat?post=19859"},{"taxonomy":"product_tag","embeddable":true,"href":"https:\/\/nordicmart.andreevmaster.com\/da\/wp-json\/wp\/v2\/product_tag?post=19859"}],"curies":[{"name":"wp","href":"https:\/\/api.w.org\/{rel}","templated":true}]}}