{"id":19858,"date":"2026-02-27T00:06:49","date_gmt":"2026-02-27T00:06:49","guid":{"rendered":"https:\/\/nordicmart.andreevmaster.com\/product\/axi-stor-traelegeplads-med-gynger-rutsjebane-og-sandkasse-hvid\/"},"modified":"2026-02-27T08:52:00","modified_gmt":"2026-02-27T08:52:00","slug":"axi-stor-traelegeplads-med-gynger-rutsjebane-og-sandkasse-hvid","status":"publish","type":"product","link":"https:\/\/nordicmart.andreevmaster.com\/da\/vare\/axi-stor-traelegeplads-med-gynger-rutsjebane-og-sandkasse-hvid\/","title":{"rendered":"AXI Stor tr\u00e6legeplads med gynger, rutsjebane og sandkasse \u2013 hvid"},"content":{"rendered":"<p>### Malik Stor legeplads &#8211; Hvidt s\u00e6t<\/p>\n<p>\u2714 Takket v\u00e6re en r\u00e6kke forskellige elementer \u2013 et udkigst\u00e5rn, en lang rutsjebane, en dobbelt gynge og en sandkasse \u2013 kan b\u00f8rn udvikle deres kreativitet, styrke og motoriske koordination p\u00e5 \u00e9t sted!<\/p>\n<p>\u2714 Det er den perfekte kombination af bev\u00e6gelse, eventyr og sikkerhed i naturlige, milj\u00f8venlige omgivelser.<\/p>\n<p>\u2714 Fremstillet af 100 % FSC-certificeret cedertr\u00e6, der er modstandsdygtigt over for vejrforhold og r\u00e5d<\/p>\n<p>\u2714 Tr\u00e6et er beskyttet med en milj\u00f8venlig, kemikaliefri, vandbaseret bejdse<\/p>\n<p>\u2714 Produktet overholder CE-, EN 71, FSC 100% og UKCA-standarder<\/p>\n<p>Egenskaber:<\/p>\n<p>&#8211; Multifunktionelt leges\u00e6t \u2013 klatring, rutsjebaner, gynger og leg i sandet, alt p\u00e5 \u00e9t sted! &#8211; Dobbeltgynge &#8211; 220 cm lang rutsjebane med mulighed for at tilslutte vand for ekstra sjov p\u00e5 varme dage &#8211; Sandkasse med tag og legev\u00e6g &#8211; Sikker og stabil konstruktion \u2013 s\u00e6ttet har 6 jordankre for maksimal stabilitet &#8211; Leges\u00e6t designet til op til 5 b\u00f8rn (maksimal v\u00e6gt pr. barn: 50 kg) &#8211; Nem montering \u2013 enkle instruktioner og delvist formonterede komponenter g\u00f8r det muligt at samle legepladsen hurtigt. <\/p>\n<p>### Tekniske data: <\/p>\n<p>\u2714 Samlede dimensioner: 345 x 336 x 269,5 cm \u2714 Platformsh\u00f8jde: 119 cm \u2714 Maksimal v\u00e6gt: 200 kg (50 kg pr. barn) \u2714 Rutsjebane: 220 cm, kan tilsluttes vand \u2714 Sandkasse: 125 kg sand, m\u00e5l 83,2 x 80 x 18,8 cm<\/p>\n","protected":false},"excerpt":{"rendered":"<p>### Malik Stor legeplads &#8211; Hvidt s\u00e6t \u2714 Takket v\u00e6re en r\u00e6kke forskellige elementer \u2013 et udkigst\u00e5rn, en lang rutsjebane, en dobbelt gynge og en sandkasse \u2013 kan b\u00f8rn udvikle deres kreativitet, styrke og motoriske koordination p\u00e5 \u00e9t sted! \u2714 Det er den perfekte kombination af bev\u00e6gelse, eventyr og sikkerhed i naturlige, milj\u00f8venlige omgivelser. \u2714 [&hellip;]<\/p>\n","protected":false},"featured_media":0,"comment_status":"open","ping_status":"closed","template":"","meta":[],"product_brand":[],"product_cat":[31],"product_tag":[],"class_list":{"0":"post-19858","1":"product","2":"type-product","3":"status-publish","5":"product_cat-uncategorized-da","7":"first","8":"instock","9":"shipping-taxable","10":"purchasable","11":"product-type-simple"},"_links":{"self":[{"href":"https:\/\/nordicmart.andreevmaster.com\/da\/wp-json\/wp\/v2\/product\/19858","targetHints":{"allow":["GET"]}}],"collection":[{"href":"https:\/\/nordicmart.andreevmaster.com\/da\/wp-json\/wp\/v2\/product"}],"about":[{"href":"https:\/\/nordicmart.andreevmaster.com\/da\/wp-json\/wp\/v2\/types\/product"}],"replies":[{"embeddable":true,"href":"https:\/\/nordicmart.andreevmaster.com\/da\/wp-json\/wp\/v2\/comments?post=19858"}],"wp:attachment":[{"href":"https:\/\/nordicmart.andreevmaster.com\/da\/wp-json\/wp\/v2\/media?parent=19858"}],"wp:term":[{"taxonomy":"product_brand","embeddable":true,"href":"https:\/\/nordicmart.andreevmaster.com\/da\/wp-json\/wp\/v2\/product_brand?post=19858"},{"taxonomy":"product_cat","embeddable":true,"href":"https:\/\/nordicmart.andreevmaster.com\/da\/wp-json\/wp\/v2\/product_cat?post=19858"},{"taxonomy":"product_tag","embeddable":true,"href":"https:\/\/nordicmart.andreevmaster.com\/da\/wp-json\/wp\/v2\/product_tag?post=19858"}],"curies":[{"name":"wp","href":"https:\/\/api.w.org\/{rel}","templated":true}]}}