{"id":19855,"date":"2026-02-27T00:06:48","date_gmt":"2026-02-27T00:06:48","guid":{"rendered":"https:\/\/nordicmart.andreevmaster.com\/product\/axi-havesving-med-metalramme-til-born\/"},"modified":"2026-02-27T08:51:59","modified_gmt":"2026-02-27T08:51:59","slug":"axi-havesving-med-metalramme-til-born","status":"publish","type":"product","link":"https:\/\/nordicmart.andreevmaster.com\/da\/vare\/axi-havesving-med-metalramme-til-born\/","title":{"rendered":"AXI Havesving med metalramme til b\u00f8rn"},"content":{"rendered":"<p>Metalg\u00e6ngestativet er udstyret med en enkeltsving og en dobbeltsving, hvor to b\u00f8rn kan svinge samtidig. Den moderne, farverige ramme er vejrbestandig og holdbar, og takket v\u00e6re sin kompakte st\u00f8rrelse passer den ogs\u00e5 i sm\u00e5 haver. Med en ekstra h\u00f8jde p\u00e5 n\u00e6sten 2,2 meter giver rammen endnu mere svingbev\u00e6gelse. Metalg\u00e6ngestativet er lavet af pulverlakeret st\u00e5l og er galvaniseret indvendigt og udvendigt. For ekstra sikkerhed er gyngen udstyret med fire jordankre, der kan installeres i beton. Gynges\u00e6derne er meget nemme at reng\u00f8re, s\u00e5 du kan gynge umiddelbart efter en let regnbyge. De justerbare gyngetove sikrer en lang levetid, da gyngen vokser med dig i mange \u00e5r.<\/p>\n<p>Funktioner:<\/p>\n<p>* &#8211; Metalsving med enkeltsving og dobbeltsving,<br \/>\n* &#8211; Fremstillet af pulverlakeret st\u00e5l, galvaniseret indvendigt og udvendigt for langvarig korrosionsbeskyttelse,<br \/>\n* &#8211; Justerbare reb fra 39 til 99 cm over jorden g\u00f8r det muligt for svingen at &#8220;vokse&#8221; med dig,<br \/>\n* &#8211; Inkluderer 4 jordankre til installation i beton,<br \/>\n* &#8211; Til op til 3 b\u00f8rn,<br \/>\n* &#8211; Maksimal brugerv\u00e6gt 50 kg pr. gynges\u00e6de; 100 kg i alt,<br \/>\n* &#8211; Let at samle (kr\u00e6ver hj\u00e6lp fra en voksen),<br \/>\n* &#8211; Velegnet til b\u00f8rn i alderen 3 til 10 \u00e5r,<\/p>\n<p>Leget\u00f8j fra det britiske m\u00e6rke Axi er haveudstyr af h\u00f8j kvalitet, som vil holde i mange \u00e5r. Producentens sortiment omfatter smukke sandkasser, der er fremstillet med st\u00f8rste omhu og af tr\u00e6 af bedste kvalitet. Det er v\u00e6rd at overveje at k\u00f8be en sandkasse med tag \u2013 den beskytter mod st\u00e6rkt sollys, s\u00e5 b\u00f8rnene kan lege selv i varmt vejr. Andre Axi-leget\u00f8j omfatter picnicborde, fodboldm\u00e5l og tr\u00e6ningss\u00e6t med kegler.<\/p>\n","protected":false},"excerpt":{"rendered":"<p>Metalg\u00e6ngestativet er udstyret med en enkeltsving og en dobbeltsving, hvor to b\u00f8rn kan svinge samtidig. Den moderne, farverige ramme er vejrbestandig og holdbar, og takket v\u00e6re sin kompakte st\u00f8rrelse passer den ogs\u00e5 i sm\u00e5 haver. Med en ekstra h\u00f8jde p\u00e5 n\u00e6sten 2,2 meter giver rammen endnu mere svingbev\u00e6gelse. Metalg\u00e6ngestativet er lavet af pulverlakeret st\u00e5l og [&hellip;]<\/p>\n","protected":false},"featured_media":0,"comment_status":"open","ping_status":"closed","template":"","meta":[],"product_brand":[],"product_cat":[31],"product_tag":[],"class_list":{"0":"post-19855","1":"product","2":"type-product","3":"status-publish","5":"product_cat-uncategorized-da","7":"first","8":"instock","9":"shipping-taxable","10":"purchasable","11":"product-type-simple"},"_links":{"self":[{"href":"https:\/\/nordicmart.andreevmaster.com\/da\/wp-json\/wp\/v2\/product\/19855","targetHints":{"allow":["GET"]}}],"collection":[{"href":"https:\/\/nordicmart.andreevmaster.com\/da\/wp-json\/wp\/v2\/product"}],"about":[{"href":"https:\/\/nordicmart.andreevmaster.com\/da\/wp-json\/wp\/v2\/types\/product"}],"replies":[{"embeddable":true,"href":"https:\/\/nordicmart.andreevmaster.com\/da\/wp-json\/wp\/v2\/comments?post=19855"}],"wp:attachment":[{"href":"https:\/\/nordicmart.andreevmaster.com\/da\/wp-json\/wp\/v2\/media?parent=19855"}],"wp:term":[{"taxonomy":"product_brand","embeddable":true,"href":"https:\/\/nordicmart.andreevmaster.com\/da\/wp-json\/wp\/v2\/product_brand?post=19855"},{"taxonomy":"product_cat","embeddable":true,"href":"https:\/\/nordicmart.andreevmaster.com\/da\/wp-json\/wp\/v2\/product_cat?post=19855"},{"taxonomy":"product_tag","embeddable":true,"href":"https:\/\/nordicmart.andreevmaster.com\/da\/wp-json\/wp\/v2\/product_tag?post=19855"}],"curies":[{"name":"wp","href":"https:\/\/api.w.org\/{rel}","templated":true}]}}