{"id":19854,"date":"2026-02-27T00:06:48","date_gmt":"2026-02-27T00:06:48","guid":{"rendered":"https:\/\/nordicmart.andreevmaster.com\/product\/axi-stor-holdbar-havesving-storks-nest-til-born\/"},"modified":"2026-02-27T08:51:59","modified_gmt":"2026-02-27T08:51:59","slug":"axi-stor-holdbar-havesving-storks-nest-til-born","status":"publish","type":"product","link":"https:\/\/nordicmart.andreevmaster.com\/da\/vare\/axi-stor-holdbar-havesving-storks-nest-til-born\/","title":{"rendered":"AXI Stor holdbar havesving Stork&#8217;s Nest til b\u00f8rn"},"content":{"rendered":"<p>AXI gynge \u2013 sjov i mange \u00e5r fremover!<\/p>\n<p>\u2714 Robust gynge med rede-lignende s\u00e6de (\u00d8 120 cm) lavet af vandt\u00e6t materiale og pulverlakeret st\u00e5l<br \/>\n\u2714 Takket v\u00e6re sine kompakte dimensioner passer den selv i en lille have, og dens h\u00f8jde p\u00e5 2,2 m giver en lang r\u00e6kke gyngemuligheder<br \/>\n\u2714 Takket v\u00e6re sine kompakte dimensioner passer den selv i en lille have, og dens h\u00f8jde p\u00e5 2,2 m giver mange forskellige svingmuligheder<br \/>\n\u2714 De justerbare reb &#8220;vokser&#8221; med dit barn, og fire jordankre sikrer stabilitet<br \/>\n\u2714 Justerbare reb &#8220;vokser&#8221; med dit barn, og fire jordankre sikrer stabilitet<\/p>\n<p>\u2714 Ideel til b\u00f8rn i alderen 3 til 10 \u00e5r, op til 50 kg. Egenskaber:<\/p>\n<p>&#8211; Alder 3\u201310<br \/>\n&#8211; Fremstillet af pulverlakeret st\u00e5l, galvaniseret indvendigt og udvendigt for langvarig korrosionsbeskyttelse<br \/>\n&#8211; Fremstillet af pulverlakeret st\u00e5l, galvaniseret indvendigt og udvendigt for langvarig korrosionsbeskyttelse<\/p>\n<p>&#8211; Bl\u00f8de PP-reb og en redeformet gynge lavet af vandt\u00e6t tekstilmateriale<br \/>\n&#8211; Justerbare reb fra 39 til 99 cm over jorden g\u00f8r det muligt for gyngen at &#8220;vokse&#8221; med dit barn<br \/>\n&#8211; Justerbare reb fra 39 til 99 cm over jorden g\u00f8r det muligt for gyngen at &#8220;vokse&#8221; med dit barn<\/p>\n<p>&#8211; Til op til 1 barn<br \/>\n&#8211; B\u00e6reevne op til 50 kg<br \/>\n&#8211; B\u00e6reevne op til 50 kg<\/p>\n<p>&#8211; Let at samle (kr\u00e6ver hj\u00e6lp fra en voksen)<\/p>\n<p>&#8211; Gynges\u00e6det diameter: \u00d8 120 cm<\/p>\n","protected":false},"excerpt":{"rendered":"<p>AXI gynge \u2013 sjov i mange \u00e5r fremover! \u2714 Robust gynge med rede-lignende s\u00e6de (\u00d8 120 cm) lavet af vandt\u00e6t materiale og pulverlakeret st\u00e5l \u2714 Takket v\u00e6re sine kompakte dimensioner passer den selv i en lille have, og dens h\u00f8jde p\u00e5 2,2 m giver en lang r\u00e6kke gyngemuligheder \u2714 Takket v\u00e6re sine kompakte dimensioner passer [&hellip;]<\/p>\n","protected":false},"featured_media":0,"comment_status":"open","ping_status":"closed","template":"","meta":[],"product_brand":[],"product_cat":[31],"product_tag":[],"class_list":{"0":"post-19854","1":"product","2":"type-product","3":"status-publish","5":"product_cat-uncategorized-da","7":"first","8":"instock","9":"shipping-taxable","10":"purchasable","11":"product-type-simple"},"_links":{"self":[{"href":"https:\/\/nordicmart.andreevmaster.com\/da\/wp-json\/wp\/v2\/product\/19854","targetHints":{"allow":["GET"]}}],"collection":[{"href":"https:\/\/nordicmart.andreevmaster.com\/da\/wp-json\/wp\/v2\/product"}],"about":[{"href":"https:\/\/nordicmart.andreevmaster.com\/da\/wp-json\/wp\/v2\/types\/product"}],"replies":[{"embeddable":true,"href":"https:\/\/nordicmart.andreevmaster.com\/da\/wp-json\/wp\/v2\/comments?post=19854"}],"wp:attachment":[{"href":"https:\/\/nordicmart.andreevmaster.com\/da\/wp-json\/wp\/v2\/media?parent=19854"}],"wp:term":[{"taxonomy":"product_brand","embeddable":true,"href":"https:\/\/nordicmart.andreevmaster.com\/da\/wp-json\/wp\/v2\/product_brand?post=19854"},{"taxonomy":"product_cat","embeddable":true,"href":"https:\/\/nordicmart.andreevmaster.com\/da\/wp-json\/wp\/v2\/product_cat?post=19854"},{"taxonomy":"product_tag","embeddable":true,"href":"https:\/\/nordicmart.andreevmaster.com\/da\/wp-json\/wp\/v2\/product_tag?post=19854"}],"curies":[{"name":"wp","href":"https:\/\/api.w.org\/{rel}","templated":true}]}}