{"id":19853,"date":"2026-02-27T00:06:48","date_gmt":"2026-02-27T00:06:48","guid":{"rendered":"https:\/\/nordicmart.andreevmaster.com\/product\/axi-dobbelt-metalkryds\/"},"modified":"2026-02-27T08:51:59","modified_gmt":"2026-02-27T08:51:59","slug":"axi-dobbelt-metalkryds","status":"publish","type":"product","link":"https:\/\/nordicmart.andreevmaster.com\/da\/vare\/axi-dobbelt-metalkryds\/","title":{"rendered":"Axi dobbelt metalkryds"},"content":{"rendered":"<p>S\u00e6ttet indeholder 4 forankringer, der sikrer en sikker fastg\u00f8relse af gyngen til jorden. S\u00e6derne er lavet af h\u00f8jkvalitets vejrbestandig og UV-bestandig plast. H\u00f8jden p\u00e5 hvert s\u00e6de kan justeres.<\/p>\n<p>Maksimal belastning: 50 kg pr. s\u00e6de (100 kg i alt)<\/p>\n<p>Gyngen er kun beregnet til privat brug.<\/p>\n","protected":false},"excerpt":{"rendered":"<p>S\u00e6ttet indeholder 4 forankringer, der sikrer en sikker fastg\u00f8relse af gyngen til jorden. S\u00e6derne er lavet af h\u00f8jkvalitets vejrbestandig og UV-bestandig plast. H\u00f8jden p\u00e5 hvert s\u00e6de kan justeres. Maksimal belastning: 50 kg pr. s\u00e6de (100 kg i alt) Gyngen er kun beregnet til privat brug.<\/p>\n","protected":false},"featured_media":0,"comment_status":"open","ping_status":"closed","template":"","meta":[],"product_brand":[],"product_cat":[31],"product_tag":[],"class_list":{"0":"post-19853","1":"product","2":"type-product","3":"status-publish","5":"product_cat-uncategorized-da","7":"first","8":"instock","9":"shipping-taxable","10":"purchasable","11":"product-type-simple"},"_links":{"self":[{"href":"https:\/\/nordicmart.andreevmaster.com\/da\/wp-json\/wp\/v2\/product\/19853","targetHints":{"allow":["GET"]}}],"collection":[{"href":"https:\/\/nordicmart.andreevmaster.com\/da\/wp-json\/wp\/v2\/product"}],"about":[{"href":"https:\/\/nordicmart.andreevmaster.com\/da\/wp-json\/wp\/v2\/types\/product"}],"replies":[{"embeddable":true,"href":"https:\/\/nordicmart.andreevmaster.com\/da\/wp-json\/wp\/v2\/comments?post=19853"}],"wp:attachment":[{"href":"https:\/\/nordicmart.andreevmaster.com\/da\/wp-json\/wp\/v2\/media?parent=19853"}],"wp:term":[{"taxonomy":"product_brand","embeddable":true,"href":"https:\/\/nordicmart.andreevmaster.com\/da\/wp-json\/wp\/v2\/product_brand?post=19853"},{"taxonomy":"product_cat","embeddable":true,"href":"https:\/\/nordicmart.andreevmaster.com\/da\/wp-json\/wp\/v2\/product_cat?post=19853"},{"taxonomy":"product_tag","embeddable":true,"href":"https:\/\/nordicmart.andreevmaster.com\/da\/wp-json\/wp\/v2\/product_tag?post=19853"}],"curies":[{"name":"wp","href":"https:\/\/api.w.org\/{rel}","templated":true}]}}