{"id":19852,"date":"2026-02-27T00:06:48","date_gmt":"2026-02-27T00:06:48","guid":{"rendered":"https:\/\/nordicmart.andreevmaster.com\/product\/axi-enkeltgynge-med-stor-ramme\/"},"modified":"2026-02-27T08:51:59","modified_gmt":"2026-02-27T08:51:59","slug":"axi-enkeltgynge-med-stor-ramme","status":"publish","type":"product","link":"https:\/\/nordicmart.andreevmaster.com\/da\/vare\/axi-enkeltgynge-med-stor-ramme\/","title":{"rendered":"AXI Enkeltgynge med stor ramme"},"content":{"rendered":"<p>En enkel metalkryds fra det kendte firma AXI giver b\u00f8rn afslapning og gl\u00e6de i deres fritid.<\/p>\n<p>\u2714 Den moderne, farverige ramme er vejrbestandig og robust, og takket v\u00e6re sin st\u00f8rrelse passer den selv i sm\u00e5 haver<\/p>\n<p>\u2714 Med en ekstra h\u00f8jde p\u00e5 n\u00e6sten 2,2 meter giver rammen en endnu st\u00f8rre kryds. Metalgangen er lavet af pulverlakeret st\u00e5l og er galvaniseret indvendigt og udvendigt. \u2714 For ekstra sikkerhed er gangen udstyret med fire jordankre, der skal s\u00e6ttes i beton i jorden. \u2714 Gangens s\u00e6der er lavet af PP-plast og er meget nemme at reng\u00f8re, s\u00e5 du kan svinge med det samme efter en let regnbyge. \u2714 Gangen vokser med dit barn takket v\u00e6re justerbare reb, hvilket sikrer en lang levetid.<\/p>\n<p>Egenskaber:<\/p>\n<p>* &#8211; Omtrentlige dimensioner (LxBxH) 140 x 210 x 217 (cm),<br \/>\n* &#8211; Fremstillet af pulverlakeret st\u00e5l, galvaniseret indvendigt og udvendigt, hvilket sikrer langvarig beskyttelse mod rust,<br \/>\n* &#8211; Bl\u00f8de PP-reb og to spr\u00f8jtest\u00f8bte PP-gynges\u00e6der af plast,<br \/>\n* &#8211; Justerbare reb fra 39 cm til 99 cm over jorden sikrer lang levetid,<br \/>\n* &#8211; Inkluderer 4 jordankre til fastg\u00f8relse i jorden,<br \/>\n* &#8211; Maksimal brugerv\u00e6gt 50 kg pr. gynges\u00e6de,<br \/>\n* &#8211; Nem montering (kr\u00e6ver opsyn af en voksen).<\/p>\n","protected":false},"excerpt":{"rendered":"<p>En enkel metalkryds fra det kendte firma AXI giver b\u00f8rn afslapning og gl\u00e6de i deres fritid. \u2714 Den moderne, farverige ramme er vejrbestandig og robust, og takket v\u00e6re sin st\u00f8rrelse passer den selv i sm\u00e5 haver \u2714 Med en ekstra h\u00f8jde p\u00e5 n\u00e6sten 2,2 meter giver rammen en endnu st\u00f8rre kryds. Metalgangen er lavet af [&hellip;]<\/p>\n","protected":false},"featured_media":0,"comment_status":"open","ping_status":"closed","template":"","meta":[],"product_brand":[],"product_cat":[31],"product_tag":[],"class_list":{"0":"post-19852","1":"product","2":"type-product","3":"status-publish","5":"product_cat-uncategorized-da","7":"first","8":"instock","9":"shipping-taxable","10":"purchasable","11":"product-type-simple"},"_links":{"self":[{"href":"https:\/\/nordicmart.andreevmaster.com\/da\/wp-json\/wp\/v2\/product\/19852","targetHints":{"allow":["GET"]}}],"collection":[{"href":"https:\/\/nordicmart.andreevmaster.com\/da\/wp-json\/wp\/v2\/product"}],"about":[{"href":"https:\/\/nordicmart.andreevmaster.com\/da\/wp-json\/wp\/v2\/types\/product"}],"replies":[{"embeddable":true,"href":"https:\/\/nordicmart.andreevmaster.com\/da\/wp-json\/wp\/v2\/comments?post=19852"}],"wp:attachment":[{"href":"https:\/\/nordicmart.andreevmaster.com\/da\/wp-json\/wp\/v2\/media?parent=19852"}],"wp:term":[{"taxonomy":"product_brand","embeddable":true,"href":"https:\/\/nordicmart.andreevmaster.com\/da\/wp-json\/wp\/v2\/product_brand?post=19852"},{"taxonomy":"product_cat","embeddable":true,"href":"https:\/\/nordicmart.andreevmaster.com\/da\/wp-json\/wp\/v2\/product_cat?post=19852"},{"taxonomy":"product_tag","embeddable":true,"href":"https:\/\/nordicmart.andreevmaster.com\/da\/wp-json\/wp\/v2\/product_tag?post=19852"}],"curies":[{"name":"wp","href":"https:\/\/api.w.org\/{rel}","templated":true}]}}