{"id":19850,"date":"2026-02-27T00:06:48","date_gmt":"2026-02-27T00:06:48","guid":{"rendered":"https:\/\/nordicmart.andreevmaster.com\/product\/traegynge-med-saeder-axi-gra-legeplads\/"},"modified":"2026-02-27T08:51:59","modified_gmt":"2026-02-27T08:51:59","slug":"traegynge-med-saeder-axi-gra-legeplads","status":"publish","type":"product","link":"https:\/\/nordicmart.andreevmaster.com\/da\/vare\/traegynge-med-saeder-axi-gra-legeplads\/","title":{"rendered":"Tr\u00e6gynge med s\u00e6der Axi Gr\u00e5 legeplads"},"content":{"rendered":"<p>Axi tr\u00e6gynge gr\u00e5 legeplads s\u00e6t Axi tr\u00e6gynge s\u00e6t best\u00e5r af to traditionelle gynger. Takket v\u00e6re den brede aldersgruppe af b\u00f8rn, der bruger gyngen, kan den give uforglemmelige \u00f8jeblikke med udend\u00f8rs motion, latter og sjov i mange \u00e5r fremover, ligesom alle andre Axi-produkter. Legepladsen er lavet af massivt tr\u00e6 af h\u00f8j kvalitet med metal- og plastelementer. Tr\u00e6gyngen er designet til selvmontering af de medf\u00f8lgende komponenter. Tr\u00e6elementerne i gyngen er FSC-certificerede, hvilket er et bevis p\u00e5 overholdelse af \u00f8kologiske principper i skovproduktionsprocesser og brug af tr\u00e6 fra vedvarende kilder.<\/p>\n","protected":false},"excerpt":{"rendered":"<p>Axi tr\u00e6gynge gr\u00e5 legeplads s\u00e6t Axi tr\u00e6gynge s\u00e6t best\u00e5r af to traditionelle gynger. Takket v\u00e6re den brede aldersgruppe af b\u00f8rn, der bruger gyngen, kan den give uforglemmelige \u00f8jeblikke med udend\u00f8rs motion, latter og sjov i mange \u00e5r fremover, ligesom alle andre Axi-produkter. Legepladsen er lavet af massivt tr\u00e6 af h\u00f8j kvalitet med metal- og plastelementer. [&hellip;]<\/p>\n","protected":false},"featured_media":0,"comment_status":"open","ping_status":"closed","template":"","meta":[],"product_brand":[],"product_cat":[31],"product_tag":[],"class_list":{"0":"post-19850","1":"product","2":"type-product","3":"status-publish","5":"product_cat-uncategorized-da","7":"first","8":"instock","9":"shipping-taxable","10":"purchasable","11":"product-type-simple"},"_links":{"self":[{"href":"https:\/\/nordicmart.andreevmaster.com\/da\/wp-json\/wp\/v2\/product\/19850","targetHints":{"allow":["GET"]}}],"collection":[{"href":"https:\/\/nordicmart.andreevmaster.com\/da\/wp-json\/wp\/v2\/product"}],"about":[{"href":"https:\/\/nordicmart.andreevmaster.com\/da\/wp-json\/wp\/v2\/types\/product"}],"replies":[{"embeddable":true,"href":"https:\/\/nordicmart.andreevmaster.com\/da\/wp-json\/wp\/v2\/comments?post=19850"}],"wp:attachment":[{"href":"https:\/\/nordicmart.andreevmaster.com\/da\/wp-json\/wp\/v2\/media?parent=19850"}],"wp:term":[{"taxonomy":"product_brand","embeddable":true,"href":"https:\/\/nordicmart.andreevmaster.com\/da\/wp-json\/wp\/v2\/product_brand?post=19850"},{"taxonomy":"product_cat","embeddable":true,"href":"https:\/\/nordicmart.andreevmaster.com\/da\/wp-json\/wp\/v2\/product_cat?post=19850"},{"taxonomy":"product_tag","embeddable":true,"href":"https:\/\/nordicmart.andreevmaster.com\/da\/wp-json\/wp\/v2\/product_tag?post=19850"}],"curies":[{"name":"wp","href":"https:\/\/api.w.org\/{rel}","templated":true}]}}