{"id":19846,"date":"2026-02-27T00:06:47","date_gmt":"2026-02-27T00:06:47","guid":{"rendered":"https:\/\/nordicmart.andreevmaster.com\/product\/falk-joskin-tankvogn-til-born-fra-3-ar\/"},"modified":"2026-02-27T08:51:58","modified_gmt":"2026-02-27T08:51:58","slug":"falk-joskin-tankvogn-til-born-fra-3-ar","status":"publish","type":"product","link":"https:\/\/nordicmart.andreevmaster.com\/da\/vare\/falk-joskin-tankvogn-til-born-fra-3-ar\/","title":{"rendered":"FALK Joskin tankvogn til b\u00f8rn fra 3 \u00e5r"},"content":{"rendered":"<p>Falk-vognen er fremstillet i Frankrig af materialer af h\u00f8j kvalitet under licens fra landbrugsmaskinproducenten Joskin. Hav det sjovt med at h\u00e6lde vand i den store tank og derefter vande dine afgr\u00f8der. Joskin-tankvognen passer til alle FALK-traktorer til b\u00f8rn fra 3 \u00e5r. Trailerhjulene er fremstillet af plast af h\u00f8j kvalitet. <\/p>\n<p>Egenskaber: <\/p>\n<p>* &#8211; til store traktorer til b\u00f8rn fra 3 \u00e5r,<br \/>\n* &#8211; 30 liters tank,<br \/>\n* &#8211; hane,<br \/>\n* &#8211; tud.<\/p>\n<p>Falk er en f\u00f8rende europ\u00e6isk producent af pedalbiler af h\u00f8j kvalitet. Virksomhedens sortiment omfatter traktorer med licens fra m\u00e6rker som Claas, Renault, McCormick, Kubota, Case IH og andre. Alle k\u00f8ret\u00f8jer er fremstillet i Frankrig af materialer af h\u00f8j kvalitet.<\/p>\n","protected":false},"excerpt":{"rendered":"<p>Falk-vognen er fremstillet i Frankrig af materialer af h\u00f8j kvalitet under licens fra landbrugsmaskinproducenten Joskin. Hav det sjovt med at h\u00e6lde vand i den store tank og derefter vande dine afgr\u00f8der. Joskin-tankvognen passer til alle FALK-traktorer til b\u00f8rn fra 3 \u00e5r. Trailerhjulene er fremstillet af plast af h\u00f8j kvalitet. Egenskaber: * &#8211; til store traktorer [&hellip;]<\/p>\n","protected":false},"featured_media":0,"comment_status":"open","ping_status":"closed","template":"","meta":[],"product_brand":[],"product_cat":[31],"product_tag":[],"class_list":{"0":"post-19846","1":"product","2":"type-product","3":"status-publish","5":"product_cat-uncategorized-da","7":"first","8":"instock","9":"shipping-taxable","10":"purchasable","11":"product-type-simple"},"_links":{"self":[{"href":"https:\/\/nordicmart.andreevmaster.com\/da\/wp-json\/wp\/v2\/product\/19846","targetHints":{"allow":["GET"]}}],"collection":[{"href":"https:\/\/nordicmart.andreevmaster.com\/da\/wp-json\/wp\/v2\/product"}],"about":[{"href":"https:\/\/nordicmart.andreevmaster.com\/da\/wp-json\/wp\/v2\/types\/product"}],"replies":[{"embeddable":true,"href":"https:\/\/nordicmart.andreevmaster.com\/da\/wp-json\/wp\/v2\/comments?post=19846"}],"wp:attachment":[{"href":"https:\/\/nordicmart.andreevmaster.com\/da\/wp-json\/wp\/v2\/media?parent=19846"}],"wp:term":[{"taxonomy":"product_brand","embeddable":true,"href":"https:\/\/nordicmart.andreevmaster.com\/da\/wp-json\/wp\/v2\/product_brand?post=19846"},{"taxonomy":"product_cat","embeddable":true,"href":"https:\/\/nordicmart.andreevmaster.com\/da\/wp-json\/wp\/v2\/product_cat?post=19846"},{"taxonomy":"product_tag","embeddable":true,"href":"https:\/\/nordicmart.andreevmaster.com\/da\/wp-json\/wp\/v2\/product_tag?post=19846"}],"curies":[{"name":"wp","href":"https:\/\/api.w.org\/{rel}","templated":true}]}}