{"id":19845,"date":"2026-02-27T00:06:47","date_gmt":"2026-02-27T00:06:47","guid":{"rendered":"https:\/\/nordicmart.andreevmaster.com\/product\/falk-claas-tankbil-3-7-ar\/"},"modified":"2026-02-27T08:51:58","modified_gmt":"2026-02-27T08:51:58","slug":"falk-claas-tankbil-3-7-ar","status":"publish","type":"product","link":"https:\/\/nordicmart.andreevmaster.com\/da\/vare\/falk-claas-tankbil-3-7-ar\/","title":{"rendered":"FALK Claas Tankbil 3-7 \u00e5r"},"content":{"rendered":"<p>Falk Claas Tankbil<\/p>\n<p>Claas tankbilen er fremstillet i Frankrig af materialer af h\u00f8j kvalitet og passer til alle Falk traktorer til b\u00f8rn i alderen 3 til 7 \u00e5r. N\u00e5r den er tilsluttet en Falk traktor, kan b\u00f8rnene nemt vande planter i haven, mens de har det sjovt! Leget\u00f8jet kombinerer leg med at l\u00e6re at passe planter, udvikle kreativitet og ansvarlighed.<\/p>\n<p>Egenskaber:<\/p>\n<p>* &#8211; Til b\u00f8rn i alderen 3 til 7 \u00e5r<br \/>\n* &#8211; Leget\u00f8jets m\u00e5l: 87 x 53 x 52 cm<br \/>\n* &#8211; Kan tilsluttes alle Falk-traktorer til b\u00f8rn i alderen 3 til 7 \u00e5r<br \/>\n* &#8211; Realistisk design inspireret af landbrugsmaskiner<\/p>\n<p>[img-126893-left-thickbox_default]<\/p>\n<p>[img-126892-left-thickbox_default]<\/p>\n<p>[img-126894-left-thickbox_default]<\/p>\n","protected":false},"excerpt":{"rendered":"<p>Falk Claas Tankbil Claas tankbilen er fremstillet i Frankrig af materialer af h\u00f8j kvalitet og passer til alle Falk traktorer til b\u00f8rn i alderen 3 til 7 \u00e5r. N\u00e5r den er tilsluttet en Falk traktor, kan b\u00f8rnene nemt vande planter i haven, mens de har det sjovt! Leget\u00f8jet kombinerer leg med at l\u00e6re at passe [&hellip;]<\/p>\n","protected":false},"featured_media":0,"comment_status":"open","ping_status":"closed","template":"","meta":[],"product_brand":[],"product_cat":[31],"product_tag":[],"class_list":{"0":"post-19845","1":"product","2":"type-product","3":"status-publish","5":"product_cat-uncategorized-da","7":"first","8":"instock","9":"shipping-taxable","10":"purchasable","11":"product-type-simple"},"_links":{"self":[{"href":"https:\/\/nordicmart.andreevmaster.com\/da\/wp-json\/wp\/v2\/product\/19845","targetHints":{"allow":["GET"]}}],"collection":[{"href":"https:\/\/nordicmart.andreevmaster.com\/da\/wp-json\/wp\/v2\/product"}],"about":[{"href":"https:\/\/nordicmart.andreevmaster.com\/da\/wp-json\/wp\/v2\/types\/product"}],"replies":[{"embeddable":true,"href":"https:\/\/nordicmart.andreevmaster.com\/da\/wp-json\/wp\/v2\/comments?post=19845"}],"wp:attachment":[{"href":"https:\/\/nordicmart.andreevmaster.com\/da\/wp-json\/wp\/v2\/media?parent=19845"}],"wp:term":[{"taxonomy":"product_brand","embeddable":true,"href":"https:\/\/nordicmart.andreevmaster.com\/da\/wp-json\/wp\/v2\/product_brand?post=19845"},{"taxonomy":"product_cat","embeddable":true,"href":"https:\/\/nordicmart.andreevmaster.com\/da\/wp-json\/wp\/v2\/product_cat?post=19845"},{"taxonomy":"product_tag","embeddable":true,"href":"https:\/\/nordicmart.andreevmaster.com\/da\/wp-json\/wp\/v2\/product_tag?post=19845"}],"curies":[{"name":"wp","href":"https:\/\/api.w.org\/{rel}","templated":true}]}}