{"id":19844,"date":"2026-02-27T00:06:46","date_gmt":"2026-02-27T00:06:46","guid":{"rendered":"https:\/\/nordicmart.andreevmaster.com\/product\/falk-claas-ride-on-traktor-med-trailer-laesser-og-skovl\/"},"modified":"2026-02-27T08:51:58","modified_gmt":"2026-02-27T08:51:58","slug":"falk-claas-ride-on-traktor-med-trailer-laesser-og-skovl","status":"publish","type":"product","link":"https:\/\/nordicmart.andreevmaster.com\/da\/vare\/falk-claas-ride-on-traktor-med-trailer-laesser-og-skovl\/","title":{"rendered":"FALK Claas Ride-On Traktor med Trailer, L\u00e6sser og Skovl"},"content":{"rendered":"<p>Class ride-on traktoren med trailer fra Falk er en dr\u00f8m, der g\u00e5r i opfyldelse for mange sm\u00e5 traktorf\u00f8rere. Omhyggeligt fremstillet med opm\u00e6rksomhed p\u00e5 selv de mindste detaljer. Ingen rigtig landmand ville afvise den. CLAAS-traktoren med skovl, l\u00e6sser og trailer er fremstillet af materialer af h\u00f8jeste kvalitet. K\u00f8ret\u00f8jet er beregnet til b\u00f8rn fra 12 m\u00e5neder. K\u00f8ret\u00f8jet er udstyret med en aftagelig trailer med paneler og et rat med horn.<\/p>\n<p>Egenskaber:<\/p>\n<p>* &#8211; Fra 12 m\u00e5neder<br \/>\n* &#8211; Maksimal belastning 25 kg<br \/>\n* &#8211; Horn i styret<br \/>\n* &#8211; Aftagelig trailer<br \/>\n* &#8211; Bev\u00e6gelig skovl<br \/>\n* &#8211; Styret foraksel<br \/>\n* &#8211; Hjul fremstillet af plast af h\u00f8j kvalitet<br \/>\n* &#8211; Stabil og sikker<br \/>\n* &#8211; Produkt til delvis samling<\/p>\n<p>S\u00e6ttet indeholder:<\/p>\n<p>* &#8211; Traktor med l\u00e6sser og skovl<br \/>\n* &#8211; Aftagelig trailer<\/p>\n<p>Leget\u00f8jet udvikler:<\/p>\n<p>* &#8211; Grovmotorik<br \/>\n* &#8211; Fantasi og kreativitet<br \/>\n* &#8211; Mod og selvtillid<\/p>\n","protected":false},"excerpt":{"rendered":"<p>Class ride-on traktoren med trailer fra Falk er en dr\u00f8m, der g\u00e5r i opfyldelse for mange sm\u00e5 traktorf\u00f8rere. Omhyggeligt fremstillet med opm\u00e6rksomhed p\u00e5 selv de mindste detaljer. Ingen rigtig landmand ville afvise den. CLAAS-traktoren med skovl, l\u00e6sser og trailer er fremstillet af materialer af h\u00f8jeste kvalitet. K\u00f8ret\u00f8jet er beregnet til b\u00f8rn fra 12 m\u00e5neder. K\u00f8ret\u00f8jet [&hellip;]<\/p>\n","protected":false},"featured_media":0,"comment_status":"open","ping_status":"closed","template":"","meta":[],"product_brand":[],"product_cat":[31],"product_tag":[],"class_list":{"0":"post-19844","1":"product","2":"type-product","3":"status-publish","5":"product_cat-uncategorized-da","7":"first","8":"instock","9":"shipping-taxable","10":"purchasable","11":"product-type-simple"},"_links":{"self":[{"href":"https:\/\/nordicmart.andreevmaster.com\/da\/wp-json\/wp\/v2\/product\/19844","targetHints":{"allow":["GET"]}}],"collection":[{"href":"https:\/\/nordicmart.andreevmaster.com\/da\/wp-json\/wp\/v2\/product"}],"about":[{"href":"https:\/\/nordicmart.andreevmaster.com\/da\/wp-json\/wp\/v2\/types\/product"}],"replies":[{"embeddable":true,"href":"https:\/\/nordicmart.andreevmaster.com\/da\/wp-json\/wp\/v2\/comments?post=19844"}],"wp:attachment":[{"href":"https:\/\/nordicmart.andreevmaster.com\/da\/wp-json\/wp\/v2\/media?parent=19844"}],"wp:term":[{"taxonomy":"product_brand","embeddable":true,"href":"https:\/\/nordicmart.andreevmaster.com\/da\/wp-json\/wp\/v2\/product_brand?post=19844"},{"taxonomy":"product_cat","embeddable":true,"href":"https:\/\/nordicmart.andreevmaster.com\/da\/wp-json\/wp\/v2\/product_cat?post=19844"},{"taxonomy":"product_tag","embeddable":true,"href":"https:\/\/nordicmart.andreevmaster.com\/da\/wp-json\/wp\/v2\/product_tag?post=19844"}],"curies":[{"name":"wp","href":"https:\/\/api.w.org\/{rel}","templated":true}]}}