{"id":19843,"date":"2026-02-27T00:06:46","date_gmt":"2026-02-27T00:06:46","guid":{"rendered":"https:\/\/nordicmart.andreevmaster.com\/product\/falk-ride-on-traktor-med-trailer-og-skovl\/"},"modified":"2026-02-27T08:51:58","modified_gmt":"2026-02-27T08:51:58","slug":"falk-ride-on-traktor-med-trailer-og-skovl","status":"publish","type":"product","link":"https:\/\/nordicmart.andreevmaster.com\/da\/vare\/falk-ride-on-traktor-med-trailer-og-skovl\/","title":{"rendered":"FALK Ride-on traktor med trailer og skovl"},"content":{"rendered":"<p>Class-traktoren med p\u00e5h\u00e6ngsvogn fra Falk er en dr\u00f8m, der g\u00e5r i opfyldelse for mange sm\u00e5 traktorf\u00f8rere. Omhyggeligt fremstillet med opm\u00e6rksomhed p\u00e5 selv de mindste detaljer. Ingen rigtig landmand ville afvise den. CLAAS-traktoren med skovl og p\u00e5h\u00e6ngsvogn er fremstillet af materialer af h\u00f8jeste kvalitet. K\u00f8ret\u00f8jet er designet til b\u00f8rn fra 12 m\u00e5neder. K\u00f8ret\u00f8jet er udstyret med en aftagelig p\u00e5h\u00e6ngsvogn med paneler og et rat med horn.<br \/>\nEgenskaber:<br \/>\n* &#8211; fra 12 m\u00e5neder,<br \/>\n* &#8211; maksimal belastning 25 kg,<br \/>\n* &#8211; horn i rattet,<br \/>\n* &#8211; aftagelig trailer<br \/>\n* &#8211; bev\u00e6gelig skovl<br \/>\n* &#8211; drejelig foraksel,* &#8211; hjul af h\u00f8jkvalitetsplast,<br \/>\n* &#8211; stabil og sikker,<br \/>\n* &#8211; produktet kr\u00e6ver delvis samling.<\/p>\n","protected":false},"excerpt":{"rendered":"<p>Class-traktoren med p\u00e5h\u00e6ngsvogn fra Falk er en dr\u00f8m, der g\u00e5r i opfyldelse for mange sm\u00e5 traktorf\u00f8rere. Omhyggeligt fremstillet med opm\u00e6rksomhed p\u00e5 selv de mindste detaljer. Ingen rigtig landmand ville afvise den. CLAAS-traktoren med skovl og p\u00e5h\u00e6ngsvogn er fremstillet af materialer af h\u00f8jeste kvalitet. K\u00f8ret\u00f8jet er designet til b\u00f8rn fra 12 m\u00e5neder. K\u00f8ret\u00f8jet er udstyret med [&hellip;]<\/p>\n","protected":false},"featured_media":0,"comment_status":"open","ping_status":"closed","template":"","meta":[],"product_brand":[],"product_cat":[31],"product_tag":[],"class_list":{"0":"post-19843","1":"product","2":"type-product","3":"status-publish","5":"product_cat-uncategorized-da","7":"first","8":"instock","9":"shipping-taxable","10":"purchasable","11":"product-type-simple"},"_links":{"self":[{"href":"https:\/\/nordicmart.andreevmaster.com\/da\/wp-json\/wp\/v2\/product\/19843","targetHints":{"allow":["GET"]}}],"collection":[{"href":"https:\/\/nordicmart.andreevmaster.com\/da\/wp-json\/wp\/v2\/product"}],"about":[{"href":"https:\/\/nordicmart.andreevmaster.com\/da\/wp-json\/wp\/v2\/types\/product"}],"replies":[{"embeddable":true,"href":"https:\/\/nordicmart.andreevmaster.com\/da\/wp-json\/wp\/v2\/comments?post=19843"}],"wp:attachment":[{"href":"https:\/\/nordicmart.andreevmaster.com\/da\/wp-json\/wp\/v2\/media?parent=19843"}],"wp:term":[{"taxonomy":"product_brand","embeddable":true,"href":"https:\/\/nordicmart.andreevmaster.com\/da\/wp-json\/wp\/v2\/product_brand?post=19843"},{"taxonomy":"product_cat","embeddable":true,"href":"https:\/\/nordicmart.andreevmaster.com\/da\/wp-json\/wp\/v2\/product_cat?post=19843"},{"taxonomy":"product_tag","embeddable":true,"href":"https:\/\/nordicmart.andreevmaster.com\/da\/wp-json\/wp\/v2\/product_tag?post=19843"}],"curies":[{"name":"wp","href":"https:\/\/api.w.org\/{rel}","templated":true}]}}