{"id":19842,"date":"2026-02-27T00:06:46","date_gmt":"2026-02-27T00:06:46","guid":{"rendered":"https:\/\/nordicmart.andreevmaster.com\/product\/falk-marcel-2-i-1-gavogn-ride-on-gravemaskine\/"},"modified":"2026-02-27T08:51:58","modified_gmt":"2026-02-27T08:51:58","slug":"falk-marcel-2-i-1-gavogn-ride-on-gravemaskine","status":"publish","type":"product","link":"https:\/\/nordicmart.andreevmaster.com\/da\/vare\/falk-marcel-2-i-1-gavogn-ride-on-gravemaskine\/","title":{"rendered":"FALK Marcel 2-i-1 g\u00e5vogn\/ride-on gravemaskine"},"content":{"rendered":"<p>Marcel ride-on gravemaskinen fra FALK er det f\u00f8rste kompakte k\u00f8ret\u00f8j med en fungerende frontskovl, rat med horn og praktisk skubbeh\u00e5ndtag, der inviterer b\u00f8rn fra 12 m\u00e5neder og opefter til at lege inde og ude. Den stabile konstruktion og gennemt\u00e6nkte detaljer \u2013 s\u00e5som en klikn\u00f8gle, drejeligt rat og opbevaringsrum under s\u00e6det \u2013 g\u00f8r hver tur til en kombination af bev\u00e6gelse og rollespil.<\/p>\n<p>Funktioner:<\/p>\n<p>* &#8211; Til b\u00f8rn fra 1 \u00e5r<br \/>\n* &#8211; Maksimal belastning 25 kg<br \/>\n* &#8211; Fremstillet af materialer af h\u00f8j kvalitet<br \/>\n* &#8211; Funktionel frontskovl til at samle og t\u00f8mme sm\u00e5 genstande<br \/>\n* &#8211; Rat med horn og klikn\u00f8gle<br \/>\n* &#8211; H\u00e5ndtag til at l\u00e6re at g\u00e5, der g\u00f8r det lettere at skubbe k\u00f8ret\u00f8jet<br \/>\n* &#8211; Opbevaringsrum under s\u00e6det til den lille f\u00f8rers skatte<\/p>\n<p>S\u00e6ttet indeholder:<\/p>\n<p>* &#8211; Marcel-k\u00f8ret\u00f8j<br \/>\n* &#8211; Frontl\u00e6sser<br \/>\n* &#8211; Bagh\u00e5ndtag til at skubbe\/l\u00e6re at g\u00e5<\/p>\n<p>Leget\u00f8jet udvikler:<\/p>\n<p>* &#8211; Motoriske f\u00e6rdigheder<br \/>\n* &#8211; Fantasi<br \/>\n* &#8211; Kreativitet<\/p>\n","protected":false},"excerpt":{"rendered":"<p>Marcel ride-on gravemaskinen fra FALK er det f\u00f8rste kompakte k\u00f8ret\u00f8j med en fungerende frontskovl, rat med horn og praktisk skubbeh\u00e5ndtag, der inviterer b\u00f8rn fra 12 m\u00e5neder og opefter til at lege inde og ude. Den stabile konstruktion og gennemt\u00e6nkte detaljer \u2013 s\u00e5som en klikn\u00f8gle, drejeligt rat og opbevaringsrum under s\u00e6det \u2013 g\u00f8r hver tur til [&hellip;]<\/p>\n","protected":false},"featured_media":0,"comment_status":"open","ping_status":"closed","template":"","meta":[],"product_brand":[],"product_cat":[31],"product_tag":[],"class_list":{"0":"post-19842","1":"product","2":"type-product","3":"status-publish","5":"product_cat-uncategorized-da","7":"first","8":"instock","9":"shipping-taxable","10":"purchasable","11":"product-type-simple"},"_links":{"self":[{"href":"https:\/\/nordicmart.andreevmaster.com\/da\/wp-json\/wp\/v2\/product\/19842","targetHints":{"allow":["GET"]}}],"collection":[{"href":"https:\/\/nordicmart.andreevmaster.com\/da\/wp-json\/wp\/v2\/product"}],"about":[{"href":"https:\/\/nordicmart.andreevmaster.com\/da\/wp-json\/wp\/v2\/types\/product"}],"replies":[{"embeddable":true,"href":"https:\/\/nordicmart.andreevmaster.com\/da\/wp-json\/wp\/v2\/comments?post=19842"}],"wp:attachment":[{"href":"https:\/\/nordicmart.andreevmaster.com\/da\/wp-json\/wp\/v2\/media?parent=19842"}],"wp:term":[{"taxonomy":"product_brand","embeddable":true,"href":"https:\/\/nordicmart.andreevmaster.com\/da\/wp-json\/wp\/v2\/product_brand?post=19842"},{"taxonomy":"product_cat","embeddable":true,"href":"https:\/\/nordicmart.andreevmaster.com\/da\/wp-json\/wp\/v2\/product_cat?post=19842"},{"taxonomy":"product_tag","embeddable":true,"href":"https:\/\/nordicmart.andreevmaster.com\/da\/wp-json\/wp\/v2\/product_tag?post=19842"}],"curies":[{"name":"wp","href":"https:\/\/api.w.org\/{rel}","templated":true}]}}