{"id":19840,"date":"2026-02-27T00:06:45","date_gmt":"2026-02-27T00:06:45","guid":{"rendered":"https:\/\/nordicmart.andreevmaster.com\/product\/falk-scooter-strada-retro-koretoj-til-piger-stille-daek-fra-1-ar\/"},"modified":"2026-02-27T08:51:57","modified_gmt":"2026-02-27T08:51:57","slug":"falk-scooter-strada-retro-koretoj-til-piger-stille-daek-fra-1-ar","status":"publish","type":"product","link":"https:\/\/nordicmart.andreevmaster.com\/da\/vare\/falk-scooter-strada-retro-koretoj-til-piger-stille-daek-fra-1-ar\/","title":{"rendered":"FALK Scooter Strada Retro k\u00f8ret\u00f8j til piger Stille d\u00e6k fra 1 \u00e5r"},"content":{"rendered":"<p>Med dette retro-inspirerede ride-on leget\u00f8j ser Falk tilbage p\u00e5 sin historie ved at opdatere et af sine flagskibsprodukter fra 1970&#8217;erne. Den nye version passer perfekt ind i nutiden takket v\u00e6re sine trendy farver og design. Udstyret med store hjul, der giver dit barn den stabilitet, det har brug for til at udvikle sig, vil din lille ogs\u00e5 \u00f8ve sin balance og motoriske f\u00e6rdigheder. Deres elastomerbel\u00e6gning g\u00f8r dem mere modstandsdygtige over for ridser og andre skader. Leget\u00f8jet k\u00f8rer som en rigtig scooter takket v\u00e6re det lille rat, der ogs\u00e5 har en horn, s\u00e5 legetiden bliver endnu sjovere for dit barn. <\/p>\n<p>Funktioner: <\/p>\n<p>* &#8211; Til b\u00f8rn fra 1 \u00e5r<br \/>\n* &#8211; Maksimal belastning op til 25 kg<br \/>\n* &#8211; Leget\u00f8j i retrostil<br \/>\n* &#8211; Har st\u00f8jsvage hjul<br \/>\n* &#8211; D\u00e6kket med en elastomerbel\u00e6gning<br \/>\n* &#8211; Brede hjul for en f\u00f8lelse af sikkerhed<br \/>\n* &#8211; Horn i rattet<\/p>\n<p>Leget\u00f8jet udvikler:<\/p>\n<p>* &#8211; Grovmotorik og fysisk kondition<br \/>\n* &#8211; Motorisk koordination og balance<br \/>\n* &#8211; Rumlig orientering<br \/>\n* &#8211; Selvtillid<\/p>\n","protected":false},"excerpt":{"rendered":"<p>Med dette retro-inspirerede ride-on leget\u00f8j ser Falk tilbage p\u00e5 sin historie ved at opdatere et af sine flagskibsprodukter fra 1970&#8217;erne. Den nye version passer perfekt ind i nutiden takket v\u00e6re sine trendy farver og design. Udstyret med store hjul, der giver dit barn den stabilitet, det har brug for til at udvikle sig, vil din [&hellip;]<\/p>\n","protected":false},"featured_media":0,"comment_status":"open","ping_status":"closed","template":"","meta":[],"product_brand":[],"product_cat":[31],"product_tag":[],"class_list":{"0":"post-19840","1":"product","2":"type-product","3":"status-publish","5":"product_cat-uncategorized-da","7":"first","8":"instock","9":"shipping-taxable","10":"purchasable","11":"product-type-simple"},"_links":{"self":[{"href":"https:\/\/nordicmart.andreevmaster.com\/da\/wp-json\/wp\/v2\/product\/19840","targetHints":{"allow":["GET"]}}],"collection":[{"href":"https:\/\/nordicmart.andreevmaster.com\/da\/wp-json\/wp\/v2\/product"}],"about":[{"href":"https:\/\/nordicmart.andreevmaster.com\/da\/wp-json\/wp\/v2\/types\/product"}],"replies":[{"embeddable":true,"href":"https:\/\/nordicmart.andreevmaster.com\/da\/wp-json\/wp\/v2\/comments?post=19840"}],"wp:attachment":[{"href":"https:\/\/nordicmart.andreevmaster.com\/da\/wp-json\/wp\/v2\/media?parent=19840"}],"wp:term":[{"taxonomy":"product_brand","embeddable":true,"href":"https:\/\/nordicmart.andreevmaster.com\/da\/wp-json\/wp\/v2\/product_brand?post=19840"},{"taxonomy":"product_cat","embeddable":true,"href":"https:\/\/nordicmart.andreevmaster.com\/da\/wp-json\/wp\/v2\/product_cat?post=19840"},{"taxonomy":"product_tag","embeddable":true,"href":"https:\/\/nordicmart.andreevmaster.com\/da\/wp-json\/wp\/v2\/product_tag?post=19840"}],"curies":[{"name":"wp","href":"https:\/\/api.w.org\/{rel}","templated":true}]}}