{"id":19839,"date":"2026-02-27T00:06:45","date_gmt":"2026-02-27T00:06:45","guid":{"rendered":"https:\/\/nordicmart.andreevmaster.com\/product\/falk-scooter-strada-retro-quiet-tires-fra-1-ar\/"},"modified":"2026-02-27T08:51:57","modified_gmt":"2026-02-27T08:51:57","slug":"falk-scooter-strada-retro-quiet-tires-fra-1-ar","status":"publish","type":"product","link":"https:\/\/nordicmart.andreevmaster.com\/da\/vare\/falk-scooter-strada-retro-quiet-tires-fra-1-ar\/","title":{"rendered":"FALK Scooter Strada Retro Quiet Tires fra 1 \u00e5r"},"content":{"rendered":"<p>Med dette leget\u00f8j i retrostil ser Falk tilbage p\u00e5 sin historie ved at opdatere et af sine flagskibsprodukter fra 1970&#8217;erne. Den nye version passer perfekt ind i nutiden takket v\u00e6re sine trendy farver og design. Udstyret med store hjul, der giver dit barn den stabilitet, det har brug for til at udvikle sig, vil din lille ogs\u00e5 \u00f8ve sin balance og motoriske f\u00e6rdigheder. Deres elastomerbel\u00e6gning g\u00f8r dem mere modstandsdygtige over for ridser og andre skader. K\u00f8ret\u00f8jet h\u00e5ndteres som en rigtig scooter takket v\u00e6re det lille rat, der har en horn, der g\u00f8r det endnu sjovere. <\/p>\n<p>Egenskaber:<\/p>\n<p>* &#8211; til b\u00f8rn fra 1 \u00e5r,<br \/>\n* &#8211; maksimal belastning op til 25 kg,<br \/>\n* &#8211; k\u00f8ret\u00f8j i retrostil,<br \/>\n* &#8211; har st\u00f8jsvage hjul,* &#8211; d\u00e6kket med en elastomerbel\u00e6gning,<br \/>\n* &#8211; brede hjul for en f\u00f8lelse af sikkerhed,<br \/>\n* &#8211; horn i rattet.<\/p>\n<p>Falk er en f\u00f8rende europ\u00e6isk producent af pedalbiler af h\u00f8j kvalitet. Virksomhedens produktsortiment omfatter traktorer, der er licenseret af m\u00e6rker som Claas, Renault, McCormick, Kubota, Case IH og andre. Alle k\u00f8ret\u00f8jer er fremstillet i Frankrig af materialer af h\u00f8j kvalitet.<\/p>\n","protected":false},"excerpt":{"rendered":"<p>Med dette leget\u00f8j i retrostil ser Falk tilbage p\u00e5 sin historie ved at opdatere et af sine flagskibsprodukter fra 1970&#8217;erne. Den nye version passer perfekt ind i nutiden takket v\u00e6re sine trendy farver og design. Udstyret med store hjul, der giver dit barn den stabilitet, det har brug for til at udvikle sig, vil din [&hellip;]<\/p>\n","protected":false},"featured_media":0,"comment_status":"open","ping_status":"closed","template":"","meta":[],"product_brand":[],"product_cat":[31],"product_tag":[],"class_list":{"0":"post-19839","1":"product","2":"type-product","3":"status-publish","5":"product_cat-uncategorized-da","7":"first","8":"instock","9":"shipping-taxable","10":"product-type-simple"},"_links":{"self":[{"href":"https:\/\/nordicmart.andreevmaster.com\/da\/wp-json\/wp\/v2\/product\/19839","targetHints":{"allow":["GET"]}}],"collection":[{"href":"https:\/\/nordicmart.andreevmaster.com\/da\/wp-json\/wp\/v2\/product"}],"about":[{"href":"https:\/\/nordicmart.andreevmaster.com\/da\/wp-json\/wp\/v2\/types\/product"}],"replies":[{"embeddable":true,"href":"https:\/\/nordicmart.andreevmaster.com\/da\/wp-json\/wp\/v2\/comments?post=19839"}],"wp:attachment":[{"href":"https:\/\/nordicmart.andreevmaster.com\/da\/wp-json\/wp\/v2\/media?parent=19839"}],"wp:term":[{"taxonomy":"product_brand","embeddable":true,"href":"https:\/\/nordicmart.andreevmaster.com\/da\/wp-json\/wp\/v2\/product_brand?post=19839"},{"taxonomy":"product_cat","embeddable":true,"href":"https:\/\/nordicmart.andreevmaster.com\/da\/wp-json\/wp\/v2\/product_cat?post=19839"},{"taxonomy":"product_tag","embeddable":true,"href":"https:\/\/nordicmart.andreevmaster.com\/da\/wp-json\/wp\/v2\/product_tag?post=19839"}],"curies":[{"name":"wp","href":"https:\/\/api.w.org\/{rel}","templated":true}]}}