{"id":19838,"date":"2026-02-27T00:06:45","date_gmt":"2026-02-27T00:06:45","guid":{"rendered":"https:\/\/nordicmart.andreevmaster.com\/product\/little-tikes-cozy-coupe-bluey-ride-on-toy-2\/"},"modified":"2026-02-27T08:51:57","modified_gmt":"2026-02-27T08:51:57","slug":"little-tikes-cozy-coupe-bluey-ride-on-toy-2","status":"publish","type":"product","link":"https:\/\/nordicmart.andreevmaster.com\/da\/vare\/little-tikes-cozy-coupe-bluey-ride-on-toy-2\/","title":{"rendered":"Little Tikes Cozy Coupe Bluey Ride-On Toy"},"content":{"rendered":"<p>Little Tikes Cozy Coupe Bluey er et farverigt leget\u00f8j, der kan k\u00f8res p\u00e5, inspireret af den popul\u00e6re tegneserie Bluey. Den klassiske Cozy Coupe-silhuet kombineret med de farver og detaljer, der er kendt fra serien, vil gl\u00e6de alle sm\u00e5 fans af dette eventyr. Den holdbare konstruktion og den maksimale belastningskapacitet p\u00e5 22,68 kg g\u00f8r k\u00f8ret\u00f8jet ideelt til b\u00f8rn fra 18 m\u00e5neder. Det er perfekt til b\u00e5de indend\u00f8rs og udend\u00f8rs brug, giver aktiv leg og underst\u00f8tter sm\u00e5b\u00f8rns motoriske udvikling.<\/p>\n<p>Funktioner<\/p>\n<p>* Officielt Bluey-tema \u2013 originale farver og tryk<br \/>\n* Alder: fra 18 m\u00e5neder<br \/>\n* Maksimal belastning: 23 kg<br \/>\n* Holdbart og skadesresistent materiale<br \/>\n* Farver: turkis, gul og lilla<br \/>\n* Kan bruges indend\u00f8rs og udend\u00f8rs<\/p>\n<p>Interaktive funktioner<\/p>\n<p>* Horn med 9 lyde fra serien \u2013 tilf\u00f8jer realisme og sjov<br \/>\n* Ekstra tilbeh\u00f8r: bedstemors briller og en d\u00e5se baked beans<br \/>\n* Perfekt til kreativt rollespil<\/p>\n<p>Leget\u00f8jet udvikler<\/p>\n<p>* Motorisk koordination og balance<br \/>\n* Muskelstyrke og smidighed ved at skubbe fra med benene<br \/>\n* Kreativitet og fantasi<br \/>\n* Sociale f\u00e6rdigheder gennem leg sammen<\/p>\n","protected":false},"excerpt":{"rendered":"<p>Little Tikes Cozy Coupe Bluey er et farverigt leget\u00f8j, der kan k\u00f8res p\u00e5, inspireret af den popul\u00e6re tegneserie Bluey. Den klassiske Cozy Coupe-silhuet kombineret med de farver og detaljer, der er kendt fra serien, vil gl\u00e6de alle sm\u00e5 fans af dette eventyr. Den holdbare konstruktion og den maksimale belastningskapacitet p\u00e5 22,68 kg g\u00f8r k\u00f8ret\u00f8jet ideelt [&hellip;]<\/p>\n","protected":false},"featured_media":0,"comment_status":"open","ping_status":"closed","template":"","meta":[],"product_brand":[],"product_cat":[31],"product_tag":[],"class_list":{"0":"post-19838","1":"product","2":"type-product","3":"status-publish","5":"product_cat-uncategorized-da","7":"first","8":"instock","9":"shipping-taxable","10":"purchasable","11":"product-type-simple"},"_links":{"self":[{"href":"https:\/\/nordicmart.andreevmaster.com\/da\/wp-json\/wp\/v2\/product\/19838","targetHints":{"allow":["GET"]}}],"collection":[{"href":"https:\/\/nordicmart.andreevmaster.com\/da\/wp-json\/wp\/v2\/product"}],"about":[{"href":"https:\/\/nordicmart.andreevmaster.com\/da\/wp-json\/wp\/v2\/types\/product"}],"replies":[{"embeddable":true,"href":"https:\/\/nordicmart.andreevmaster.com\/da\/wp-json\/wp\/v2\/comments?post=19838"}],"wp:attachment":[{"href":"https:\/\/nordicmart.andreevmaster.com\/da\/wp-json\/wp\/v2\/media?parent=19838"}],"wp:term":[{"taxonomy":"product_brand","embeddable":true,"href":"https:\/\/nordicmart.andreevmaster.com\/da\/wp-json\/wp\/v2\/product_brand?post=19838"},{"taxonomy":"product_cat","embeddable":true,"href":"https:\/\/nordicmart.andreevmaster.com\/da\/wp-json\/wp\/v2\/product_cat?post=19838"},{"taxonomy":"product_tag","embeddable":true,"href":"https:\/\/nordicmart.andreevmaster.com\/da\/wp-json\/wp\/v2\/product_tag?post=19838"}],"curies":[{"name":"wp","href":"https:\/\/api.w.org\/{rel}","templated":true}]}}