{"id":19837,"date":"2026-02-27T00:06:45","date_gmt":"2026-02-27T00:06:45","guid":{"rendered":"https:\/\/nordicmart.andreevmaster.com\/product\/little-tikes-cozy-coupe-ride-on-toy-space-rover-2\/"},"modified":"2026-02-27T08:51:57","modified_gmt":"2026-02-27T08:51:57","slug":"little-tikes-cozy-coupe-ride-on-toy-space-rover-2","status":"publish","type":"product","link":"https:\/\/nordicmart.andreevmaster.com\/da\/vare\/little-tikes-cozy-coupe-ride-on-toy-space-rover-2\/","title":{"rendered":"LITTLE TIKES Cozy Coupe Ride-On Toy \u2013 Space Rover"},"content":{"rendered":"<p>G\u00f8r dig klar til et intergalaktisk eventyr! Den ikoniske Cozy Coupe i en rumversion fra Little Tikes er et leget\u00f8j, der transporterer dit barn ind i en verden af fantasi, aktiv leg og f\u00f8rste rejser. Den er perfekt til at k\u00f8re p\u00e5 hjemme og i haven og er fyldt med funktioner, der sikrer sikkerhed og gl\u00e6de for sm\u00e5b\u00f8rn fra 18 m\u00e5neder.<\/p>\n<p>Funktioner:<\/p>\n<p>* H\u00e5ndtag bagp\u00e5 \u2013 kan skubbes af en for\u00e6lder<br \/>\n* Aftageligt gulv \u2013 dit barn kan k\u00f8re selv ved at skubbe fra med f\u00f8dderne<br \/>\n* H\u00f8j rygl\u00e6n og behageligt s\u00e6de for en komfortabel k\u00f8reoplevelse<br \/>\n* Rat med horn og interaktive detaljer med rumtema<br \/>\n* Sided\u00f8re med l\u00e5se \u2013 sikkerhed under leg<br \/>\n* Robust konstruktion \u2013 til indend\u00f8rs og udend\u00f8rs brug<br \/>\n* Udvikler dit barns motoriske f\u00e6rdigheder og fantasi<\/p>\n<p>Leget\u00f8jet udvikler<\/p>\n<p>* Grovmotoriske f\u00e6rdigheder og koordination<br \/>\n* Fantasi og kreativitet \u2013 barnet leger, at det er en lille astronaut<br \/>\n* Uafh\u00e6ngighed og selvtillid under k\u00f8rslen<br \/>\n* Gruppeleg og social interaktion<\/p>\n","protected":false},"excerpt":{"rendered":"<p>G\u00f8r dig klar til et intergalaktisk eventyr! Den ikoniske Cozy Coupe i en rumversion fra Little Tikes er et leget\u00f8j, der transporterer dit barn ind i en verden af fantasi, aktiv leg og f\u00f8rste rejser. Den er perfekt til at k\u00f8re p\u00e5 hjemme og i haven og er fyldt med funktioner, der sikrer sikkerhed og [&hellip;]<\/p>\n","protected":false},"featured_media":0,"comment_status":"open","ping_status":"closed","template":"","meta":[],"product_brand":[],"product_cat":[31],"product_tag":[],"class_list":{"0":"post-19837","1":"product","2":"type-product","3":"status-publish","5":"product_cat-uncategorized-da","7":"first","8":"instock","9":"shipping-taxable","10":"purchasable","11":"product-type-simple"},"_links":{"self":[{"href":"https:\/\/nordicmart.andreevmaster.com\/da\/wp-json\/wp\/v2\/product\/19837","targetHints":{"allow":["GET"]}}],"collection":[{"href":"https:\/\/nordicmart.andreevmaster.com\/da\/wp-json\/wp\/v2\/product"}],"about":[{"href":"https:\/\/nordicmart.andreevmaster.com\/da\/wp-json\/wp\/v2\/types\/product"}],"replies":[{"embeddable":true,"href":"https:\/\/nordicmart.andreevmaster.com\/da\/wp-json\/wp\/v2\/comments?post=19837"}],"wp:attachment":[{"href":"https:\/\/nordicmart.andreevmaster.com\/da\/wp-json\/wp\/v2\/media?parent=19837"}],"wp:term":[{"taxonomy":"product_brand","embeddable":true,"href":"https:\/\/nordicmart.andreevmaster.com\/da\/wp-json\/wp\/v2\/product_brand?post=19837"},{"taxonomy":"product_cat","embeddable":true,"href":"https:\/\/nordicmart.andreevmaster.com\/da\/wp-json\/wp\/v2\/product_cat?post=19837"},{"taxonomy":"product_tag","embeddable":true,"href":"https:\/\/nordicmart.andreevmaster.com\/da\/wp-json\/wp\/v2\/product_tag?post=19837"}],"curies":[{"name":"wp","href":"https:\/\/api.w.org\/{rel}","templated":true}]}}