{"id":19836,"date":"2026-02-27T00:06:45","date_gmt":"2026-02-27T00:06:45","guid":{"rendered":"https:\/\/nordicmart.andreevmaster.com\/product\/little-tikes-cozy-coupe-pink-shopping-cart-2\/"},"modified":"2026-02-27T08:51:56","modified_gmt":"2026-02-27T08:51:56","slug":"little-tikes-cozy-coupe-pink-shopping-cart-2","status":"publish","type":"product","link":"https:\/\/nordicmart.andreevmaster.com\/da\/vare\/little-tikes-cozy-coupe-pink-shopping-cart-2\/","title":{"rendered":"Little Tikes Cozy Coupe Pink Shopping Cart"},"content":{"rendered":"<p>* Little Tikes Cozy Coupe indk\u00f8bsvogn til b\u00f8rn i pink.<br \/>\n* Komfortabelt, ergonomisk h\u00e5ndtag designet til sm\u00e5 b\u00f8rn.<br \/>\n* Leget\u00f8jet kan ogs\u00e5 bruges som klapvogn til dukker eller udstoppede dyr, og den komfortable kurv kan rumme selv meget store indk\u00f8b.<\/p>\n<p>Pakke m\u00e5l: 55 x 47 x 26 cm.<\/p>\n<p>Little Tikes-produkter er kendt og elsket p\u00e5 alle kontinenter, i mange hjem blandt utallige smilende b\u00f8rn og tilfredse for\u00e6ldre. Med b\u00f8rns sikkerhed for \u00f8je fremstiller Little Tikes produkter, der garanterer alle n\u00f8dvendige sikkerhedsstandarder. Med produktets holdbarhed for \u00f8je er leget\u00f8jet designet og fremstillet ved hj\u00e6lp af den mest passende teknologi, &#8220;rotomolding&#8221;, der garanterer mange \u00e5rs sjov.<\/p>\n","protected":false},"excerpt":{"rendered":"<p>* Little Tikes Cozy Coupe indk\u00f8bsvogn til b\u00f8rn i pink. * Komfortabelt, ergonomisk h\u00e5ndtag designet til sm\u00e5 b\u00f8rn. * Leget\u00f8jet kan ogs\u00e5 bruges som klapvogn til dukker eller udstoppede dyr, og den komfortable kurv kan rumme selv meget store indk\u00f8b. Pakke m\u00e5l: 55 x 47 x 26 cm. Little Tikes-produkter er kendt og elsket p\u00e5 [&hellip;]<\/p>\n","protected":false},"featured_media":0,"comment_status":"open","ping_status":"closed","template":"","meta":[],"product_brand":[],"product_cat":[31],"product_tag":[],"class_list":{"0":"post-19836","1":"product","2":"type-product","3":"status-publish","5":"product_cat-uncategorized-da","7":"first","8":"instock","9":"shipping-taxable","10":"purchasable","11":"product-type-simple"},"_links":{"self":[{"href":"https:\/\/nordicmart.andreevmaster.com\/da\/wp-json\/wp\/v2\/product\/19836","targetHints":{"allow":["GET"]}}],"collection":[{"href":"https:\/\/nordicmart.andreevmaster.com\/da\/wp-json\/wp\/v2\/product"}],"about":[{"href":"https:\/\/nordicmart.andreevmaster.com\/da\/wp-json\/wp\/v2\/types\/product"}],"replies":[{"embeddable":true,"href":"https:\/\/nordicmart.andreevmaster.com\/da\/wp-json\/wp\/v2\/comments?post=19836"}],"wp:attachment":[{"href":"https:\/\/nordicmart.andreevmaster.com\/da\/wp-json\/wp\/v2\/media?parent=19836"}],"wp:term":[{"taxonomy":"product_brand","embeddable":true,"href":"https:\/\/nordicmart.andreevmaster.com\/da\/wp-json\/wp\/v2\/product_brand?post=19836"},{"taxonomy":"product_cat","embeddable":true,"href":"https:\/\/nordicmart.andreevmaster.com\/da\/wp-json\/wp\/v2\/product_cat?post=19836"},{"taxonomy":"product_tag","embeddable":true,"href":"https:\/\/nordicmart.andreevmaster.com\/da\/wp-json\/wp\/v2\/product_tag?post=19836"}],"curies":[{"name":"wp","href":"https:\/\/api.w.org\/{rel}","templated":true}]}}