{"id":19835,"date":"2026-02-27T00:06:45","date_gmt":"2026-02-27T00:06:45","guid":{"rendered":"https:\/\/nordicmart.andreevmaster.com\/product\/big-buggy-3-i-1-klapvogn\/"},"modified":"2026-02-27T08:51:56","modified_gmt":"2026-02-27T08:51:56","slug":"big-buggy-3-i-1-klapvogn","status":"publish","type":"product","link":"https:\/\/nordicmart.andreevmaster.com\/da\/vare\/big-buggy-3-i-1-klapvogn\/","title":{"rendered":"BIG Buggy 3-i-1 klapvogn"},"content":{"rendered":"<p>BIG Buggy 3-i-1-klapvognen er den perfekte ledsager til de f\u00f8rste skridt! Den kan bruges som g\u00e5vogn, klapvogn til yndlingsbamser og dukker og som trailer til BIG Bobby Cars. Takket v\u00e6re den justerbare bremsefunktion tilpasser klapvognen sig til tempoet i gangtr\u00e6ningen og sikrer sikkerhed og stabilitet.<\/p>\n<p>### Funktioner:<\/p>\n<p>* &#8211; Alder: 12 m\u00e5neder<br \/>\n* &#8211; 3-i-1 \u2013 babywalker, klapvogn og trailer i \u00e9t.<br \/>\n* &#8211; Justerbar bremse \u2013 tilpasser sig dit barns evner og sikrer sikker leg.* &#8211; Stabilitet og komfort \u2013 brede Whisper-hjul, ergonomiske h\u00e5ndtag og anti-tip-beskyttelse. * &#8211; Let at reng\u00f8re \u2013 fremstillet af genanvendeligt, UV-resistent plast af h\u00f8j kvalitet. * &#8211; Til brug i hjemmet og haven \u2013 holdbar konstruktion, der fungerer godt b\u00e5de indend\u00f8rs og udend\u00f8rs.* &#8211; Nem tilslutning til BIG Bobby Car \u2013 den foldbare tr\u00e6kstang g\u00f8r det muligt at fastg\u00f8re den hurtigt og nemt til Classic-, Neo-, Next- og New-modellerne. <\/p>\n<p>### Leget\u00f8jet udvikler<\/p>\n<p>* &#8211; Motorisk koordination \u2013 underst\u00f8tter l\u00e6ring af at g\u00e5 og udvikling af balance.* &#8211; Uafh\u00e6ngighed og selvtillid \u2013 opmuntrer b\u00f8rn til at v\u00e6re aktive og tage deres f\u00f8rste skridt. * &#8211; Fin- og grovmotorik \u2013 at skubbe, tr\u00e6kke og styre klapvognen styrker musklerne og forbedrer fingerf\u00e6rdigheden.* &#8211; Sociale og f\u00f8lelsesm\u00e6ssige f\u00e6rdigheder \u2013 leg med at passe udstoppede dyr og dukker udvikler empati og fantasi.<br \/>\n* &#8211; Kreativitet \u2013 muligheden for at bruge klapvognen p\u00e5 forskellige m\u00e5der stimulerer barnets fantasi. <\/p>\n<p>BIG Buggy 3-i-1-klapvognen er et alsidigt leget\u00f8j, der vokser med dit barn, underst\u00f8tter dets udvikling og garanterer timevis af sjov.<\/p>\n","protected":false},"excerpt":{"rendered":"<p>BIG Buggy 3-i-1-klapvognen er den perfekte ledsager til de f\u00f8rste skridt! Den kan bruges som g\u00e5vogn, klapvogn til yndlingsbamser og dukker og som trailer til BIG Bobby Cars. Takket v\u00e6re den justerbare bremsefunktion tilpasser klapvognen sig til tempoet i gangtr\u00e6ningen og sikrer sikkerhed og stabilitet. ### Funktioner: * &#8211; Alder: 12 m\u00e5neder * &#8211; 3-i-1 [&hellip;]<\/p>\n","protected":false},"featured_media":0,"comment_status":"open","ping_status":"closed","template":"","meta":[],"product_brand":[],"product_cat":[31],"product_tag":[],"class_list":{"0":"post-19835","1":"product","2":"type-product","3":"status-publish","5":"product_cat-uncategorized-da","7":"first","8":"instock","9":"shipping-taxable","10":"purchasable","11":"product-type-simple"},"_links":{"self":[{"href":"https:\/\/nordicmart.andreevmaster.com\/da\/wp-json\/wp\/v2\/product\/19835","targetHints":{"allow":["GET"]}}],"collection":[{"href":"https:\/\/nordicmart.andreevmaster.com\/da\/wp-json\/wp\/v2\/product"}],"about":[{"href":"https:\/\/nordicmart.andreevmaster.com\/da\/wp-json\/wp\/v2\/types\/product"}],"replies":[{"embeddable":true,"href":"https:\/\/nordicmart.andreevmaster.com\/da\/wp-json\/wp\/v2\/comments?post=19835"}],"wp:attachment":[{"href":"https:\/\/nordicmart.andreevmaster.com\/da\/wp-json\/wp\/v2\/media?parent=19835"}],"wp:term":[{"taxonomy":"product_brand","embeddable":true,"href":"https:\/\/nordicmart.andreevmaster.com\/da\/wp-json\/wp\/v2\/product_brand?post=19835"},{"taxonomy":"product_cat","embeddable":true,"href":"https:\/\/nordicmart.andreevmaster.com\/da\/wp-json\/wp\/v2\/product_cat?post=19835"},{"taxonomy":"product_tag","embeddable":true,"href":"https:\/\/nordicmart.andreevmaster.com\/da\/wp-json\/wp\/v2\/product_tag?post=19835"}],"curies":[{"name":"wp","href":"https:\/\/api.w.org\/{rel}","templated":true}]}}