{"id":19834,"date":"2026-02-27T00:06:44","date_gmt":"2026-02-27T00:06:44","guid":{"rendered":"https:\/\/nordicmart.andreevmaster.com\/product\/woopie-elektrisk-togmotor-til-domino-klodser-dinosaur-orange-8-stk\/"},"modified":"2026-02-27T08:51:56","modified_gmt":"2026-02-27T08:51:56","slug":"woopie-elektrisk-togmotor-til-domino-klodser-dinosaur-orange-8-stk","status":"publish","type":"product","link":"https:\/\/nordicmart.andreevmaster.com\/da\/vare\/woopie-elektrisk-togmotor-til-domino-klodser-dinosaur-orange-8-stk\/","title":{"rendered":"WOOPIE Elektrisk togmotor til domino-klodser Dinosaur Orange \u2013 8 stk."},"content":{"rendered":"<p>De farverige Dinosaur Dominoes fra WOOPIE er et spil, der kombinerer leget\u00f8jstog og domino for at skabe en sjov og original m\u00e5de at lege p\u00e5. Lyd og belysning g\u00f8r spillet mere sjovt og attraktivt og stimulerer b\u00f8rns interesse for at lege. For at starte spillet skal du blot fylde toget med domino-f\u00f8deren, begynde at lege og nyde processen. Derudover ledsages toget af karakteristiske lyde og baggrundsbelysning, hvilket tilf\u00f8jer endnu mere dynamik til spillet. <\/p>\n<p>Funktioner: <\/p>\n<p>* &#8211; Leget\u00f8j til b\u00f8rn fra 3 \u00e5r og opefter<br \/>\n* &#8211; Interaktivt leget\u00f8j &#8211; lyde og lys<br \/>\n* &#8211; Automatisk domino-sporbygning<br \/>\n* &#8211; 2 AA-batterier <\/p>\n<p>S\u00e6ttet indeholder: <\/p>\n<p>* &#8211; Batteridrevet tog<br \/>\n* &#8211; 1 spor til klodser<br \/>\n* &#8211; 60 domino-klodser (orange, bl\u00e5, gr\u00f8n)<\/p>\n<p>AUKTIONEN G\u00c6LDER DEN ORANGE VERSION. SE FOTOER. TILBUDDET G\u00c6LDER 8 VARER. PRODUKT.<\/p>\n","protected":false},"excerpt":{"rendered":"<p>De farverige Dinosaur Dominoes fra WOOPIE er et spil, der kombinerer leget\u00f8jstog og domino for at skabe en sjov og original m\u00e5de at lege p\u00e5. Lyd og belysning g\u00f8r spillet mere sjovt og attraktivt og stimulerer b\u00f8rns interesse for at lege. For at starte spillet skal du blot fylde toget med domino-f\u00f8deren, begynde at lege [&hellip;]<\/p>\n","protected":false},"featured_media":0,"comment_status":"open","ping_status":"closed","template":"","meta":[],"product_brand":[],"product_cat":[31],"product_tag":[],"class_list":{"0":"post-19834","1":"product","2":"type-product","3":"status-publish","5":"product_cat-uncategorized-da","7":"first","8":"instock","9":"shipping-taxable","10":"purchasable","11":"product-type-simple"},"_links":{"self":[{"href":"https:\/\/nordicmart.andreevmaster.com\/da\/wp-json\/wp\/v2\/product\/19834","targetHints":{"allow":["GET"]}}],"collection":[{"href":"https:\/\/nordicmart.andreevmaster.com\/da\/wp-json\/wp\/v2\/product"}],"about":[{"href":"https:\/\/nordicmart.andreevmaster.com\/da\/wp-json\/wp\/v2\/types\/product"}],"replies":[{"embeddable":true,"href":"https:\/\/nordicmart.andreevmaster.com\/da\/wp-json\/wp\/v2\/comments?post=19834"}],"wp:attachment":[{"href":"https:\/\/nordicmart.andreevmaster.com\/da\/wp-json\/wp\/v2\/media?parent=19834"}],"wp:term":[{"taxonomy":"product_brand","embeddable":true,"href":"https:\/\/nordicmart.andreevmaster.com\/da\/wp-json\/wp\/v2\/product_brand?post=19834"},{"taxonomy":"product_cat","embeddable":true,"href":"https:\/\/nordicmart.andreevmaster.com\/da\/wp-json\/wp\/v2\/product_cat?post=19834"},{"taxonomy":"product_tag","embeddable":true,"href":"https:\/\/nordicmart.andreevmaster.com\/da\/wp-json\/wp\/v2\/product_tag?post=19834"}],"curies":[{"name":"wp","href":"https:\/\/api.w.org\/{rel}","templated":true}]}}