{"id":19833,"date":"2026-02-27T00:06:44","date_gmt":"2026-02-27T00:06:44","guid":{"rendered":"https:\/\/nordicmart.andreevmaster.com\/product\/step2-adventure-wooden-playground-playhouse-slide-2\/"},"modified":"2026-02-27T08:51:56","modified_gmt":"2026-02-27T08:51:56","slug":"step2-adventure-wooden-playground-playhouse-slide-2","status":"publish","type":"product","link":"https:\/\/nordicmart.andreevmaster.com\/da\/vare\/step2-adventure-wooden-playground-playhouse-slide-2\/","title":{"rendered":"STEP2 Adventure Wooden Playground Playhouse Slide"},"content":{"rendered":"<p>Dette charmerende legehus og rutsjebane byder p\u00e5 uendelige muligheder! Det kan v\u00e6re et slot, en hytte, et piratskib eller hvad de ellers kan forestille sig! Dette stilfulde leges\u00e6t til baghaven er fremstillet af forskellige materialer, hvilket giver det et unikt look. Den overvejende tr\u00e6konstruktion skaber et klassisk look. De farverige plastelementer er b\u00f8rnevenlige og kan holde til timevis af leg! Dette legehus af tr\u00e6 og plast vil underholde dine sm\u00e5 hele dagen lang!<\/p>\n<p>Funktioner:<\/p>\n<p>* &#8211; Kravl op ad rampen for at komme ind i din egen hytte i skoven! Brug d\u00f8ren i hollandsk stil til at lukke g\u00e6ster ind og ud!<br \/>\n* &#8211; Indenfor kan du lave mad p\u00e5 komfuret! Glem ikke at vaske op \u2013 det legek\u00f8kkenvask giver b\u00f8rnene mulighed for at \u00f8ve sig i at rydde op!<br \/>\n* &#8211; Brug de solide h\u00e5ndtag til at klatre op til den \u00f8verste platform! De farverige panelv\u00e6gge er sjove at kigge igennem og giver ekstra sikkerhed.* &#8211; N\u00e5r du er klar, kan du l\u00e6gge den ekstra lange 1,5 meter lange rutsjebane v\u00e6k for ekstra sjov!* &#8211; Hold leget\u00f8jet inden for r\u00e6kkevidde med den udtr\u00e6kkelige skuffe! Det er nemt at rydde op!* &#8211; Step2 \u2013 kvalitet f\u00f8rst, fantastisk leget\u00f8j bagefter! Hvis du prioriterer kvalitet og sikkerhed, n\u00e5r du v\u00e6lger leget\u00f8j til dit barn, vil hele sortimentet af fantastisk leget\u00f8j fra det amerikanske firma Step2 helt sikkert opfylde forventningerne hos b\u00f8rn, for\u00e6ldre, vuggestuer, b\u00f8rnehaver og andre uddannelsesinstitutioner. Step2 har produceret det bedste leget\u00f8j i USA i \u00e5rtier! Sortimentet omfatter sandkasser, havehuse, legepladser, v\u00e6rksteder, leget\u00f8j til at k\u00f8re p\u00e5, k\u00f8kkener og b\u00f8rnem\u00f8bler.<\/p>\n","protected":false},"excerpt":{"rendered":"<p>Dette charmerende legehus og rutsjebane byder p\u00e5 uendelige muligheder! Det kan v\u00e6re et slot, en hytte, et piratskib eller hvad de ellers kan forestille sig! Dette stilfulde leges\u00e6t til baghaven er fremstillet af forskellige materialer, hvilket giver det et unikt look. Den overvejende tr\u00e6konstruktion skaber et klassisk look. De farverige plastelementer er b\u00f8rnevenlige og kan [&hellip;]<\/p>\n","protected":false},"featured_media":0,"comment_status":"open","ping_status":"closed","template":"","meta":[],"product_brand":[],"product_cat":[31],"product_tag":[],"class_list":{"0":"post-19833","1":"product","2":"type-product","3":"status-publish","5":"product_cat-uncategorized-da","7":"first","8":"instock","9":"shipping-taxable","10":"purchasable","11":"product-type-simple"},"_links":{"self":[{"href":"https:\/\/nordicmart.andreevmaster.com\/da\/wp-json\/wp\/v2\/product\/19833","targetHints":{"allow":["GET"]}}],"collection":[{"href":"https:\/\/nordicmart.andreevmaster.com\/da\/wp-json\/wp\/v2\/product"}],"about":[{"href":"https:\/\/nordicmart.andreevmaster.com\/da\/wp-json\/wp\/v2\/types\/product"}],"replies":[{"embeddable":true,"href":"https:\/\/nordicmart.andreevmaster.com\/da\/wp-json\/wp\/v2\/comments?post=19833"}],"wp:attachment":[{"href":"https:\/\/nordicmart.andreevmaster.com\/da\/wp-json\/wp\/v2\/media?parent=19833"}],"wp:term":[{"taxonomy":"product_brand","embeddable":true,"href":"https:\/\/nordicmart.andreevmaster.com\/da\/wp-json\/wp\/v2\/product_brand?post=19833"},{"taxonomy":"product_cat","embeddable":true,"href":"https:\/\/nordicmart.andreevmaster.com\/da\/wp-json\/wp\/v2\/product_cat?post=19833"},{"taxonomy":"product_tag","embeddable":true,"href":"https:\/\/nordicmart.andreevmaster.com\/da\/wp-json\/wp\/v2\/product_tag?post=19833"}],"curies":[{"name":"wp","href":"https:\/\/api.w.org\/{rel}","templated":true}]}}