{"id":19832,"date":"2026-02-27T00:06:44","date_gmt":"2026-02-27T00:06:44","guid":{"rendered":"https:\/\/nordicmart.andreevmaster.com\/product\/little-tikes-picnic-table-for-children-lush-green-2\/"},"modified":"2026-02-27T08:51:56","modified_gmt":"2026-02-27T08:51:56","slug":"little-tikes-picnic-table-for-children-lush-green-2","status":"publish","type":"product","link":"https:\/\/nordicmart.andreevmaster.com\/da\/vare\/little-tikes-picnic-table-for-children-lush-green-2\/","title":{"rendered":"LITTLE TIKES Picnic Table for Children Lush Green"},"content":{"rendered":"<p>Et gr\u00f8nt og r\u00f8dt picnicbord til b\u00f8rn fra det kendte m\u00e6rke Little Tikes, en respekteret producent af leget\u00f8j til b\u00f8rn. Bordet er perfekt til leg b\u00e5de hjemme og i haven. Bordet er fremstillet i \u00e9t stykke og er udstyret med komfortable r\u00f8de s\u00e6der og afrundede, glatte kanter for sikkerhedens skyld. Bordet kan bruges som arbejdsbord for b\u00f8rn og er velegnet til alle former for opgaver, s\u00e5som modellering, maling, klipning, spisning osv. Fire b\u00f8rn kan sidde ved bordet p\u00e5 samme tid. <\/p>\n<p>Funktioner: <\/p>\n<p>* &#8211; bord i \u00e9t stykke,<br \/>\n* &#8211; udstyret med komfortable r\u00f8de s\u00e6der og afrundede, glatte kanter for sikkerhedens skyld,<br \/>\n* &#8211; bord som arbejdsbord for b\u00f8rn,<br \/>\n* &#8211; fire b\u00f8rn kan sidde ved bordet p\u00e5 samme tid,<br \/>\n* &#8211; let at holde rent.<\/p>\n<p>Little Tikes-produkter er kendt og elsket p\u00e5 alle kontinenter, i mange hjem blandt utallige smilende b\u00f8rn og tilfredse for\u00e6ldre. Little Tikes fremstiller produkter, der garanterer alle n\u00f8dvendige sikkerhedsstandarder. Med produktets holdbarhed for \u00f8je er leget\u00f8jet designet og fremstillet ved hj\u00e6lp af den mest passende teknologi, rotationsst\u00f8bning, der garanterer mange \u00e5rs sjov.<\/p>\n","protected":false},"excerpt":{"rendered":"<p>Et gr\u00f8nt og r\u00f8dt picnicbord til b\u00f8rn fra det kendte m\u00e6rke Little Tikes, en respekteret producent af leget\u00f8j til b\u00f8rn. Bordet er perfekt til leg b\u00e5de hjemme og i haven. Bordet er fremstillet i \u00e9t stykke og er udstyret med komfortable r\u00f8de s\u00e6der og afrundede, glatte kanter for sikkerhedens skyld. Bordet kan bruges som arbejdsbord [&hellip;]<\/p>\n","protected":false},"featured_media":0,"comment_status":"open","ping_status":"closed","template":"","meta":[],"product_brand":[],"product_cat":[31],"product_tag":[],"class_list":{"0":"post-19832","1":"product","2":"type-product","3":"status-publish","5":"product_cat-uncategorized-da","7":"first","8":"instock","9":"shipping-taxable","10":"purchasable","11":"product-type-simple"},"_links":{"self":[{"href":"https:\/\/nordicmart.andreevmaster.com\/da\/wp-json\/wp\/v2\/product\/19832","targetHints":{"allow":["GET"]}}],"collection":[{"href":"https:\/\/nordicmart.andreevmaster.com\/da\/wp-json\/wp\/v2\/product"}],"about":[{"href":"https:\/\/nordicmart.andreevmaster.com\/da\/wp-json\/wp\/v2\/types\/product"}],"replies":[{"embeddable":true,"href":"https:\/\/nordicmart.andreevmaster.com\/da\/wp-json\/wp\/v2\/comments?post=19832"}],"wp:attachment":[{"href":"https:\/\/nordicmart.andreevmaster.com\/da\/wp-json\/wp\/v2\/media?parent=19832"}],"wp:term":[{"taxonomy":"product_brand","embeddable":true,"href":"https:\/\/nordicmart.andreevmaster.com\/da\/wp-json\/wp\/v2\/product_brand?post=19832"},{"taxonomy":"product_cat","embeddable":true,"href":"https:\/\/nordicmart.andreevmaster.com\/da\/wp-json\/wp\/v2\/product_cat?post=19832"},{"taxonomy":"product_tag","embeddable":true,"href":"https:\/\/nordicmart.andreevmaster.com\/da\/wp-json\/wp\/v2\/product_tag?post=19832"}],"curies":[{"name":"wp","href":"https:\/\/api.w.org\/{rel}","templated":true}]}}