{"id":19831,"date":"2026-02-27T00:06:44","date_gmt":"2026-02-27T00:06:44","guid":{"rendered":"https:\/\/nordicmart.andreevmaster.com\/product\/little-tikes-stort-picnicbord-til-born\/"},"modified":"2026-02-27T08:51:56","modified_gmt":"2026-02-27T08:51:56","slug":"little-tikes-stort-picnicbord-til-born","status":"publish","type":"product","link":"https:\/\/nordicmart.andreevmaster.com\/da\/vare\/little-tikes-stort-picnicbord-til-born\/","title":{"rendered":"Little Tikes stort picnicbord til b\u00f8rn"},"content":{"rendered":"<p>Stort gr\u00f8nt picnicbord designet af den kendte leget\u00f8jsproducent Little Tikes. Det helst\u00f8bte picnicbord er designet til brug b\u00e5de i hjemmet og i haven. Det er ideelt til alle former for opgaver og leg. Det er et perfekt sted at slappe af eller nyde et m\u00e5ltid udend\u00f8rs. <\/p>\n<p>Egenskaber: <\/p>\n<p>* Afrundede kanter sikrer dit barns sikkerhed under leg,<br \/>\n* Produktet er fremstillet af h\u00f8jkvalitets, vejrbestandig plast,<br \/>\n* Let at reng\u00f8re.* Bordet er designet til 6 b\u00f8rn. * Maksimal v\u00e6gt pr. barn: 36 kg. Little Tikes-produkter er kendt og elsket p\u00e5 alle kontinenter, i mange hjem blandt utallige smilende b\u00f8rn og tilfredse for\u00e6ldre. Little Tikes fremstiller produkter, der garanterer alle n\u00f8dvendige sikkerhedsstandarder. Med produktets holdbarhed for \u00f8je er leget\u00f8jet designet og fremstillet ved hj\u00e6lp af den mest passende teknologi, nemlig &#8220;rotationsst\u00f8bning&#8221;, der garanterer mange \u00e5rs sjov.<\/p>\n","protected":false},"excerpt":{"rendered":"<p>Stort gr\u00f8nt picnicbord designet af den kendte leget\u00f8jsproducent Little Tikes. Det helst\u00f8bte picnicbord er designet til brug b\u00e5de i hjemmet og i haven. Det er ideelt til alle former for opgaver og leg. Det er et perfekt sted at slappe af eller nyde et m\u00e5ltid udend\u00f8rs. Egenskaber: * Afrundede kanter sikrer dit barns sikkerhed under [&hellip;]<\/p>\n","protected":false},"featured_media":0,"comment_status":"open","ping_status":"closed","template":"","meta":[],"product_brand":[],"product_cat":[31],"product_tag":[],"class_list":{"0":"post-19831","1":"product","2":"type-product","3":"status-publish","5":"product_cat-uncategorized-da","7":"first","8":"instock","9":"shipping-taxable","10":"purchasable","11":"product-type-simple"},"_links":{"self":[{"href":"https:\/\/nordicmart.andreevmaster.com\/da\/wp-json\/wp\/v2\/product\/19831","targetHints":{"allow":["GET"]}}],"collection":[{"href":"https:\/\/nordicmart.andreevmaster.com\/da\/wp-json\/wp\/v2\/product"}],"about":[{"href":"https:\/\/nordicmart.andreevmaster.com\/da\/wp-json\/wp\/v2\/types\/product"}],"replies":[{"embeddable":true,"href":"https:\/\/nordicmart.andreevmaster.com\/da\/wp-json\/wp\/v2\/comments?post=19831"}],"wp:attachment":[{"href":"https:\/\/nordicmart.andreevmaster.com\/da\/wp-json\/wp\/v2\/media?parent=19831"}],"wp:term":[{"taxonomy":"product_brand","embeddable":true,"href":"https:\/\/nordicmart.andreevmaster.com\/da\/wp-json\/wp\/v2\/product_brand?post=19831"},{"taxonomy":"product_cat","embeddable":true,"href":"https:\/\/nordicmart.andreevmaster.com\/da\/wp-json\/wp\/v2\/product_cat?post=19831"},{"taxonomy":"product_tag","embeddable":true,"href":"https:\/\/nordicmart.andreevmaster.com\/da\/wp-json\/wp\/v2\/product_tag?post=19831"}],"curies":[{"name":"wp","href":"https:\/\/api.w.org\/{rel}","templated":true}]}}