{"id":19830,"date":"2026-02-27T00:06:44","date_gmt":"2026-02-27T00:06:44","guid":{"rendered":"https:\/\/nordicmart.andreevmaster.com\/product\/falk-balancecykel-quiet-wheels-motor-prem1er-retro-black-12m\/"},"modified":"2026-02-27T08:51:55","modified_gmt":"2026-02-27T08:51:55","slug":"falk-balancecykel-quiet-wheels-motor-prem1er-retro-black-12m","status":"publish","type":"product","link":"https:\/\/nordicmart.andreevmaster.com\/da\/vare\/falk-balancecykel-quiet-wheels-motor-prem1er-retro-black-12m\/","title":{"rendered":"FALK Balancecykel Quiet Wheels Motor Prem1er Retro Black 12m+"},"content":{"rendered":"<p>En ny version af den yndige Falk-motorcykel. Udstyret med store hjul, der giver dit barn den n\u00f8dvendige stabilitet, og en elastomerbel\u00e6gning, der g\u00f8r den mere modstandsdygtig over for ridser og andre skader. Ideel til indend\u00f8rs og udend\u00f8rs brug.<\/p>\n<p>Funktioner:<\/p>\n<p>* &#8211; Til b\u00f8rn fra 1 \u00e5r<br \/>\n* &#8211; Maksimal belastning op til 25 kg<br \/>\n* &#8211; Stille og skridsikre hjul<br \/>\n* &#8211; Hjulene efterlader ikke m\u00e6rker p\u00e5 gulvet<br \/>\n* &#8211; Drejeligt rat<br \/>\n* &#8211; Horn i rattet<br \/>\n* &#8211; Leget\u00f8j i retrostil<br \/>\n* &#8211; D\u00e6kket med en elastomerbel\u00e6gning<br \/>\n* &#8211; Brede hjul for en f\u00f8lelse af sikkerhed<br \/>\n* &#8211; Dit barn \u00f8ver balance og motoriske f\u00e6rdigheder<\/p>\n<p>Leget\u00f8jet udvikler:<\/p>\n<p>* &#8211; Balance<br \/>\n* &#8211; Motoriske f\u00e6rdigheder<br \/>\n* &#8211; Motorisk koordination<br \/>\n* &#8211; Barnets uafh\u00e6ngighed<br \/>\n* &#8211; Fysisk aktivitet<br \/>\n* &#8211; Fantasi og kreativitet<br \/>\n* &#8211; Koncentrationsevne<br \/>\n* &#8211; Rumlig orientering<\/p>\n","protected":false},"excerpt":{"rendered":"<p>En ny version af den yndige Falk-motorcykel. Udstyret med store hjul, der giver dit barn den n\u00f8dvendige stabilitet, og en elastomerbel\u00e6gning, der g\u00f8r den mere modstandsdygtig over for ridser og andre skader. Ideel til indend\u00f8rs og udend\u00f8rs brug. Funktioner: * &#8211; Til b\u00f8rn fra 1 \u00e5r * &#8211; Maksimal belastning op til 25 kg * [&hellip;]<\/p>\n","protected":false},"featured_media":0,"comment_status":"open","ping_status":"closed","template":"","meta":[],"product_brand":[],"product_cat":[31],"product_tag":[],"class_list":{"0":"post-19830","1":"product","2":"type-product","3":"status-publish","5":"product_cat-uncategorized-da","7":"first","8":"instock","9":"shipping-taxable","10":"purchasable","11":"product-type-simple"},"_links":{"self":[{"href":"https:\/\/nordicmart.andreevmaster.com\/da\/wp-json\/wp\/v2\/product\/19830","targetHints":{"allow":["GET"]}}],"collection":[{"href":"https:\/\/nordicmart.andreevmaster.com\/da\/wp-json\/wp\/v2\/product"}],"about":[{"href":"https:\/\/nordicmart.andreevmaster.com\/da\/wp-json\/wp\/v2\/types\/product"}],"replies":[{"embeddable":true,"href":"https:\/\/nordicmart.andreevmaster.com\/da\/wp-json\/wp\/v2\/comments?post=19830"}],"wp:attachment":[{"href":"https:\/\/nordicmart.andreevmaster.com\/da\/wp-json\/wp\/v2\/media?parent=19830"}],"wp:term":[{"taxonomy":"product_brand","embeddable":true,"href":"https:\/\/nordicmart.andreevmaster.com\/da\/wp-json\/wp\/v2\/product_brand?post=19830"},{"taxonomy":"product_cat","embeddable":true,"href":"https:\/\/nordicmart.andreevmaster.com\/da\/wp-json\/wp\/v2\/product_cat?post=19830"},{"taxonomy":"product_tag","embeddable":true,"href":"https:\/\/nordicmart.andreevmaster.com\/da\/wp-json\/wp\/v2\/product_tag?post=19830"}],"curies":[{"name":"wp","href":"https:\/\/api.w.org\/{rel}","templated":true}]}}