{"id":19828,"date":"2026-02-27T00:06:43","date_gmt":"2026-02-27T00:06:43","guid":{"rendered":"https:\/\/nordicmart.andreevmaster.com\/product\/falk-ride-on-toy-quiet-wheels-motor-prem1er-retro-green-12-2\/"},"modified":"2026-02-27T08:51:55","modified_gmt":"2026-02-27T08:51:55","slug":"falk-ride-on-toy-quiet-wheels-motor-prem1er-retro-green-12-2","status":"publish","type":"product","link":"https:\/\/nordicmart.andreevmaster.com\/da\/vare\/falk-ride-on-toy-quiet-wheels-motor-prem1er-retro-green-12-2\/","title":{"rendered":"FALK Ride-On Toy Quiet Wheels Motor Prem1er Retro Green 12+"},"content":{"rendered":"<p>En ny version af den charmerende Falk balancecykel. Udstyret med store hjul, der giver barnet den n\u00f8dvendige stabilitet, og en elastomerbel\u00e6gning, der g\u00f8r cyklen mere modstandsdygtig over for ridser og andre skader. Ideel til indend\u00f8rs og udend\u00f8rs brug.<\/p>\n<p>Specifikationer:<\/p>\n<p>* &#8211; Maksimal belastning op til 25 kg<br \/>\n* &#8211; Stille og skridsikre hjul<br \/>\n* &#8211; Drejeligt rat<br \/>\n* &#8211; Horn i rattet<br \/>\n* &#8211; M\u00e5l: 63 x 26 x 39 cm<\/p>\n<p>Egenskaber:<\/p>\n<p>* &#8211; Til b\u00f8rn fra 1 \u00e5r og opefter<br \/>\n* &#8211; Hjulene efterlader ingen m\u00e6rker p\u00e5 gulvet<br \/>\n* &#8211; Retro-stil leget\u00f8j,<br \/>\n* &#8211; D\u00e6kket med en elastomerbel\u00e6gning,<br \/>\n* &#8211; Brede hjul for en f\u00f8lelse af sikkerhed,<br \/>\n* &#8211; Din lille \u00f8ver sig i balance og motoriske f\u00e6rdigheder<\/p>\n","protected":false},"excerpt":{"rendered":"<p>En ny version af den charmerende Falk balancecykel. Udstyret med store hjul, der giver barnet den n\u00f8dvendige stabilitet, og en elastomerbel\u00e6gning, der g\u00f8r cyklen mere modstandsdygtig over for ridser og andre skader. Ideel til indend\u00f8rs og udend\u00f8rs brug. Specifikationer: * &#8211; Maksimal belastning op til 25 kg * &#8211; Stille og skridsikre hjul * &#8211; [&hellip;]<\/p>\n","protected":false},"featured_media":0,"comment_status":"open","ping_status":"closed","template":"","meta":[],"product_brand":[],"product_cat":[31],"product_tag":[],"class_list":{"0":"post-19828","1":"product","2":"type-product","3":"status-publish","5":"product_cat-uncategorized-da","7":"first","8":"instock","9":"shipping-taxable","10":"purchasable","11":"product-type-simple"},"_links":{"self":[{"href":"https:\/\/nordicmart.andreevmaster.com\/da\/wp-json\/wp\/v2\/product\/19828","targetHints":{"allow":["GET"]}}],"collection":[{"href":"https:\/\/nordicmart.andreevmaster.com\/da\/wp-json\/wp\/v2\/product"}],"about":[{"href":"https:\/\/nordicmart.andreevmaster.com\/da\/wp-json\/wp\/v2\/types\/product"}],"replies":[{"embeddable":true,"href":"https:\/\/nordicmart.andreevmaster.com\/da\/wp-json\/wp\/v2\/comments?post=19828"}],"wp:attachment":[{"href":"https:\/\/nordicmart.andreevmaster.com\/da\/wp-json\/wp\/v2\/media?parent=19828"}],"wp:term":[{"taxonomy":"product_brand","embeddable":true,"href":"https:\/\/nordicmart.andreevmaster.com\/da\/wp-json\/wp\/v2\/product_brand?post=19828"},{"taxonomy":"product_cat","embeddable":true,"href":"https:\/\/nordicmart.andreevmaster.com\/da\/wp-json\/wp\/v2\/product_cat?post=19828"},{"taxonomy":"product_tag","embeddable":true,"href":"https:\/\/nordicmart.andreevmaster.com\/da\/wp-json\/wp\/v2\/product_tag?post=19828"}],"curies":[{"name":"wp","href":"https:\/\/api.w.org\/{rel}","templated":true}]}}