{"id":19826,"date":"2026-02-27T00:06:43","date_gmt":"2026-02-27T00:06:43","guid":{"rendered":"https:\/\/nordicmart.andreevmaster.com\/product\/little-tikes-monkey-grove-for-toddlers-playground-slide-2\/"},"modified":"2026-02-27T08:51:55","modified_gmt":"2026-02-27T08:51:55","slug":"little-tikes-monkey-grove-for-toddlers-playground-slide-2","status":"publish","type":"product","link":"https:\/\/nordicmart.andreevmaster.com\/da\/vare\/little-tikes-monkey-grove-for-toddlers-playground-slide-2\/","title":{"rendered":"LITTLE TIKES Monkey Grove for Toddlers Playground Slide"},"content":{"rendered":"<p>MONKEY GROVE stimulerer b\u00f8rns fantasi og tilskynder til aktiv leg i haven!<br \/>\nFunktioner og udstyr:<br \/>\n* huller i v\u00e6ggene hj\u00e6lper med at udvikle klatreevner<br \/>\n* huller p\u00e5 det laveste niveau forbinder legeomr\u00e5der, skaber hemmelige passager og giver mange muligheder for leg, og sm\u00e5 opdagelsesrejsende mangler ikke ideer<br \/>\n* kan samles uden v\u00e6rkt\u00f8j<br \/>\nLittle Tikes-produkter er kendt og elsket p\u00e5 alle kontinenter, i mange hjem, af utallige smilende b\u00f8rn og tilfredse for\u00e6ldre. Little Tikes fremstiller produkter, der garanterer alle n\u00f8dvendige sikkerhedsstandarder. Med produktets holdbarhed for \u00f8je er leget\u00f8jet designet og fremstillet ved hj\u00e6lp af den mest passende teknologi, rotationsst\u00f8bning, der garanterer mange \u00e5rs sjov.<\/p>\n","protected":false},"excerpt":{"rendered":"<p>MONKEY GROVE stimulerer b\u00f8rns fantasi og tilskynder til aktiv leg i haven! Funktioner og udstyr: * huller i v\u00e6ggene hj\u00e6lper med at udvikle klatreevner * huller p\u00e5 det laveste niveau forbinder legeomr\u00e5der, skaber hemmelige passager og giver mange muligheder for leg, og sm\u00e5 opdagelsesrejsende mangler ikke ideer * kan samles uden v\u00e6rkt\u00f8j Little Tikes-produkter er [&hellip;]<\/p>\n","protected":false},"featured_media":0,"comment_status":"open","ping_status":"closed","template":"","meta":[],"product_brand":[],"product_cat":[31],"product_tag":[],"class_list":{"0":"post-19826","1":"product","2":"type-product","3":"status-publish","5":"product_cat-uncategorized-da","7":"first","8":"instock","9":"shipping-taxable","10":"purchasable","11":"product-type-simple"},"_links":{"self":[{"href":"https:\/\/nordicmart.andreevmaster.com\/da\/wp-json\/wp\/v2\/product\/19826","targetHints":{"allow":["GET"]}}],"collection":[{"href":"https:\/\/nordicmart.andreevmaster.com\/da\/wp-json\/wp\/v2\/product"}],"about":[{"href":"https:\/\/nordicmart.andreevmaster.com\/da\/wp-json\/wp\/v2\/types\/product"}],"replies":[{"embeddable":true,"href":"https:\/\/nordicmart.andreevmaster.com\/da\/wp-json\/wp\/v2\/comments?post=19826"}],"wp:attachment":[{"href":"https:\/\/nordicmart.andreevmaster.com\/da\/wp-json\/wp\/v2\/media?parent=19826"}],"wp:term":[{"taxonomy":"product_brand","embeddable":true,"href":"https:\/\/nordicmart.andreevmaster.com\/da\/wp-json\/wp\/v2\/product_brand?post=19826"},{"taxonomy":"product_cat","embeddable":true,"href":"https:\/\/nordicmart.andreevmaster.com\/da\/wp-json\/wp\/v2\/product_cat?post=19826"},{"taxonomy":"product_tag","embeddable":true,"href":"https:\/\/nordicmart.andreevmaster.com\/da\/wp-json\/wp\/v2\/product_tag?post=19826"}],"curies":[{"name":"wp","href":"https:\/\/api.w.org\/{rel}","templated":true}]}}