{"id":19825,"date":"2026-02-27T00:06:43","date_gmt":"2026-02-27T00:06:43","guid":{"rendered":"https:\/\/nordicmart.andreevmaster.com\/product\/viga-traeklatrestativ-med-lige-rutsjebane\/"},"modified":"2026-02-27T08:51:55","modified_gmt":"2026-02-27T08:51:55","slug":"viga-traeklatrestativ-med-lige-rutsjebane","status":"publish","type":"product","link":"https:\/\/nordicmart.andreevmaster.com\/da\/vare\/viga-traeklatrestativ-med-lige-rutsjebane\/","title":{"rendered":"VIGA Tr\u00e6klatrestativ med lige rutsjebane"},"content":{"rendered":"<p>Tr\u00e6sklien fra VIGA er et multifunktionelt element i en hjemmelegeplads, der kan forbindes med en vippe (44710) og en klatretrekant (44708). P\u00e5 den ene side er der en flad overflade, der kan bruges som klie eller gangbro. P\u00e5 den anden side er der en klatrev\u00e6g.<\/p>\n<p>Egenskaber:<\/p>\n<p>&#8211; leget\u00f8j til b\u00f8rn fra 18 m\u00e5neder og opefter &#8211; passer til gyngen (44710) og klatretrekanten (44708) &#8211; kan bruges til at skabe en lille hjemme-legeplads &#8211; kan bruges som rutsjebane, klatrev\u00e6g eller gangbro &#8211; lavet af h\u00f8jkvalitets b\u00f8getr\u00e6 og krydsfiner<\/p>\n<p>Leget\u00f8jet udvikler:<\/p>\n<p>&#8211; grovmotorik &#8211; motorisk koordination &#8211; balanceevne<\/p>\n<p>[img-128121-left-thickbox_default]<\/p>\n<p>[img-128119-left-thickbox_default]<\/p>\n","protected":false},"excerpt":{"rendered":"<p>Tr\u00e6sklien fra VIGA er et multifunktionelt element i en hjemmelegeplads, der kan forbindes med en vippe (44710) og en klatretrekant (44708). P\u00e5 den ene side er der en flad overflade, der kan bruges som klie eller gangbro. P\u00e5 den anden side er der en klatrev\u00e6g. Egenskaber: &#8211; leget\u00f8j til b\u00f8rn fra 18 m\u00e5neder og opefter [&hellip;]<\/p>\n","protected":false},"featured_media":0,"comment_status":"open","ping_status":"closed","template":"","meta":[],"product_brand":[],"product_cat":[31],"product_tag":[],"class_list":{"0":"post-19825","1":"product","2":"type-product","3":"status-publish","5":"product_cat-uncategorized-da","7":"first","8":"instock","9":"shipping-taxable","10":"purchasable","11":"product-type-simple"},"_links":{"self":[{"href":"https:\/\/nordicmart.andreevmaster.com\/da\/wp-json\/wp\/v2\/product\/19825","targetHints":{"allow":["GET"]}}],"collection":[{"href":"https:\/\/nordicmart.andreevmaster.com\/da\/wp-json\/wp\/v2\/product"}],"about":[{"href":"https:\/\/nordicmart.andreevmaster.com\/da\/wp-json\/wp\/v2\/types\/product"}],"replies":[{"embeddable":true,"href":"https:\/\/nordicmart.andreevmaster.com\/da\/wp-json\/wp\/v2\/comments?post=19825"}],"wp:attachment":[{"href":"https:\/\/nordicmart.andreevmaster.com\/da\/wp-json\/wp\/v2\/media?parent=19825"}],"wp:term":[{"taxonomy":"product_brand","embeddable":true,"href":"https:\/\/nordicmart.andreevmaster.com\/da\/wp-json\/wp\/v2\/product_brand?post=19825"},{"taxonomy":"product_cat","embeddable":true,"href":"https:\/\/nordicmart.andreevmaster.com\/da\/wp-json\/wp\/v2\/product_cat?post=19825"},{"taxonomy":"product_tag","embeddable":true,"href":"https:\/\/nordicmart.andreevmaster.com\/da\/wp-json\/wp\/v2\/product_tag?post=19825"}],"curies":[{"name":"wp","href":"https:\/\/api.w.org\/{rel}","templated":true}]}}