{"id":19824,"date":"2026-02-27T00:06:43","date_gmt":"2026-02-27T00:06:43","guid":{"rendered":"https:\/\/nordicmart.andreevmaster.com\/product\/little-tikes-super-monkey-grove-farve-2-1-legepladsrutsjebane\/"},"modified":"2026-02-27T08:51:55","modified_gmt":"2026-02-27T08:51:55","slug":"little-tikes-super-monkey-grove-farve-2-1-legepladsrutsjebane","status":"publish","type":"product","link":"https:\/\/nordicmart.andreevmaster.com\/da\/vare\/little-tikes-super-monkey-grove-farve-2-1-legepladsrutsjebane\/","title":{"rendered":"Little Tikes Super Monkey Grove farve 2\/1 Legepladsrutsjebane"},"content":{"rendered":"<p>Super Monkey Grove fra det amerikanske firma Little Tikes giver uendelig klatre-, rutsjebane- og gemmelegssjov. Perfekt til hjemmet og haven. Velegnet til gruppeleg, udvikler b\u00f8rns fysiske evner. Det perfekte leget\u00f8j til dine b\u00f8rn! Ikke kun fantastisk p\u00e5 varme dage! Super Monkey Grove er det perfekte haveudstyr til de sm\u00e5! Energiske b\u00f8rn vil have masser af sjov med at klatre og rutsje ned ad denne store rutsjebane. B\u00f8rnene kan klatre op ad klippev\u00e6ggen og kigge ud fra den store platform. De to rutsjebaner er velegnede til b\u00f8rn i forskellige aldre. Den fantastiske kravletunnel fungerer som en &#8216;flugtluge&#8217; under hemmelige missioner, og det store fort under fletv\u00e6rket fungerer som et skjulested.<\/p>\n<p>Egenskaber:<\/p>\n<p>* &#8211; har to rutsjebaner i forskellige st\u00f8rrelser,<br \/>\n* &#8211; egnet til b\u00f8rn i forskellige aldre,<br \/>\n* &#8211; sm\u00e5b\u00f8rn kan klatre op ad klippev\u00e6ggen og sidde p\u00e5 en k\u00e6mpe platform,<br \/>\n* &#8211; rutsjebanens l\u00e6ngde: 173 cm (stor rutsjebane), 100 cm (lille rutsjebane),<br \/>\n* &#8211; har en kravletunnel.<\/p>\n<p>Leget\u00f8jet udvikler:<\/p>\n<p>* &#8211; barnets fysiske kondition,<br \/>\n* &#8211; koordination og balance,<br \/>\n* &#8211; motoriske f\u00e6rdigheder,<br \/>\n* &#8211; fantasi,<br \/>\n* &#8211; kreativitet.<\/p>\n<p>Little Tikes tilbyder kreative l\u00f8sninger og holdbarhed, som giver b\u00f8rnene mulighed for at nyde legen i mange \u00e5r. Derfor er et af virksomhedens flagskibsprodukter Cozy Coupe\u00ae-k\u00f8ret\u00f8jet, som har gl\u00e6det b\u00f8rn i over tredive \u00e5r. Virksomheden tilbyder ogs\u00e5 leget\u00f8j fra f\u00f8lgende kategorier: legehuse, husholdningsartikler, gynger og legepladser, gyngestole og g\u00e5vogne, m\u00f8bler, haveleget\u00f8j, b\u00f8rnek\u00f8ret\u00f8jer, rutsjebaner og klatrestativer.<\/p>\n","protected":false},"excerpt":{"rendered":"<p>Super Monkey Grove fra det amerikanske firma Little Tikes giver uendelig klatre-, rutsjebane- og gemmelegssjov. Perfekt til hjemmet og haven. Velegnet til gruppeleg, udvikler b\u00f8rns fysiske evner. Det perfekte leget\u00f8j til dine b\u00f8rn! Ikke kun fantastisk p\u00e5 varme dage! Super Monkey Grove er det perfekte haveudstyr til de sm\u00e5! Energiske b\u00f8rn vil have masser af [&hellip;]<\/p>\n","protected":false},"featured_media":0,"comment_status":"open","ping_status":"closed","template":"","meta":[],"product_brand":[],"product_cat":[31],"product_tag":[],"class_list":{"0":"post-19824","1":"product","2":"type-product","3":"status-publish","5":"product_cat-uncategorized-da","7":"first","8":"instock","9":"shipping-taxable","10":"purchasable","11":"product-type-simple"},"_links":{"self":[{"href":"https:\/\/nordicmart.andreevmaster.com\/da\/wp-json\/wp\/v2\/product\/19824","targetHints":{"allow":["GET"]}}],"collection":[{"href":"https:\/\/nordicmart.andreevmaster.com\/da\/wp-json\/wp\/v2\/product"}],"about":[{"href":"https:\/\/nordicmart.andreevmaster.com\/da\/wp-json\/wp\/v2\/types\/product"}],"replies":[{"embeddable":true,"href":"https:\/\/nordicmart.andreevmaster.com\/da\/wp-json\/wp\/v2\/comments?post=19824"}],"wp:attachment":[{"href":"https:\/\/nordicmart.andreevmaster.com\/da\/wp-json\/wp\/v2\/media?parent=19824"}],"wp:term":[{"taxonomy":"product_brand","embeddable":true,"href":"https:\/\/nordicmart.andreevmaster.com\/da\/wp-json\/wp\/v2\/product_brand?post=19824"},{"taxonomy":"product_cat","embeddable":true,"href":"https:\/\/nordicmart.andreevmaster.com\/da\/wp-json\/wp\/v2\/product_cat?post=19824"},{"taxonomy":"product_tag","embeddable":true,"href":"https:\/\/nordicmart.andreevmaster.com\/da\/wp-json\/wp\/v2\/product_tag?post=19824"}],"curies":[{"name":"wp","href":"https:\/\/api.w.org\/{rel}","templated":true}]}}