{"id":19823,"date":"2026-02-27T00:06:42","date_gmt":"2026-02-27T00:06:42","guid":{"rendered":"https:\/\/nordicmart.andreevmaster.com\/product\/little-tikes-country-garden-playhouse-2\/"},"modified":"2026-02-27T08:51:54","modified_gmt":"2026-02-27T08:51:54","slug":"little-tikes-country-garden-playhouse-2","status":"publish","type":"product","link":"https:\/\/nordicmart.andreevmaster.com\/da\/vare\/little-tikes-country-garden-playhouse-2\/","title":{"rendered":"Little Tikes COUNTRY GARDEN PLAYHOUSE"},"content":{"rendered":"<p>Little Tikes Landlig legehus til haven, gr\u00f8n. <\/p>\n<p>* Indvendigt er der en vask med drejekran,<br \/>\n* et komfur med trykknapper og en telefon.<br \/>\n* Huset har en d\u00f8r, 4 vinduer og skodder, der er nemme at \u00e5bne og lukke.<\/p>\n<p>Det intrikat designede landsted vil ledsage b\u00f8rnene under leg og opmuntre dem til at g\u00e5 ud i haven for at f\u00e5 frisk luft. Det plastiske landsted inspirerer til kreativ leg, fremmer aktivitet og giver timevis af sjov med andre b\u00f8rn.<\/p>\n<p>Little Tikes blev grundlagt i 1970. I dag er det et af de vigtigste brands under MGA Entertainment og findes i mange lande og kulturer rundt om i verden. Little Tikes-produkter er meget popul\u00e6re og kendetegnes ved h\u00f8j kvalitet, sikkerhed og holdbarhed. Rotomolding-teknologi anvendes i designet og fremstillingen af haveleget\u00f8j \u2013 leget\u00f8jet har dobbeltv\u00e6gge, som beskytter det mod sol og vejrforhold og g\u00f8r det mere modstandsdygtigt over for pludselige st\u00f8d. Virksomheden sikrer, at dens produkter inspirerer til kreativ leg, tilskynder til aktivitet og opdagelse og bringer gl\u00e6de til b\u00f8rn, hvilket er grunden til, at den i \u00e5revis har nydt tillid hos for\u00e6ldre og g\u00e6ster i tusindvis af b\u00f8rnev\u00e6relser og b\u00f8rnehaver. Hvem kender ikke den nu ikoniske hammer med lyde og lyseffekter?<\/p>\n","protected":false},"excerpt":{"rendered":"<p>Little Tikes Landlig legehus til haven, gr\u00f8n. * Indvendigt er der en vask med drejekran, * et komfur med trykknapper og en telefon. * Huset har en d\u00f8r, 4 vinduer og skodder, der er nemme at \u00e5bne og lukke. Det intrikat designede landsted vil ledsage b\u00f8rnene under leg og opmuntre dem til at g\u00e5 ud [&hellip;]<\/p>\n","protected":false},"featured_media":0,"comment_status":"open","ping_status":"closed","template":"","meta":[],"product_brand":[],"product_cat":[31],"product_tag":[],"class_list":{"0":"post-19823","1":"product","2":"type-product","3":"status-publish","5":"product_cat-uncategorized-da","7":"first","8":"instock","9":"shipping-taxable","10":"purchasable","11":"product-type-simple"},"_links":{"self":[{"href":"https:\/\/nordicmart.andreevmaster.com\/da\/wp-json\/wp\/v2\/product\/19823","targetHints":{"allow":["GET"]}}],"collection":[{"href":"https:\/\/nordicmart.andreevmaster.com\/da\/wp-json\/wp\/v2\/product"}],"about":[{"href":"https:\/\/nordicmart.andreevmaster.com\/da\/wp-json\/wp\/v2\/types\/product"}],"replies":[{"embeddable":true,"href":"https:\/\/nordicmart.andreevmaster.com\/da\/wp-json\/wp\/v2\/comments?post=19823"}],"wp:attachment":[{"href":"https:\/\/nordicmart.andreevmaster.com\/da\/wp-json\/wp\/v2\/media?parent=19823"}],"wp:term":[{"taxonomy":"product_brand","embeddable":true,"href":"https:\/\/nordicmart.andreevmaster.com\/da\/wp-json\/wp\/v2\/product_brand?post=19823"},{"taxonomy":"product_cat","embeddable":true,"href":"https:\/\/nordicmart.andreevmaster.com\/da\/wp-json\/wp\/v2\/product_cat?post=19823"},{"taxonomy":"product_tag","embeddable":true,"href":"https:\/\/nordicmart.andreevmaster.com\/da\/wp-json\/wp\/v2\/product_tag?post=19823"}],"curies":[{"name":"wp","href":"https:\/\/api.w.org\/{rel}","templated":true}]}}