{"id":19822,"date":"2026-02-27T00:05:52","date_gmt":"2026-02-27T00:05:52","guid":{"rendered":"https:\/\/nordicmart.andreevmaster.com\/product\/viga-polarb-trae-diy-vaerksted\/"},"modified":"2026-02-27T08:51:54","modified_gmt":"2026-02-27T08:51:54","slug":"viga-polarb-trae-diy-vaerksted","status":"publish","type":"product","link":"https:\/\/nordicmart.andreevmaster.com\/da\/vare\/viga-polarb-trae-diy-vaerksted\/","title":{"rendered":"VIGA PolarB Tr\u00e6-DIY-v\u00e6rksted"},"content":{"rendered":"<p>DIY-v\u00e6rkstedet fra Viga Toys, der er en del af den eksklusive PolarB-serie, f\u00e5r dit barn til at f\u00f8le sig som en rigtig mekaniker. Dit barn kan hamre s\u00f8m i, stramme skruer med en skruen\u00f8gle og skrue tr\u00e6plader og tandhjul fast p\u00e5 arbejdsb\u00e6nken. Leget\u00f8jet har et ur med visere, tr\u00e6biler og forskellige v\u00e6rkt\u00f8jer.<\/p>\n<p>Egenskaber:<\/p>\n<p>* &#8211; s\u00e6ttet best\u00e5r af et v\u00e6rksted, v\u00e6rkt\u00f8j, skruer, flade tegninger af dyr,<br \/>\n* &#8211; b\u00f8rn kan stramme forskellige skruer, skifte hjul p\u00e5 leget\u00f8jsbiler og &#8220;sk\u00e6re&#8221; elementer,<br \/>\n* &#8211; v\u00e6rkt\u00f8j og forskellige elementer kan opbevares p\u00e5 en hylde under bordet.<\/p>\n<p>Leget\u00f8jet udvikler:<\/p>\n<p>* &#8211; fantasi,<br \/>\n* &#8211; fingerf\u00e6rdighed,<br \/>\n* &#8211; kreativitet,<br \/>\n* &#8211; motoriske f\u00e6rdigheder,<br \/>\n* &#8211; h\u00e5nd-\u00f8je-koordination.<\/p>\n","protected":false},"excerpt":{"rendered":"<p>DIY-v\u00e6rkstedet fra Viga Toys, der er en del af den eksklusive PolarB-serie, f\u00e5r dit barn til at f\u00f8le sig som en rigtig mekaniker. Dit barn kan hamre s\u00f8m i, stramme skruer med en skruen\u00f8gle og skrue tr\u00e6plader og tandhjul fast p\u00e5 arbejdsb\u00e6nken. Leget\u00f8jet har et ur med visere, tr\u00e6biler og forskellige v\u00e6rkt\u00f8jer. Egenskaber: * &#8211; [&hellip;]<\/p>\n","protected":false},"featured_media":0,"comment_status":"open","ping_status":"closed","template":"","meta":[],"product_brand":[],"product_cat":[31],"product_tag":[],"class_list":{"0":"post-19822","1":"product","2":"type-product","3":"status-publish","5":"product_cat-uncategorized-da","7":"first","8":"instock","9":"shipping-taxable","10":"purchasable","11":"product-type-simple"},"_links":{"self":[{"href":"https:\/\/nordicmart.andreevmaster.com\/da\/wp-json\/wp\/v2\/product\/19822","targetHints":{"allow":["GET"]}}],"collection":[{"href":"https:\/\/nordicmart.andreevmaster.com\/da\/wp-json\/wp\/v2\/product"}],"about":[{"href":"https:\/\/nordicmart.andreevmaster.com\/da\/wp-json\/wp\/v2\/types\/product"}],"replies":[{"embeddable":true,"href":"https:\/\/nordicmart.andreevmaster.com\/da\/wp-json\/wp\/v2\/comments?post=19822"}],"wp:attachment":[{"href":"https:\/\/nordicmart.andreevmaster.com\/da\/wp-json\/wp\/v2\/media?parent=19822"}],"wp:term":[{"taxonomy":"product_brand","embeddable":true,"href":"https:\/\/nordicmart.andreevmaster.com\/da\/wp-json\/wp\/v2\/product_brand?post=19822"},{"taxonomy":"product_cat","embeddable":true,"href":"https:\/\/nordicmart.andreevmaster.com\/da\/wp-json\/wp\/v2\/product_cat?post=19822"},{"taxonomy":"product_tag","embeddable":true,"href":"https:\/\/nordicmart.andreevmaster.com\/da\/wp-json\/wp\/v2\/product_tag?post=19822"}],"curies":[{"name":"wp","href":"https:\/\/api.w.org\/{rel}","templated":true}]}}