{"id":19821,"date":"2026-02-27T00:05:52","date_gmt":"2026-02-27T00:05:52","guid":{"rendered":"https:\/\/nordicmart.andreevmaster.com\/product\/step2-safari-truck-playground-slide-2\/"},"modified":"2026-02-27T08:51:54","modified_gmt":"2026-02-27T08:51:54","slug":"step2-safari-truck-playground-slide-2","status":"publish","type":"product","link":"https:\/\/nordicmart.andreevmaster.com\/da\/vare\/step2-safari-truck-playground-slide-2\/","title":{"rendered":"STEP2 Safari Truck Playground Slide"},"content":{"rendered":"<p>Safari Truck fra Step2 er en robust klatreplatform med en rutsjebane i form af et terr\u00e6ng\u00e5ende k\u00f8ret\u00f8j. K\u00f8ret\u00f8jets realistiske udseende, store hjul og \u00e5bne tag opmuntrer b\u00f8rn til at lege i haven. Sm\u00e5 eventyrere kan klatre op ad de store hjul som trapper til den h\u00f8jeste platform, hvor der er kikkert, som de kan observere dyrelivet igennem. Legepladsen er lavet af h\u00f8jkvalitets, sikker plast, som er holdbar og langtidsholdbar.<br \/>\nEgenskaber:<br \/>\n* &#8211; designet til b\u00f8rn i alderen 2-4 \u00e5r<br \/>\n* &#8211; inkluderer: klatrestativ med rutsjebane, rat og kikkert<br \/>\n* &#8211; realistisk design af et terr\u00e6ng\u00e5ende safarik\u00f8ret\u00f8j med store hjul<br \/>\n* &#8211; neutrale farver inspireret af safarier<br \/>\n* &#8211; holdbart k\u00f8lerd\u00e6ksel med forlygteklisterm\u00e6rker<br \/>\n* &#8211; \u00e5bent tag<br \/>\n* &#8211; maksimal belastning 37,5 kg<br \/>\n* &#8211; fremstillet af plast af h\u00f8j kvalitet<br \/>\n* &#8211; produkt til hjemmebrug<\/p>\n","protected":false},"excerpt":{"rendered":"<p>Safari Truck fra Step2 er en robust klatreplatform med en rutsjebane i form af et terr\u00e6ng\u00e5ende k\u00f8ret\u00f8j. K\u00f8ret\u00f8jets realistiske udseende, store hjul og \u00e5bne tag opmuntrer b\u00f8rn til at lege i haven. Sm\u00e5 eventyrere kan klatre op ad de store hjul som trapper til den h\u00f8jeste platform, hvor der er kikkert, som de kan observere [&hellip;]<\/p>\n","protected":false},"featured_media":0,"comment_status":"open","ping_status":"closed","template":"","meta":[],"product_brand":[],"product_cat":[31],"product_tag":[],"class_list":{"0":"post-19821","1":"product","2":"type-product","3":"status-publish","5":"product_cat-uncategorized-da","7":"first","8":"instock","9":"shipping-taxable","10":"purchasable","11":"product-type-simple"},"_links":{"self":[{"href":"https:\/\/nordicmart.andreevmaster.com\/da\/wp-json\/wp\/v2\/product\/19821","targetHints":{"allow":["GET"]}}],"collection":[{"href":"https:\/\/nordicmart.andreevmaster.com\/da\/wp-json\/wp\/v2\/product"}],"about":[{"href":"https:\/\/nordicmart.andreevmaster.com\/da\/wp-json\/wp\/v2\/types\/product"}],"replies":[{"embeddable":true,"href":"https:\/\/nordicmart.andreevmaster.com\/da\/wp-json\/wp\/v2\/comments?post=19821"}],"wp:attachment":[{"href":"https:\/\/nordicmart.andreevmaster.com\/da\/wp-json\/wp\/v2\/media?parent=19821"}],"wp:term":[{"taxonomy":"product_brand","embeddable":true,"href":"https:\/\/nordicmart.andreevmaster.com\/da\/wp-json\/wp\/v2\/product_brand?post=19821"},{"taxonomy":"product_cat","embeddable":true,"href":"https:\/\/nordicmart.andreevmaster.com\/da\/wp-json\/wp\/v2\/product_cat?post=19821"},{"taxonomy":"product_tag","embeddable":true,"href":"https:\/\/nordicmart.andreevmaster.com\/da\/wp-json\/wp\/v2\/product_tag?post=19821"}],"curies":[{"name":"wp","href":"https:\/\/api.w.org\/{rel}","templated":true}]}}