{"id":19820,"date":"2026-02-27T00:05:52","date_gmt":"2026-02-27T00:05:52","guid":{"rendered":"https:\/\/nordicmart.andreevmaster.com\/product\/trin-2-legehus-slot-legeplads-rutsjebane-til-born-2i1\/"},"modified":"2026-02-27T08:51:54","modified_gmt":"2026-02-27T08:51:54","slug":"trin-2-legehus-slot-legeplads-rutsjebane-til-born-2i1","status":"publish","type":"product","link":"https:\/\/nordicmart.andreevmaster.com\/da\/vare\/trin-2-legehus-slot-legeplads-rutsjebane-til-born-2i1\/","title":{"rendered":"TRIN 2 Legehus Slot Legeplads Rutsjebane til b\u00f8rn 2i1"},"content":{"rendered":"<p>Dette charmerende legehus og rutsjebane byder p\u00e5 uendelige muligheder! Det kan v\u00e6re et slot eller alt andet, de kan forestille sig! Dette stilfulde leges\u00e6t til baghaven er fremstillet af forskellige materialer, der giver det et unikt look. Det hele har et afd\u00e6mpet, klassisk udseende. De farverige plastkomponenter er b\u00f8rnevenlige og kan holde til timevis af leg! Denne legeplads vil underholde dine sm\u00e5 hele dagen lang!<\/p>\n<p>Funktioner:<\/p>\n<p>* &#8211; til b\u00f8rn fra 4 \u00e5r og opefter,<br \/>\n* &#8211; Produktet kan bruges som legehus eller slot,<br \/>\n* &#8211; Det har en h\u00f8j rutsjebane, der vil underholde dit barn,<br \/>\n* &#8211; Fremstillet udelukkende af holdbart materiale af h\u00f8j kvalitet,<\/p>\n<p>Step2 \u2013 kvalitet f\u00f8rst, fantastisk leget\u00f8j bagefter!<\/p>\n<p>Hvis du prioriterer kvalitet og sikkerhed, n\u00e5r du v\u00e6lger leget\u00f8j til dit barn, vil hele sortimentet af farverigt Step2-leget\u00f8j helt sikkert opfylde b\u00e5de b\u00f8rns og for\u00e6ldres forventninger. Sortimentet omfatter blandt andet: sandkasser, havehuse, legepladser, v\u00e6rksteder, leget\u00f8j til at k\u00f8re p\u00e5, k\u00f8kkener og b\u00f8rnem\u00f8bler.<\/p>\n","protected":false},"excerpt":{"rendered":"<p>Dette charmerende legehus og rutsjebane byder p\u00e5 uendelige muligheder! Det kan v\u00e6re et slot eller alt andet, de kan forestille sig! Dette stilfulde leges\u00e6t til baghaven er fremstillet af forskellige materialer, der giver det et unikt look. Det hele har et afd\u00e6mpet, klassisk udseende. De farverige plastkomponenter er b\u00f8rnevenlige og kan holde til timevis af [&hellip;]<\/p>\n","protected":false},"featured_media":0,"comment_status":"open","ping_status":"closed","template":"","meta":[],"product_brand":[],"product_cat":[31],"product_tag":[],"class_list":{"0":"post-19820","1":"product","2":"type-product","3":"status-publish","5":"product_cat-uncategorized-da","7":"first","8":"instock","9":"shipping-taxable","10":"purchasable","11":"product-type-simple"},"_links":{"self":[{"href":"https:\/\/nordicmart.andreevmaster.com\/da\/wp-json\/wp\/v2\/product\/19820","targetHints":{"allow":["GET"]}}],"collection":[{"href":"https:\/\/nordicmart.andreevmaster.com\/da\/wp-json\/wp\/v2\/product"}],"about":[{"href":"https:\/\/nordicmart.andreevmaster.com\/da\/wp-json\/wp\/v2\/types\/product"}],"replies":[{"embeddable":true,"href":"https:\/\/nordicmart.andreevmaster.com\/da\/wp-json\/wp\/v2\/comments?post=19820"}],"wp:attachment":[{"href":"https:\/\/nordicmart.andreevmaster.com\/da\/wp-json\/wp\/v2\/media?parent=19820"}],"wp:term":[{"taxonomy":"product_brand","embeddable":true,"href":"https:\/\/nordicmart.andreevmaster.com\/da\/wp-json\/wp\/v2\/product_brand?post=19820"},{"taxonomy":"product_cat","embeddable":true,"href":"https:\/\/nordicmart.andreevmaster.com\/da\/wp-json\/wp\/v2\/product_cat?post=19820"},{"taxonomy":"product_tag","embeddable":true,"href":"https:\/\/nordicmart.andreevmaster.com\/da\/wp-json\/wp\/v2\/product_tag?post=19820"}],"curies":[{"name":"wp","href":"https:\/\/api.w.org\/{rel}","templated":true}]}}