{"id":19818,"date":"2026-02-27T00:05:51","date_gmt":"2026-02-27T00:05:51","guid":{"rendered":"https:\/\/nordicmart.andreevmaster.com\/product\/woopie-magnetiske-byggeklodser-puzzle-110-stk-_8pcs\/"},"modified":"2026-02-27T08:51:54","modified_gmt":"2026-02-27T08:51:54","slug":"woopie-magnetiske-byggeklodser-puzzle-110-stk-_8pcs","status":"publish","type":"product","link":"https:\/\/nordicmart.andreevmaster.com\/da\/vare\/woopie-magnetiske-byggeklodser-puzzle-110-stk-_8pcs\/","title":{"rendered":"WOOPIE Magnetiske byggeklodser Puzzle 110 stk._8PCS"},"content":{"rendered":"<p>WOOPIE magnetiske byggeklodser kombinerer sjov og l\u00e6ring! Alt, hvad din unge bygherre skal g\u00f8re, er at s\u00e6tte klodserne sammen og begynde at skabe fantasifulde strukturer og mange andre m\u00f8nstre, s\u00e5som geometriske former, bogstaver, tal og endda matematiske operationer! Den eneste begr\u00e6nsning er deres fantasi. S\u00e6ttet indeholder 110 stykker og farverige inspirationskilder samt samlevejledning til at hj\u00e6lpe din lille. At bygge strukturer af klodser udvikler b\u00f8rns kreativitet, manuelle f\u00e6rdigheder (&#8220;finmotorik&#8221;), rumlige fantasi og koncentration.<\/p>\n<p>Egenskaber:<\/p>\n<p>* &#8211; leget\u00f8j til b\u00f8rn fra 3 \u00e5r<br \/>\n* &#8211; s\u00e6t med 110 magnetiske klodser + inspiration med samlevejledning<br \/>\n* &#8211; ubegr\u00e6nsede muligheder for at bygge forskellige strukturer<br \/>\n* &#8211; udvikler kreativitet, fantasi, manuelle f\u00e6rdigheder (&#8220;finmotorik&#8221;), rumlig fantasi og koncentration<br \/>\n* &#8211; farverig emballage, perfekt til en gave<\/p>\n<p>S\u00e6ttet indeholder:<\/p>\n<p>* &#8211; 33 x metalkugler med en diameter p\u00e5 1,2 cm<br \/>\n* &#8211; 56 x pinde, 6 cm lange<br \/>\n* &#8211; 21 x forbindelsesstykker<\/p>\n<p>PRISEN ER FOR ET S\u00c6T MED 8 PRODUKTER<\/p>\n","protected":false},"excerpt":{"rendered":"<p>WOOPIE magnetiske byggeklodser kombinerer sjov og l\u00e6ring! Alt, hvad din unge bygherre skal g\u00f8re, er at s\u00e6tte klodserne sammen og begynde at skabe fantasifulde strukturer og mange andre m\u00f8nstre, s\u00e5som geometriske former, bogstaver, tal og endda matematiske operationer! Den eneste begr\u00e6nsning er deres fantasi. S\u00e6ttet indeholder 110 stykker og farverige inspirationskilder samt samlevejledning til at [&hellip;]<\/p>\n","protected":false},"featured_media":0,"comment_status":"open","ping_status":"closed","template":"","meta":[],"product_brand":[],"product_cat":[31],"product_tag":[],"class_list":{"0":"post-19818","1":"product","2":"type-product","3":"status-publish","5":"product_cat-uncategorized-da","7":"first","8":"instock","9":"shipping-taxable","10":"purchasable","11":"product-type-simple"},"_links":{"self":[{"href":"https:\/\/nordicmart.andreevmaster.com\/da\/wp-json\/wp\/v2\/product\/19818","targetHints":{"allow":["GET"]}}],"collection":[{"href":"https:\/\/nordicmart.andreevmaster.com\/da\/wp-json\/wp\/v2\/product"}],"about":[{"href":"https:\/\/nordicmart.andreevmaster.com\/da\/wp-json\/wp\/v2\/types\/product"}],"replies":[{"embeddable":true,"href":"https:\/\/nordicmart.andreevmaster.com\/da\/wp-json\/wp\/v2\/comments?post=19818"}],"wp:attachment":[{"href":"https:\/\/nordicmart.andreevmaster.com\/da\/wp-json\/wp\/v2\/media?parent=19818"}],"wp:term":[{"taxonomy":"product_brand","embeddable":true,"href":"https:\/\/nordicmart.andreevmaster.com\/da\/wp-json\/wp\/v2\/product_brand?post=19818"},{"taxonomy":"product_cat","embeddable":true,"href":"https:\/\/nordicmart.andreevmaster.com\/da\/wp-json\/wp\/v2\/product_cat?post=19818"},{"taxonomy":"product_tag","embeddable":true,"href":"https:\/\/nordicmart.andreevmaster.com\/da\/wp-json\/wp\/v2\/product_tag?post=19818"}],"curies":[{"name":"wp","href":"https:\/\/api.w.org\/{rel}","templated":true}]}}