{"id":19816,"date":"2026-02-27T00:05:51","date_gmt":"2026-02-27T00:05:51","guid":{"rendered":"https:\/\/nordicmart.andreevmaster.com\/product\/falk-valtra-burgundy-pedaltraktor-med-trailer-og-skovl-fra-3-ar\/"},"modified":"2026-02-27T08:51:53","modified_gmt":"2026-02-27T08:51:53","slug":"falk-valtra-burgundy-pedaltraktor-med-trailer-og-skovl-fra-3-ar","status":"publish","type":"product","link":"https:\/\/nordicmart.andreevmaster.com\/da\/vare\/falk-valtra-burgundy-pedaltraktor-med-trailer-og-skovl-fra-3-ar\/","title":{"rendered":"FALK Valtra Burgundy pedaltraktor med trailer og skovl, fra 3 \u00e5r"},"content":{"rendered":"<p>Valtra pedaltraktor med trailer fra FALK er en dr\u00f8m, der g\u00e5r i opfyldelse for mange sm\u00e5 traktorf\u00f8rere. Omhyggeligt fremstillet med opm\u00e6rksomhed p\u00e5 selv de mindste detaljer! Ingen landmand ville vende n\u00e6sen op ad den. K\u00f8ret\u00f8jet er fremstillet af plast af h\u00f8jeste kvalitet og er designet til b\u00f8rn fra 3 \u00e5r og opefter. Den er udstyret med en frontskovl, en aftagelig trailer med paneler og et rat med horn. Traktorens hjul er fremstillet af plast af h\u00f8j kvalitet.<\/p>\n<p>Egenskaber:<\/p>\n<p>* &#8211; Til b\u00f8rn fra 3 \u00e5r<br \/>\n* &#8211; Maksimal belastning op til 50 kg<br \/>\n* &#8211; Horn i styret<br \/>\n* &#8211; K\u00e6dedrev p\u00e5 bagakslen<br \/>\n* &#8211; Aftagelig trailer<br \/>\n* &#8211; Styret foraksel<br \/>\n* &#8211; Hjul af h\u00f8jkvalitetsplast<br \/>\n* &#8211; Stabil og sikker<br \/>\n* &#8211; Produktet kr\u00e6ver delvis samling<\/p>\n<p>S\u00e6ttet indeholder:<\/p>\n<p>* &#8211; Traktor<br \/>\n* &#8211; L\u00e6sseskovl<br \/>\n* &#8211; Trailer<\/p>\n<p>Leget\u00f8jet udvikler:<\/p>\n<p>* &#8211; Grovmotorik<br \/>\n* &#8211; Motorisk koordination<br \/>\n* &#8211; Fantasi og kreativitet<br \/>\n* &#8211; Selvtillid<\/p>\n<p>Falk er en f\u00f8rende europ\u00e6isk producent af pedalbiler af h\u00f8j kvalitet. Virksomhedens produktsortiment omfatter traktorer med licens fra m\u00e6rker som Claas, Renault, McCormick, Kubota, Case IH og andre. Alle k\u00f8ret\u00f8jer er fremstillet i Frankrig af materialer af h\u00f8j kvalitet.<\/p>\n","protected":false},"excerpt":{"rendered":"<p>Valtra pedaltraktor med trailer fra FALK er en dr\u00f8m, der g\u00e5r i opfyldelse for mange sm\u00e5 traktorf\u00f8rere. Omhyggeligt fremstillet med opm\u00e6rksomhed p\u00e5 selv de mindste detaljer! Ingen landmand ville vende n\u00e6sen op ad den. K\u00f8ret\u00f8jet er fremstillet af plast af h\u00f8jeste kvalitet og er designet til b\u00f8rn fra 3 \u00e5r og opefter. Den er udstyret [&hellip;]<\/p>\n","protected":false},"featured_media":0,"comment_status":"open","ping_status":"closed","template":"","meta":[],"product_brand":[],"product_cat":[31],"product_tag":[],"class_list":{"0":"post-19816","1":"product","2":"type-product","3":"status-publish","5":"product_cat-uncategorized-da","7":"first","8":"instock","9":"shipping-taxable","10":"purchasable","11":"product-type-simple"},"_links":{"self":[{"href":"https:\/\/nordicmart.andreevmaster.com\/da\/wp-json\/wp\/v2\/product\/19816","targetHints":{"allow":["GET"]}}],"collection":[{"href":"https:\/\/nordicmart.andreevmaster.com\/da\/wp-json\/wp\/v2\/product"}],"about":[{"href":"https:\/\/nordicmart.andreevmaster.com\/da\/wp-json\/wp\/v2\/types\/product"}],"replies":[{"embeddable":true,"href":"https:\/\/nordicmart.andreevmaster.com\/da\/wp-json\/wp\/v2\/comments?post=19816"}],"wp:attachment":[{"href":"https:\/\/nordicmart.andreevmaster.com\/da\/wp-json\/wp\/v2\/media?parent=19816"}],"wp:term":[{"taxonomy":"product_brand","embeddable":true,"href":"https:\/\/nordicmart.andreevmaster.com\/da\/wp-json\/wp\/v2\/product_brand?post=19816"},{"taxonomy":"product_cat","embeddable":true,"href":"https:\/\/nordicmart.andreevmaster.com\/da\/wp-json\/wp\/v2\/product_cat?post=19816"},{"taxonomy":"product_tag","embeddable":true,"href":"https:\/\/nordicmart.andreevmaster.com\/da\/wp-json\/wp\/v2\/product_tag?post=19816"}],"curies":[{"name":"wp","href":"https:\/\/api.w.org\/{rel}","templated":true}]}}