{"id":19815,"date":"2026-02-27T00:05:51","date_gmt":"2026-02-27T00:05:51","guid":{"rendered":"https:\/\/nordicmart.andreevmaster.com\/product\/falk-stojdaempende-gummi-til-traktorer-fra-3-ar\/"},"modified":"2026-02-27T08:51:53","modified_gmt":"2026-02-27T08:51:53","slug":"falk-stojdaempende-gummi-til-traktorer-fra-3-ar","status":"publish","type":"product","link":"https:\/\/nordicmart.andreevmaster.com\/da\/vare\/falk-stojdaempende-gummi-til-traktorer-fra-3-ar\/","title":{"rendered":"FALK St\u00f8jd\u00e6mpende gummi til traktorer fra 3 \u00e5r"},"content":{"rendered":"<p>St\u00f8jd\u00e6mpende gummi til Falk leget\u00f8jstraktorhjul fra 3 \u00e5r er ideelt til b\u00f8rn, da det g\u00f8r det lettere for dem at bev\u00e6ge sig rundt, men ogs\u00e5 for for\u00e6ldre, da det ikke st\u00f8jer som plastikhjul. S\u00e6ttet indeholder 4 b\u00e5nd.<\/p>\n<p>Egenskaber:<\/p>\n<p>* &#8211; Passer til alle traktorer til b\u00f8rn i alderen 3-7 \u00e5r<br \/>\n* &#8211; S\u00e6ttet indeholder 4 st\u00f8jreducerende gummib\u00e5nd<br \/>\n* &#8211; Til traktorer fra 3 \u00e5r<br \/>\n* &#8211; St\u00f8rre stabilitet og tr\u00e6kkraft for barnet<br \/>\n* &#8211; Praktisk for for\u00e6ldrene, da der ikke er st\u00f8j fra plasthjul<br \/>\n* &#8211; Ca. diameter p\u00e5 forhjul &#8211; ca. 25 cm \/\/ baghjul ca. 32 cm<\/p>\n","protected":false},"excerpt":{"rendered":"<p>St\u00f8jd\u00e6mpende gummi til Falk leget\u00f8jstraktorhjul fra 3 \u00e5r er ideelt til b\u00f8rn, da det g\u00f8r det lettere for dem at bev\u00e6ge sig rundt, men ogs\u00e5 for for\u00e6ldre, da det ikke st\u00f8jer som plastikhjul. S\u00e6ttet indeholder 4 b\u00e5nd. Egenskaber: * &#8211; Passer til alle traktorer til b\u00f8rn i alderen 3-7 \u00e5r * &#8211; S\u00e6ttet indeholder 4 [&hellip;]<\/p>\n","protected":false},"featured_media":0,"comment_status":"open","ping_status":"closed","template":"","meta":[],"product_brand":[],"product_cat":[31],"product_tag":[],"class_list":{"0":"post-19815","1":"product","2":"type-product","3":"status-publish","5":"product_cat-uncategorized-da","7":"first","8":"instock","9":"shipping-taxable","10":"purchasable","11":"product-type-simple"},"_links":{"self":[{"href":"https:\/\/nordicmart.andreevmaster.com\/da\/wp-json\/wp\/v2\/product\/19815","targetHints":{"allow":["GET"]}}],"collection":[{"href":"https:\/\/nordicmart.andreevmaster.com\/da\/wp-json\/wp\/v2\/product"}],"about":[{"href":"https:\/\/nordicmart.andreevmaster.com\/da\/wp-json\/wp\/v2\/types\/product"}],"replies":[{"embeddable":true,"href":"https:\/\/nordicmart.andreevmaster.com\/da\/wp-json\/wp\/v2\/comments?post=19815"}],"wp:attachment":[{"href":"https:\/\/nordicmart.andreevmaster.com\/da\/wp-json\/wp\/v2\/media?parent=19815"}],"wp:term":[{"taxonomy":"product_brand","embeddable":true,"href":"https:\/\/nordicmart.andreevmaster.com\/da\/wp-json\/wp\/v2\/product_brand?post=19815"},{"taxonomy":"product_cat","embeddable":true,"href":"https:\/\/nordicmart.andreevmaster.com\/da\/wp-json\/wp\/v2\/product_cat?post=19815"},{"taxonomy":"product_tag","embeddable":true,"href":"https:\/\/nordicmart.andreevmaster.com\/da\/wp-json\/wp\/v2\/product_tag?post=19815"}],"curies":[{"name":"wp","href":"https:\/\/api.w.org\/{rel}","templated":true}]}}