{"id":19814,"date":"2026-02-27T00:05:50","date_gmt":"2026-02-27T00:05:50","guid":{"rendered":"https:\/\/nordicmart.andreevmaster.com\/product\/falk-claas-470-arion-green-ride-on-toy-med-trailer-sandsaet\/"},"modified":"2026-02-27T08:51:53","modified_gmt":"2026-02-27T08:51:53","slug":"falk-claas-470-arion-green-ride-on-toy-med-trailer-sandsaet","status":"publish","type":"product","link":"https:\/\/nordicmart.andreevmaster.com\/da\/vare\/falk-claas-470-arion-green-ride-on-toy-med-trailer-sandsaet\/","title":{"rendered":"FALK Claas 470 Arion Green Ride-On Toy med trailer + sands\u00e6t"},"content":{"rendered":"<p>Denne sensationelle Claas Arion ride-on traktor fra Falk er det perfekte k\u00f8ret\u00f8j til alle sm\u00e5 fans af landbrugsmaskiner. Takket v\u00e6re den aftagelige trailer og hornet, der er indbygget i rattet, f\u00e5r leg som landmand en helt ny dimension. Den stabile konstruktion og plasten af h\u00f8j kvalitet garanterer sikkerhed og holdbarhed. Det er et fremragende leget\u00f8j, der udvikler fysisk kondition og fantasi.<\/p>\n<p>Egenskaber:<\/p>\n<p>* &#8211; Leget\u00f8j til b\u00f8rn fra 1 \u00e5r.<br \/>\n* &#8211; Maksimal belastning 25 kg.<br \/>\n* &#8211; Har en horn i rattet.<br \/>\n* &#8211; Aftagelig trailer medf\u00f8lger.* &#8211; Fremstillet af holdbart og sikkert plast.<br \/>\n* &#8211; Stabil og sikker konstruktion.<\/p>\n<p>S\u00e6ttet indeholder:<\/p>\n<p>* &#8211; Traktor til at k\u00f8re p\u00e5<br \/>\n* &#8211; Aftagelig trailer<br \/>\n* &#8211; Rive<br \/>\n* &#8211; Skovl<\/p>\n<p>Leget\u00f8jet udvikler:<\/p>\n<p>* &#8211; Grovmotorik og fysisk kondition<br \/>\n* &#8211; Motorisk koordination og balance<br \/>\n* &#8211; Fantasi og kreativitet<br \/>\n* &#8211; En f\u00f8lelse af uafh\u00e6ngighed og selvtillid<\/p>\n<p>[img-126961-left-thickbox_default]<\/p>\n<p>[img-126960-left-thickbox_default]<\/p>\n<p>[img-126960-left-thickbox_default]<\/p>\n","protected":false},"excerpt":{"rendered":"<p>Denne sensationelle Claas Arion ride-on traktor fra Falk er det perfekte k\u00f8ret\u00f8j til alle sm\u00e5 fans af landbrugsmaskiner. Takket v\u00e6re den aftagelige trailer og hornet, der er indbygget i rattet, f\u00e5r leg som landmand en helt ny dimension. Den stabile konstruktion og plasten af h\u00f8j kvalitet garanterer sikkerhed og holdbarhed. Det er et fremragende leget\u00f8j, [&hellip;]<\/p>\n","protected":false},"featured_media":0,"comment_status":"open","ping_status":"closed","template":"","meta":[],"product_brand":[],"product_cat":[31],"product_tag":[],"class_list":{"0":"post-19814","1":"product","2":"type-product","3":"status-publish","5":"product_cat-uncategorized-da","7":"first","8":"instock","9":"shipping-taxable","10":"purchasable","11":"product-type-simple"},"_links":{"self":[{"href":"https:\/\/nordicmart.andreevmaster.com\/da\/wp-json\/wp\/v2\/product\/19814","targetHints":{"allow":["GET"]}}],"collection":[{"href":"https:\/\/nordicmart.andreevmaster.com\/da\/wp-json\/wp\/v2\/product"}],"about":[{"href":"https:\/\/nordicmart.andreevmaster.com\/da\/wp-json\/wp\/v2\/types\/product"}],"replies":[{"embeddable":true,"href":"https:\/\/nordicmart.andreevmaster.com\/da\/wp-json\/wp\/v2\/comments?post=19814"}],"wp:attachment":[{"href":"https:\/\/nordicmart.andreevmaster.com\/da\/wp-json\/wp\/v2\/media?parent=19814"}],"wp:term":[{"taxonomy":"product_brand","embeddable":true,"href":"https:\/\/nordicmart.andreevmaster.com\/da\/wp-json\/wp\/v2\/product_brand?post=19814"},{"taxonomy":"product_cat","embeddable":true,"href":"https:\/\/nordicmart.andreevmaster.com\/da\/wp-json\/wp\/v2\/product_cat?post=19814"},{"taxonomy":"product_tag","embeddable":true,"href":"https:\/\/nordicmart.andreevmaster.com\/da\/wp-json\/wp\/v2\/product_tag?post=19814"}],"curies":[{"name":"wp","href":"https:\/\/api.w.org\/{rel}","templated":true}]}}