{"id":19811,"date":"2026-02-27T00:05:50","date_gmt":"2026-02-27T00:05:50","guid":{"rendered":"https:\/\/nordicmart.andreevmaster.com\/product\/falk-new-holland-stor-pedaltraktor-med-trailer-fra-3-ar\/"},"modified":"2026-02-27T08:51:53","modified_gmt":"2026-02-27T08:51:53","slug":"falk-new-holland-stor-pedaltraktor-med-trailer-fra-3-ar","status":"publish","type":"product","link":"https:\/\/nordicmart.andreevmaster.com\/da\/vare\/falk-new-holland-stor-pedaltraktor-med-trailer-fra-3-ar\/","title":{"rendered":"FALK New Holland stor pedaltraktor med trailer fra 3 \u00e5r"},"content":{"rendered":"<p>Den nye Holland-pedaltraktor med trailer fra FALK er en dr\u00f8m, der g\u00e5r i opfyldelse for mange sm\u00e5 traktorf\u00f8rere. Omhyggeligt fremstillet med opm\u00e6rksomhed p\u00e5 selv de mindste detaljer! Ingen landmand ville vende n\u00e6sen op ad denne. K\u00f8ret\u00f8jet er fremstillet af plast af h\u00f8jeste kvalitet. Designet til b\u00f8rn fra 3 \u00e5r og opefter. K\u00f8ret\u00f8jet er udstyret med en aftagelig trailer med paneler og et rat med horn. Traktorens hjul er fremstillet af plast af h\u00f8j kvalitet.<\/p>\n<p>Egenskaber:<\/p>\n<p>* &#8211; til b\u00f8rn fra 3 \u00e5r og opefter,<br \/>\n* &#8211; maksimal belastning op til 50 kg,<br \/>\n* &#8211; horn i styret,<br \/>\n* &#8211; k\u00e6dedrev til bagakslen,<br \/>\n* &#8211; aftagelig trailer,<br \/>\n* &#8211; drejelig foraksel,* &#8211; hjul af h\u00f8jkvalitetsplast,<br \/>\n* &#8211; stabil og sikker,<br \/>\n* &#8211; produktet kr\u00e6ver delvis samling.<\/p>\n<p>Falk er en f\u00f8rende europ\u00e6isk producent af h\u00f8jkvalitets pedalk\u00f8ret\u00f8jer. Virksomhedens produktsortiment omfatter traktorer med licens fra m\u00e6rker som Claas, Renault, McCormick, Kubota, Case IH og andre. Alle k\u00f8ret\u00f8jer er fremstillet i Frankrig af materialer af h\u00f8j kvalitet.<\/p>\n","protected":false},"excerpt":{"rendered":"<p>Den nye Holland-pedaltraktor med trailer fra FALK er en dr\u00f8m, der g\u00e5r i opfyldelse for mange sm\u00e5 traktorf\u00f8rere. Omhyggeligt fremstillet med opm\u00e6rksomhed p\u00e5 selv de mindste detaljer! Ingen landmand ville vende n\u00e6sen op ad denne. K\u00f8ret\u00f8jet er fremstillet af plast af h\u00f8jeste kvalitet. Designet til b\u00f8rn fra 3 \u00e5r og opefter. K\u00f8ret\u00f8jet er udstyret med [&hellip;]<\/p>\n","protected":false},"featured_media":0,"comment_status":"open","ping_status":"closed","template":"","meta":[],"product_brand":[],"product_cat":[31],"product_tag":[],"class_list":{"0":"post-19811","1":"product","2":"type-product","3":"status-publish","5":"product_cat-uncategorized-da","7":"first","8":"instock","9":"shipping-taxable","10":"purchasable","11":"product-type-simple"},"_links":{"self":[{"href":"https:\/\/nordicmart.andreevmaster.com\/da\/wp-json\/wp\/v2\/product\/19811","targetHints":{"allow":["GET"]}}],"collection":[{"href":"https:\/\/nordicmart.andreevmaster.com\/da\/wp-json\/wp\/v2\/product"}],"about":[{"href":"https:\/\/nordicmart.andreevmaster.com\/da\/wp-json\/wp\/v2\/types\/product"}],"replies":[{"embeddable":true,"href":"https:\/\/nordicmart.andreevmaster.com\/da\/wp-json\/wp\/v2\/comments?post=19811"}],"wp:attachment":[{"href":"https:\/\/nordicmart.andreevmaster.com\/da\/wp-json\/wp\/v2\/media?parent=19811"}],"wp:term":[{"taxonomy":"product_brand","embeddable":true,"href":"https:\/\/nordicmart.andreevmaster.com\/da\/wp-json\/wp\/v2\/product_brand?post=19811"},{"taxonomy":"product_cat","embeddable":true,"href":"https:\/\/nordicmart.andreevmaster.com\/da\/wp-json\/wp\/v2\/product_cat?post=19811"},{"taxonomy":"product_tag","embeddable":true,"href":"https:\/\/nordicmart.andreevmaster.com\/da\/wp-json\/wp\/v2\/product_tag?post=19811"}],"curies":[{"name":"wp","href":"https:\/\/api.w.org\/{rel}","templated":true}]}}