{"id":19807,"date":"2026-02-27T00:05:49","date_gmt":"2026-02-27T00:05:49","guid":{"rendered":"https:\/\/nordicmart.andreevmaster.com\/product\/falk-kubota-traktor-orange-med-trailer-tilbehor-fra-1-ar\/"},"modified":"2026-02-27T08:51:52","modified_gmt":"2026-02-27T08:51:52","slug":"falk-kubota-traktor-orange-med-trailer-tilbehor-fra-1-ar","status":"publish","type":"product","link":"https:\/\/nordicmart.andreevmaster.com\/da\/vare\/falk-kubota-traktor-orange-med-trailer-tilbehor-fra-1-ar\/","title":{"rendered":"FALK Kubota traktor orange med trailer + tilbeh\u00f8r fra 1 \u00e5r"},"content":{"rendered":"<p>Kubota-traktoren med trailer fra Falk er en dr\u00f8m, der g\u00e5r i opfyldelse for mange sm\u00e5 traktorf\u00f8rere. Omhyggeligt fremstillet med opm\u00e6rksomhed p\u00e5 selv de mindste detaljer! Ingen rigtig landmand ville vende n\u00e6sen op ad denne. K\u00f8ret\u00f8jet er fremstillet af plast af h\u00f8jeste kvalitet og er designet til b\u00f8rn fra 12 m\u00e5neder og opefter. K\u00f8ret\u00f8jet er udstyret med en aftagelig trailer med paneler og et rat med horn. Traktorens hjul er fremstillet af plast af h\u00f8j kvalitet. Derudover leveres traktoren med en rive og en skovl, som dit barn kan lege med. Med de medf\u00f8lgende klisterm\u00e6rker kan dit barn v\u00e6lge sin egen unikke stil. Et smilende ansigt eller et standardklisterm\u00e6rke? Overrask alle og s\u00e6t det p\u00e5 forsiden af k\u00f8ret\u00f8jet. <\/p>\n<p>Egenskaber: <\/p>\n<p>* &#8211; fra 12 m\u00e5neder,<br \/>\n* &#8211; maksimal belastning 25 kg,<br \/>\n* &#8211; horn i styret,<br \/>\n* &#8211; aftagelig trailer,<br \/>\n* &#8211; drejelig foraksel,* &#8211; hjul af h\u00f8jkvalitetsplast,<br \/>\n* &#8211; stabil og sikker,<br \/>\n* &#8211; produktet kr\u00e6ver delvis samling,<br \/>\n* &#8211; rive og skovl medf\u00f8lger<br \/>\n* &#8211; 2 s\u00e6t klisterm\u00e6rker<\/p>\n<p>Falk er en f\u00f8rende europ\u00e6isk producent af h\u00f8jkvalitets pedalk\u00f8ret\u00f8jer. Virksomhedens produktsortiment omfatter traktorer med licens fra m\u00e6rker som Claas, Renault, McCormick, Kubota, Case IH og andre. Alle k\u00f8ret\u00f8jer er fremstillet i Frankrig af materialer af h\u00f8j kvalitet.<\/p>\n","protected":false},"excerpt":{"rendered":"<p>Kubota-traktoren med trailer fra Falk er en dr\u00f8m, der g\u00e5r i opfyldelse for mange sm\u00e5 traktorf\u00f8rere. Omhyggeligt fremstillet med opm\u00e6rksomhed p\u00e5 selv de mindste detaljer! Ingen rigtig landmand ville vende n\u00e6sen op ad denne. K\u00f8ret\u00f8jet er fremstillet af plast af h\u00f8jeste kvalitet og er designet til b\u00f8rn fra 12 m\u00e5neder og opefter. K\u00f8ret\u00f8jet er udstyret [&hellip;]<\/p>\n","protected":false},"featured_media":0,"comment_status":"open","ping_status":"closed","template":"","meta":[],"product_brand":[],"product_cat":[31],"product_tag":[],"class_list":{"0":"post-19807","1":"product","2":"type-product","3":"status-publish","5":"product_cat-uncategorized-da","7":"first","8":"instock","9":"shipping-taxable","10":"purchasable","11":"product-type-simple"},"_links":{"self":[{"href":"https:\/\/nordicmart.andreevmaster.com\/da\/wp-json\/wp\/v2\/product\/19807","targetHints":{"allow":["GET"]}}],"collection":[{"href":"https:\/\/nordicmart.andreevmaster.com\/da\/wp-json\/wp\/v2\/product"}],"about":[{"href":"https:\/\/nordicmart.andreevmaster.com\/da\/wp-json\/wp\/v2\/types\/product"}],"replies":[{"embeddable":true,"href":"https:\/\/nordicmart.andreevmaster.com\/da\/wp-json\/wp\/v2\/comments?post=19807"}],"wp:attachment":[{"href":"https:\/\/nordicmart.andreevmaster.com\/da\/wp-json\/wp\/v2\/media?parent=19807"}],"wp:term":[{"taxonomy":"product_brand","embeddable":true,"href":"https:\/\/nordicmart.andreevmaster.com\/da\/wp-json\/wp\/v2\/product_brand?post=19807"},{"taxonomy":"product_cat","embeddable":true,"href":"https:\/\/nordicmart.andreevmaster.com\/da\/wp-json\/wp\/v2\/product_cat?post=19807"},{"taxonomy":"product_tag","embeddable":true,"href":"https:\/\/nordicmart.andreevmaster.com\/da\/wp-json\/wp\/v2\/product_tag?post=19807"}],"curies":[{"name":"wp","href":"https:\/\/api.w.org\/{rel}","templated":true}]}}