{"id":19804,"date":"2026-02-27T00:05:49","date_gmt":"2026-02-27T00:05:49","guid":{"rendered":"https:\/\/nordicmart.andreevmaster.com\/product\/falk-baby-case-ih-ride-on-traktor-med-trailer-tilbehor-fra-12-maneder\/"},"modified":"2026-02-27T08:51:51","modified_gmt":"2026-02-27T08:51:51","slug":"falk-baby-case-ih-ride-on-traktor-med-trailer-tilbehor-fra-12-maneder","status":"publish","type":"product","link":"https:\/\/nordicmart.andreevmaster.com\/da\/vare\/falk-baby-case-ih-ride-on-traktor-med-trailer-tilbehor-fra-12-maneder\/","title":{"rendered":"FALK Baby Case IH Ride-On Traktor med Trailer + tilbeh\u00f8r, fra 12 m\u00e5neder"},"content":{"rendered":"<p>Baby CASE IH Ride-On Traktor med Trailer fra FALK er en dr\u00f8m, der g\u00e5r i opfyldelse for mange sm\u00e5 traktorf\u00f8rere. Omhyggeligt fremstillet med opm\u00e6rksomhed p\u00e5 selv de mindste detaljer! Ingen rigtig landmand ville vende n\u00e6sen op ad denne. K\u00f8ret\u00f8jet er lavet af plast af h\u00f8jeste kvalitet og er designet til b\u00f8rn fra 12 m\u00e5neder og opefter. K\u00f8ret\u00f8jet er udstyret med en aftagelig trailer med paneler og et rat med horn. Traktorens hjul er lavet af plast af h\u00f8j kvalitet. Derudover leveres traktoren med en rive og en skovl, som dit barn kan lege med. Med de medf\u00f8lgende klisterm\u00e6rker kan dit barn v\u00e6lge sin egen unikke stil. Et smilende ansigt eller et standardklisterm\u00e6rke? Overrask alle og s\u00e6t det p\u00e5 forsiden af k\u00f8ret\u00f8jet. <\/p>\n<p>Funktioner: <\/p>\n<p>* &#8211; Fra 12 m\u00e5neder<br \/>\n* &#8211; Maksimal belastning 25 kg<br \/>\n* &#8211; Horn i styret<br \/>\n* &#8211; Aftagelig trailer<br \/>\n* &#8211; Styret foraksel<br \/>\n* &#8211; Hjul lavet af plast i h\u00f8j kvalitet<br \/>\n* &#8211; Stabil og sikker<br \/>\n* &#8211; Produktet kr\u00e6ver delvis samling<\/p>\n<p>S\u00e6ttet indeholder:<\/p>\n<p>* &#8211; Baby CASE IH ride-on traktor<br \/>\n* &#8211; Aftagelig trailer<br \/>\n* &#8211; Rive<br \/>\n* &#8211; Skovl<br \/>\n* &#8211; 2 s\u00e6t klisterm\u00e6rker<\/p>\n<p>Leget\u00f8jet udvikler:<\/p>\n<p>* &#8211; Motorisk koordination<br \/>\n* &#8211; Balance<br \/>\n* &#8211; Muskelstyrke<br \/>\n* &#8211; Rumlig orientering<\/p>\n","protected":false},"excerpt":{"rendered":"<p>Baby CASE IH Ride-On Traktor med Trailer fra FALK er en dr\u00f8m, der g\u00e5r i opfyldelse for mange sm\u00e5 traktorf\u00f8rere. Omhyggeligt fremstillet med opm\u00e6rksomhed p\u00e5 selv de mindste detaljer! Ingen rigtig landmand ville vende n\u00e6sen op ad denne. K\u00f8ret\u00f8jet er lavet af plast af h\u00f8jeste kvalitet og er designet til b\u00f8rn fra 12 m\u00e5neder og [&hellip;]<\/p>\n","protected":false},"featured_media":0,"comment_status":"open","ping_status":"closed","template":"","meta":[],"product_brand":[],"product_cat":[31],"product_tag":[],"class_list":{"0":"post-19804","1":"product","2":"type-product","3":"status-publish","5":"product_cat-uncategorized-da","7":"first","8":"instock","9":"shipping-taxable","10":"purchasable","11":"product-type-simple"},"_links":{"self":[{"href":"https:\/\/nordicmart.andreevmaster.com\/da\/wp-json\/wp\/v2\/product\/19804","targetHints":{"allow":["GET"]}}],"collection":[{"href":"https:\/\/nordicmart.andreevmaster.com\/da\/wp-json\/wp\/v2\/product"}],"about":[{"href":"https:\/\/nordicmart.andreevmaster.com\/da\/wp-json\/wp\/v2\/types\/product"}],"replies":[{"embeddable":true,"href":"https:\/\/nordicmart.andreevmaster.com\/da\/wp-json\/wp\/v2\/comments?post=19804"}],"wp:attachment":[{"href":"https:\/\/nordicmart.andreevmaster.com\/da\/wp-json\/wp\/v2\/media?parent=19804"}],"wp:term":[{"taxonomy":"product_brand","embeddable":true,"href":"https:\/\/nordicmart.andreevmaster.com\/da\/wp-json\/wp\/v2\/product_brand?post=19804"},{"taxonomy":"product_cat","embeddable":true,"href":"https:\/\/nordicmart.andreevmaster.com\/da\/wp-json\/wp\/v2\/product_cat?post=19804"},{"taxonomy":"product_tag","embeddable":true,"href":"https:\/\/nordicmart.andreevmaster.com\/da\/wp-json\/wp\/v2\/product_tag?post=19804"}],"curies":[{"name":"wp","href":"https:\/\/api.w.org\/{rel}","templated":true}]}}