{"id":19799,"date":"2026-02-27T00:05:48","date_gmt":"2026-02-27T00:05:48","guid":{"rendered":"https:\/\/nordicmart.andreevmaster.com\/product\/falk-rainbow-hvid-traktor-med-trailer-fra-1-ar\/"},"modified":"2026-02-27T08:51:51","modified_gmt":"2026-02-27T08:51:51","slug":"falk-rainbow-hvid-traktor-med-trailer-fra-1-ar","status":"publish","type":"product","link":"https:\/\/nordicmart.andreevmaster.com\/da\/vare\/falk-rainbow-hvid-traktor-med-trailer-fra-1-ar\/","title":{"rendered":"FALK Rainbow hvid traktor med trailer fra 1 \u00e5r"},"content":{"rendered":"<p>Falk Rainbow ride-on traktor med trailer er en dr\u00f8m, der g\u00e5r i opfyldelse for mange sm\u00e5 traktorf\u00f8rere. Omhyggeligt fremstillet med opm\u00e6rksomhed p\u00e5 selv de mindste detaljer! Ingen rigtig landmand ville vende n\u00e6sen op ad denne. K\u00f8ret\u00f8jet er lavet af plast af h\u00f8jeste kvalitet og er designet til b\u00f8rn fra 12 m\u00e5neder og opefter. K\u00f8ret\u00f8jet er udstyret med en aftagelig trailer med paneler og et rat med horn. Traktorens hjul er lavet af plast af h\u00f8j kvalitet. De medf\u00f8lgende klisterm\u00e6rker giver dit barn mulighed for at v\u00e6lge sin egen unikke stil. Et smilende ansigt eller et standardklisterm\u00e6rke? Overrask alle og s\u00e6t det p\u00e5 forsiden af k\u00f8ret\u00f8jet. <\/p>\n<p>Egenskaber: <\/p>\n<p>* &#8211; fra 12 m\u00e5neder,<br \/>\n* &#8211; maksimal belastning 25 kg,<br \/>\n* &#8211; horn i rattet,<br \/>\n* &#8211; aftagelig trailer<br \/>\n* &#8211; drejelig foraksel,* &#8211; hjul af h\u00f8jkvalitetsplast,<br \/>\n* &#8211; stabil og sikker,<br \/>\n* &#8211; produktet kr\u00e6ver delvis samling,<br \/>\n* &#8211; s\u00e6ttet indeholder 2 klisterm\u00e6rker til fronten at v\u00e6lge imellem<\/p>\n<p>S\u00e6ttet indeholder:<\/p>\n<p>* &#8211; Traktor<br \/>\n* &#8211; Trailer<br \/>\n* &#8211; 2 klisterm\u00e6rker<\/p>\n<p>Leget\u00f8jet udvikler:<\/p>\n<p>* &#8211; Fin- og grovmotorik<br \/>\n* &#8211; Manuelle f\u00e6rdigheder<br \/>\n* &#8211; Motorisk koordination<\/p>\n","protected":false},"excerpt":{"rendered":"<p>Falk Rainbow ride-on traktor med trailer er en dr\u00f8m, der g\u00e5r i opfyldelse for mange sm\u00e5 traktorf\u00f8rere. Omhyggeligt fremstillet med opm\u00e6rksomhed p\u00e5 selv de mindste detaljer! Ingen rigtig landmand ville vende n\u00e6sen op ad denne. K\u00f8ret\u00f8jet er lavet af plast af h\u00f8jeste kvalitet og er designet til b\u00f8rn fra 12 m\u00e5neder og opefter. K\u00f8ret\u00f8jet er [&hellip;]<\/p>\n","protected":false},"featured_media":0,"comment_status":"open","ping_status":"closed","template":"","meta":[],"product_brand":[],"product_cat":[31],"product_tag":[],"class_list":{"0":"post-19799","1":"product","2":"type-product","3":"status-publish","5":"product_cat-uncategorized-da","7":"first","8":"instock","9":"shipping-taxable","10":"purchasable","11":"product-type-simple"},"_links":{"self":[{"href":"https:\/\/nordicmart.andreevmaster.com\/da\/wp-json\/wp\/v2\/product\/19799","targetHints":{"allow":["GET"]}}],"collection":[{"href":"https:\/\/nordicmart.andreevmaster.com\/da\/wp-json\/wp\/v2\/product"}],"about":[{"href":"https:\/\/nordicmart.andreevmaster.com\/da\/wp-json\/wp\/v2\/types\/product"}],"replies":[{"embeddable":true,"href":"https:\/\/nordicmart.andreevmaster.com\/da\/wp-json\/wp\/v2\/comments?post=19799"}],"wp:attachment":[{"href":"https:\/\/nordicmart.andreevmaster.com\/da\/wp-json\/wp\/v2\/media?parent=19799"}],"wp:term":[{"taxonomy":"product_brand","embeddable":true,"href":"https:\/\/nordicmart.andreevmaster.com\/da\/wp-json\/wp\/v2\/product_brand?post=19799"},{"taxonomy":"product_cat","embeddable":true,"href":"https:\/\/nordicmart.andreevmaster.com\/da\/wp-json\/wp\/v2\/product_cat?post=19799"},{"taxonomy":"product_tag","embeddable":true,"href":"https:\/\/nordicmart.andreevmaster.com\/da\/wp-json\/wp\/v2\/product_tag?post=19799"}],"curies":[{"name":"wp","href":"https:\/\/api.w.org\/{rel}","templated":true}]}}