{"id":19798,"date":"2026-02-27T00:05:48","date_gmt":"2026-02-27T00:05:48","guid":{"rendered":"https:\/\/nordicmart.andreevmaster.com\/product\/falk-country-farmer-pedaltraktor-med-trailer-gron-2-5-ar\/"},"modified":"2026-02-27T08:51:51","modified_gmt":"2026-02-27T08:51:51","slug":"falk-country-farmer-pedaltraktor-med-trailer-gron-2-5-ar","status":"publish","type":"product","link":"https:\/\/nordicmart.andreevmaster.com\/da\/vare\/falk-country-farmer-pedaltraktor-med-trailer-gron-2-5-ar\/","title":{"rendered":"FALK Country Farmer pedaltraktor med trailer Gr\u00f8n 2-5 \u00e5r"},"content":{"rendered":"<p>Falk Country Farmer pedaltraktor er specielt designet til b\u00f8rn i alderen 2 til 5 \u00e5r. Sm\u00e5 gartnere vil nyde at l\u00e6sse og transportere sand, blade, jord og sm\u00e5sten fra den ene ende af haven til den anden ved hj\u00e6lp af den medf\u00f8lgende trailer. B\u00f8rn kan bruge timer p\u00e5 at lege kreativt, mens de udvikler deres f\u00e6rdigheder og nyder udend\u00f8rsaktiviteter.<\/p>\n<p>Funktioner:<\/p>\n<p>* &#8211; k\u00f8ret\u00f8j designet til b\u00f8rn i alderen 2-5 \u00e5r<br \/>\n* &#8211; horn i rattet,<br \/>\n* &#8211; maksimal belastning op til 30 kg,<br \/>\n* &#8211; stabil og sikker,<br \/>\n* &#8211; produktet kr\u00e6ver delvis samling,<\/p>\n","protected":false},"excerpt":{"rendered":"<p>Falk Country Farmer pedaltraktor er specielt designet til b\u00f8rn i alderen 2 til 5 \u00e5r. Sm\u00e5 gartnere vil nyde at l\u00e6sse og transportere sand, blade, jord og sm\u00e5sten fra den ene ende af haven til den anden ved hj\u00e6lp af den medf\u00f8lgende trailer. B\u00f8rn kan bruge timer p\u00e5 at lege kreativt, mens de udvikler deres [&hellip;]<\/p>\n","protected":false},"featured_media":0,"comment_status":"open","ping_status":"closed","template":"","meta":[],"product_brand":[],"product_cat":[31],"product_tag":[],"class_list":{"0":"post-19798","1":"product","2":"type-product","3":"status-publish","5":"product_cat-uncategorized-da","7":"first","8":"instock","9":"shipping-taxable","10":"purchasable","11":"product-type-simple"},"_links":{"self":[{"href":"https:\/\/nordicmart.andreevmaster.com\/da\/wp-json\/wp\/v2\/product\/19798","targetHints":{"allow":["GET"]}}],"collection":[{"href":"https:\/\/nordicmart.andreevmaster.com\/da\/wp-json\/wp\/v2\/product"}],"about":[{"href":"https:\/\/nordicmart.andreevmaster.com\/da\/wp-json\/wp\/v2\/types\/product"}],"replies":[{"embeddable":true,"href":"https:\/\/nordicmart.andreevmaster.com\/da\/wp-json\/wp\/v2\/comments?post=19798"}],"wp:attachment":[{"href":"https:\/\/nordicmart.andreevmaster.com\/da\/wp-json\/wp\/v2\/media?parent=19798"}],"wp:term":[{"taxonomy":"product_brand","embeddable":true,"href":"https:\/\/nordicmart.andreevmaster.com\/da\/wp-json\/wp\/v2\/product_brand?post=19798"},{"taxonomy":"product_cat","embeddable":true,"href":"https:\/\/nordicmart.andreevmaster.com\/da\/wp-json\/wp\/v2\/product_cat?post=19798"},{"taxonomy":"product_tag","embeddable":true,"href":"https:\/\/nordicmart.andreevmaster.com\/da\/wp-json\/wp\/v2\/product_tag?post=19798"}],"curies":[{"name":"wp","href":"https:\/\/api.w.org\/{rel}","templated":true}]}}