{"id":19796,"date":"2026-02-27T00:05:47","date_gmt":"2026-02-27T00:05:47","guid":{"rendered":"https:\/\/nordicmart.andreevmaster.com\/product\/falk-farm-lander-gravemaskine-laesser-traktor-2-5-ar\/"},"modified":"2026-02-27T08:51:50","modified_gmt":"2026-02-27T08:51:50","slug":"falk-farm-lander-gravemaskine-laesser-traktor-2-5-ar","status":"publish","type":"product","link":"https:\/\/nordicmart.andreevmaster.com\/da\/vare\/falk-farm-lander-gravemaskine-laesser-traktor-2-5-ar\/","title":{"rendered":"FALK Farm Lander gravemaskine-l\u00e6sser traktor 2-5 \u00e5r"},"content":{"rendered":"<p>Farm Lander gravemaskine-l\u00e6ssemaskine med trailer fra Falk er en dr\u00f8m, der g\u00e5r i opfyldelse for mange sm\u00e5 traktorf\u00f8rere. Omhyggeligt fremstillet med opm\u00e6rksomhed p\u00e5 selv de mindste detaljer! Ingen landmand ville afvise den. Et pedalk\u00f8ret\u00f8j \u2013 den perfekte gave til alle sm\u00e5b\u00f8rn. Farm Lander pedalk\u00f8ret\u00f8jet med skovl, l\u00e6ssemaskine og trailer er fremstillet af plast af h\u00f8j kvalitet, hvoraf 30 % er genanvendt.<br \/>\nEgenskaber:<br \/>\n* &#8211; k\u00f8ret\u00f8j designet til b\u00f8rn i alderen 2-5 \u00e5r<br \/>\n* &#8211; horn i rattet<br \/>\n* &#8211; bev\u00e6gelig frontskovl<br \/>\n* &#8211; udstyret med en funktionel l\u00e6sser<br \/>\n* &#8211; stabil og sikker<br \/>\n* &#8211; produkt til delvis samling,<\/p>\n","protected":false},"excerpt":{"rendered":"<p>Farm Lander gravemaskine-l\u00e6ssemaskine med trailer fra Falk er en dr\u00f8m, der g\u00e5r i opfyldelse for mange sm\u00e5 traktorf\u00f8rere. Omhyggeligt fremstillet med opm\u00e6rksomhed p\u00e5 selv de mindste detaljer! Ingen landmand ville afvise den. Et pedalk\u00f8ret\u00f8j \u2013 den perfekte gave til alle sm\u00e5b\u00f8rn. Farm Lander pedalk\u00f8ret\u00f8jet med skovl, l\u00e6ssemaskine og trailer er fremstillet af plast af h\u00f8j [&hellip;]<\/p>\n","protected":false},"featured_media":0,"comment_status":"open","ping_status":"closed","template":"","meta":[],"product_brand":[],"product_cat":[31],"product_tag":[],"class_list":{"0":"post-19796","1":"product","2":"type-product","3":"status-publish","5":"product_cat-uncategorized-da","7":"first","8":"instock","9":"shipping-taxable","10":"purchasable","11":"product-type-simple"},"_links":{"self":[{"href":"https:\/\/nordicmart.andreevmaster.com\/da\/wp-json\/wp\/v2\/product\/19796","targetHints":{"allow":["GET"]}}],"collection":[{"href":"https:\/\/nordicmart.andreevmaster.com\/da\/wp-json\/wp\/v2\/product"}],"about":[{"href":"https:\/\/nordicmart.andreevmaster.com\/da\/wp-json\/wp\/v2\/types\/product"}],"replies":[{"embeddable":true,"href":"https:\/\/nordicmart.andreevmaster.com\/da\/wp-json\/wp\/v2\/comments?post=19796"}],"wp:attachment":[{"href":"https:\/\/nordicmart.andreevmaster.com\/da\/wp-json\/wp\/v2\/media?parent=19796"}],"wp:term":[{"taxonomy":"product_brand","embeddable":true,"href":"https:\/\/nordicmart.andreevmaster.com\/da\/wp-json\/wp\/v2\/product_brand?post=19796"},{"taxonomy":"product_cat","embeddable":true,"href":"https:\/\/nordicmart.andreevmaster.com\/da\/wp-json\/wp\/v2\/product_cat?post=19796"},{"taxonomy":"product_tag","embeddable":true,"href":"https:\/\/nordicmart.andreevmaster.com\/da\/wp-json\/wp\/v2\/product_tag?post=19796"}],"curies":[{"name":"wp","href":"https:\/\/api.w.org\/{rel}","templated":true}]}}