{"id":19789,"date":"2026-02-27T00:05:46","date_gmt":"2026-02-27T00:05:46","guid":{"rendered":"https:\/\/nordicmart.andreevmaster.com\/product\/falk-red-supercharger-pedaltraktor-med-trailer-der-kan-abnes-fra-3-ar\/"},"modified":"2026-02-27T08:51:49","modified_gmt":"2026-02-27T08:51:49","slug":"falk-red-supercharger-pedaltraktor-med-trailer-der-kan-abnes-fra-3-ar","status":"publish","type":"product","link":"https:\/\/nordicmart.andreevmaster.com\/da\/vare\/falk-red-supercharger-pedaltraktor-med-trailer-der-kan-abnes-fra-3-ar\/","title":{"rendered":"FALK Red Supercharger pedaltraktor med trailer, der kan \u00e5bnes, fra 3 \u00e5r"},"content":{"rendered":"<p>Red Supercharger pedaltraktor med trailer fra FALK er en dr\u00f8m, der g\u00e5r i opfyldelse for mange sm\u00e5 traktorf\u00f8rere. Omhyggeligt fremstillet med opm\u00e6rksomhed p\u00e5 selv de mindste detaljer! Ingen landmand ville vende n\u00e6sen op ad denne. K\u00f8ret\u00f8jet er lavet af plast af h\u00f8jeste kvalitet og er designet til b\u00f8rn fra 3 \u00e5r og opefter. K\u00f8ret\u00f8jet er udstyret med en aftagelig trailer med paneler og et rat med horn. Traktorens hjul er lavet af plast af h\u00f8j kvalitet. Traktoren har ogs\u00e5 en motorhjelm, der kan \u00e5bnes, med en imiteret rigtig motor.<br \/>\nEgenskaber:<br \/>\n* &#8211; Til b\u00f8rn fra 3 \u00e5r og opefter<br \/>\n* &#8211; Maksimal belastning op til 50 kg<br \/>\n* &#8211; Horn i styret<br \/>\n* &#8211; K\u00e6dedrev p\u00e5 bagaksel<br \/>\n* &#8211; Aftagelig trailer<br \/>\n* &#8211; Styret foraksel<br \/>\n* &#8211; Hjul lavet af plast af h\u00f8j kvalitet<br \/>\n* &#8211; Stabil og sikker<br \/>\n* &#8211; Produktet kr\u00e6ver delvis samling<br \/>\n* &#8211; Har en motorhjelm, der kan \u00e5bnes, med imiteret rigtig motor<\/p>\n<p>S\u00e6ttet indeholder:<\/p>\n<p>* &#8211; Traktor med frontl\u00e6sser<br \/>\n* &#8211; Gravemaskine<br \/>\n* &#8211; Aftagelig trailer<\/p>\n<p>Leget\u00f8jet udvikler:<\/p>\n<p>* &#8211; Grovmotorik og fysisk kondition<br \/>\n* &#8211; H\u00e5nd-\u00f8je- og h\u00e5nd-fod-koordination<br \/>\n* &#8211; Kreativitet og rollespil<br \/>\n* &#8211; En f\u00f8lelse af uafh\u00e6ngighed og selvtillid<br \/>\n* &#8211; Fantasi og rumlig planl\u00e6gning<\/p>\n","protected":false},"excerpt":{"rendered":"<p>Red Supercharger pedaltraktor med trailer fra FALK er en dr\u00f8m, der g\u00e5r i opfyldelse for mange sm\u00e5 traktorf\u00f8rere. Omhyggeligt fremstillet med opm\u00e6rksomhed p\u00e5 selv de mindste detaljer! Ingen landmand ville vende n\u00e6sen op ad denne. K\u00f8ret\u00f8jet er lavet af plast af h\u00f8jeste kvalitet og er designet til b\u00f8rn fra 3 \u00e5r og opefter. K\u00f8ret\u00f8jet er [&hellip;]<\/p>\n","protected":false},"featured_media":0,"comment_status":"open","ping_status":"closed","template":"","meta":[],"product_brand":[],"product_cat":[31],"product_tag":[],"class_list":{"0":"post-19789","1":"product","2":"type-product","3":"status-publish","5":"product_cat-uncategorized-da","7":"first","8":"instock","9":"shipping-taxable","10":"purchasable","11":"product-type-simple"},"_links":{"self":[{"href":"https:\/\/nordicmart.andreevmaster.com\/da\/wp-json\/wp\/v2\/product\/19789","targetHints":{"allow":["GET"]}}],"collection":[{"href":"https:\/\/nordicmart.andreevmaster.com\/da\/wp-json\/wp\/v2\/product"}],"about":[{"href":"https:\/\/nordicmart.andreevmaster.com\/da\/wp-json\/wp\/v2\/types\/product"}],"replies":[{"embeddable":true,"href":"https:\/\/nordicmart.andreevmaster.com\/da\/wp-json\/wp\/v2\/comments?post=19789"}],"wp:attachment":[{"href":"https:\/\/nordicmart.andreevmaster.com\/da\/wp-json\/wp\/v2\/media?parent=19789"}],"wp:term":[{"taxonomy":"product_brand","embeddable":true,"href":"https:\/\/nordicmart.andreevmaster.com\/da\/wp-json\/wp\/v2\/product_brand?post=19789"},{"taxonomy":"product_cat","embeddable":true,"href":"https:\/\/nordicmart.andreevmaster.com\/da\/wp-json\/wp\/v2\/product_cat?post=19789"},{"taxonomy":"product_tag","embeddable":true,"href":"https:\/\/nordicmart.andreevmaster.com\/da\/wp-json\/wp\/v2\/product_tag?post=19789"}],"curies":[{"name":"wp","href":"https:\/\/api.w.org\/{rel}","templated":true}]}}