{"id":19787,"date":"2026-02-27T00:05:45","date_gmt":"2026-02-27T00:05:45","guid":{"rendered":"https:\/\/nordicmart.andreevmaster.com\/product\/injusa-winner-750-sx-red-push-bike-2\/"},"modified":"2026-02-27T08:51:49","modified_gmt":"2026-02-27T08:51:49","slug":"injusa-winner-750-sx-red-push-bike-2","status":"publish","type":"product","link":"https:\/\/nordicmart.andreevmaster.com\/da\/vare\/injusa-winner-750-sx-red-push-bike-2\/","title":{"rendered":"INJUSA Winner 750 sx Red Push Bike"},"content":{"rendered":"<p>Winner 750 XS Balance Bike fra den spanske producent INJUSA er det perfekte valg til sm\u00e5 motorentusiaster. Det sporty design i r\u00f8dt er i\u00f8jnefaldende, mens det ergonomiske, konturerede s\u00e6de og det drejelige forhjul sikrer en behagelig og sikker k\u00f8reoplevelse. Takket v\u00e6re de brede hjul er k\u00f8ret\u00f8jet stabilt, hvilket g\u00f8r det lettere for b\u00f8rn at l\u00e6re at holde balancen og udvikle deres motoriske f\u00e6rdigheder. Den er fremstillet af sikre materialer af h\u00f8j kvalitet og er holdbar og modstandsdygtig over for intensiv leg. <\/p>\n<p>Egenskaber:<\/p>\n<p>* &#8211; Sporty look \u2013 dynamisk design i r\u00f8dt<br \/>\n* &#8211; Stabil konstruktion \u2013 brede hjul sikrer bedre balance<br \/>\n* &#8211; Komfort og sikkerhed \u2013 ergonomisk s\u00e6de og drejeligt forhjul<br \/>\n* &#8211; H\u00f8j kvalitet \u2013 fremstillet af sikre, holdbare materialer<br \/>\n* &#8211; B\u00f8rns udvikling \u2013 hj\u00e6lper b\u00f8rn med at l\u00e6re koordination og balance<br \/>\n* &#8211; Holdbarhed \u2013 maksimal belastning op til 30 kg<br \/>\n* &#8211; Designet til b\u00f8rn fra 3 \u00e5r og opefter<br \/>\n* &#8211; S\u00e6deh\u00f8jde: 41 cm<br \/>\n* &#8211; Hjulst\u00f8rrelse: 12 tommer<\/p>\n","protected":false},"excerpt":{"rendered":"<p>Winner 750 XS Balance Bike fra den spanske producent INJUSA er det perfekte valg til sm\u00e5 motorentusiaster. Det sporty design i r\u00f8dt er i\u00f8jnefaldende, mens det ergonomiske, konturerede s\u00e6de og det drejelige forhjul sikrer en behagelig og sikker k\u00f8reoplevelse. Takket v\u00e6re de brede hjul er k\u00f8ret\u00f8jet stabilt, hvilket g\u00f8r det lettere for b\u00f8rn at l\u00e6re [&hellip;]<\/p>\n","protected":false},"featured_media":0,"comment_status":"open","ping_status":"closed","template":"","meta":[],"product_brand":[],"product_cat":[31],"product_tag":[],"class_list":{"0":"post-19787","1":"product","2":"type-product","3":"status-publish","5":"product_cat-uncategorized-da","7":"first","8":"instock","9":"shipping-taxable","10":"purchasable","11":"product-type-simple"},"_links":{"self":[{"href":"https:\/\/nordicmart.andreevmaster.com\/da\/wp-json\/wp\/v2\/product\/19787","targetHints":{"allow":["GET"]}}],"collection":[{"href":"https:\/\/nordicmart.andreevmaster.com\/da\/wp-json\/wp\/v2\/product"}],"about":[{"href":"https:\/\/nordicmart.andreevmaster.com\/da\/wp-json\/wp\/v2\/types\/product"}],"replies":[{"embeddable":true,"href":"https:\/\/nordicmart.andreevmaster.com\/da\/wp-json\/wp\/v2\/comments?post=19787"}],"wp:attachment":[{"href":"https:\/\/nordicmart.andreevmaster.com\/da\/wp-json\/wp\/v2\/media?parent=19787"}],"wp:term":[{"taxonomy":"product_brand","embeddable":true,"href":"https:\/\/nordicmart.andreevmaster.com\/da\/wp-json\/wp\/v2\/product_brand?post=19787"},{"taxonomy":"product_cat","embeddable":true,"href":"https:\/\/nordicmart.andreevmaster.com\/da\/wp-json\/wp\/v2\/product_cat?post=19787"},{"taxonomy":"product_tag","embeddable":true,"href":"https:\/\/nordicmart.andreevmaster.com\/da\/wp-json\/wp\/v2\/product_tag?post=19787"}],"curies":[{"name":"wp","href":"https:\/\/api.w.org\/{rel}","templated":true}]}}