{"id":19786,"date":"2026-02-27T00:05:45","date_gmt":"2026-02-27T00:05:45","guid":{"rendered":"https:\/\/nordicmart.andreevmaster.com\/product\/little-tikes-my-first-slide-2\/"},"modified":"2026-02-27T08:51:49","modified_gmt":"2026-02-27T08:51:49","slug":"little-tikes-my-first-slide-2","status":"publish","type":"product","link":"https:\/\/nordicmart.andreevmaster.com\/da\/vare\/little-tikes-my-first-slide-2\/","title":{"rendered":"Little Tikes My First Slide"},"content":{"rendered":"<p>My First Slide-rutsjebanen er designet af den kendte leget\u00f8jsproducent Little Tikes. Disse rutsjebaner er fremstillet af materialer af h\u00f8j kvalitet med opm\u00e6rksomhed p\u00e5 de mindste detaljer og designet til harmonisk motorisk udvikling hos b\u00f8rn fra 18 m\u00e5neder. S\u00e6ttet indeholder en smukt udformet rutsjebane i bl\u00e5 og gr\u00f8nne farver, der opmuntrer b\u00f8rn til at f\u00e5 deres f\u00f8rste legesyge oplevelser og udvikle deres balance, motoriske koordination og selvtillid.<\/p>\n<p>\u2705Egenskaber:<\/p>\n<p>\u2714\ufe0f S\u00e6t til b\u00f8rn fra 18 m\u00e5neder \u2714\ufe0f Fremstillet af holdbart, sikkert materiale i bl\u00e5 og gr\u00f8nne farver \u2714\ufe0f Designet med komfortable trin og en blid h\u00e6ldning p\u00e5 rutsjebanen \u2714\ufe0f Bred base for enest\u00e5ende stabilitet under leg<\/p>\n<p>\u2705Leget\u00f8jet udvikler:<\/p>\n<p>\u2714\ufe0f Fysisk kondition og balance \u2714\ufe0f Motorisk koordination \u2714\ufe0f Selvtillid \u2714\ufe0f Motoriske f\u00e6rdigheder<\/p>\n","protected":false},"excerpt":{"rendered":"<p>My First Slide-rutsjebanen er designet af den kendte leget\u00f8jsproducent Little Tikes. Disse rutsjebaner er fremstillet af materialer af h\u00f8j kvalitet med opm\u00e6rksomhed p\u00e5 de mindste detaljer og designet til harmonisk motorisk udvikling hos b\u00f8rn fra 18 m\u00e5neder. S\u00e6ttet indeholder en smukt udformet rutsjebane i bl\u00e5 og gr\u00f8nne farver, der opmuntrer b\u00f8rn til at f\u00e5 deres [&hellip;]<\/p>\n","protected":false},"featured_media":0,"comment_status":"open","ping_status":"closed","template":"","meta":[],"product_brand":[],"product_cat":[31],"product_tag":[],"class_list":{"0":"post-19786","1":"product","2":"type-product","3":"status-publish","5":"product_cat-uncategorized-da","7":"first","8":"instock","9":"shipping-taxable","10":"purchasable","11":"product-type-simple"},"_links":{"self":[{"href":"https:\/\/nordicmart.andreevmaster.com\/da\/wp-json\/wp\/v2\/product\/19786","targetHints":{"allow":["GET"]}}],"collection":[{"href":"https:\/\/nordicmart.andreevmaster.com\/da\/wp-json\/wp\/v2\/product"}],"about":[{"href":"https:\/\/nordicmart.andreevmaster.com\/da\/wp-json\/wp\/v2\/types\/product"}],"replies":[{"embeddable":true,"href":"https:\/\/nordicmart.andreevmaster.com\/da\/wp-json\/wp\/v2\/comments?post=19786"}],"wp:attachment":[{"href":"https:\/\/nordicmart.andreevmaster.com\/da\/wp-json\/wp\/v2\/media?parent=19786"}],"wp:term":[{"taxonomy":"product_brand","embeddable":true,"href":"https:\/\/nordicmart.andreevmaster.com\/da\/wp-json\/wp\/v2\/product_brand?post=19786"},{"taxonomy":"product_cat","embeddable":true,"href":"https:\/\/nordicmart.andreevmaster.com\/da\/wp-json\/wp\/v2\/product_cat?post=19786"},{"taxonomy":"product_tag","embeddable":true,"href":"https:\/\/nordicmart.andreevmaster.com\/da\/wp-json\/wp\/v2\/product_tag?post=19786"}],"curies":[{"name":"wp","href":"https:\/\/api.w.org\/{rel}","templated":true}]}}