{"id":19785,"date":"2026-02-27T00:05:45","date_gmt":"2026-02-27T00:05:45","guid":{"rendered":"https:\/\/nordicmart.andreevmaster.com\/product\/little-tikes-rocking-dog-blue-rocker-2\/"},"modified":"2026-02-27T08:51:49","modified_gmt":"2026-02-27T08:51:49","slug":"little-tikes-rocking-dog-blue-rocker-2","status":"publish","type":"product","link":"https:\/\/nordicmart.andreevmaster.com\/da\/vare\/little-tikes-rocking-dog-blue-rocker-2\/","title":{"rendered":"LITTLE TIKES Rocking Dog Blue Rocker"},"content":{"rendered":"<p>Rockin&#8217; Puppy Rocker er et s\u00f8dt og sikkert leget\u00f8j designet til de yngste b\u00f8rn. Dens venlige form ligner en smilende hund, hvilket opmuntrer b\u00f8rn til at lege og udvikler deres fantasi.<\/p>\n<p>Rockin&#8217; Puppy Rocking Dog er ikke kun en kilde til gl\u00e6de, men ogs\u00e5 en m\u00e5de at udvikle motoriske f\u00e6rdigheder og balanceevne hos b\u00f8rn. Takket v\u00e6re sin holdbarhed og lette pleje er det et popul\u00e6rt valg blandt for\u00e6ldre.<\/p>\n<p>Funktioner:<\/p>\n<p>* &#8211; Designet til sm\u00e5 h\u00e6nder og b\u00f8rns kroppe, sikrer det komfort og stabilitet under gyngning.* &#8211; Afrundede kanter og solid konstruktion garanterer sikkerhed under brug. * &#8211; Overfladen er lavet af glat, holdbart materiale, hvilket g\u00f8r det nemt at holde leget\u00f8jet rent. * &#8211; Velegnet til sm\u00e5 b\u00f8rn, da det underst\u00f8tter udviklingen af motorisk koordination og balance. * &#8211; Hundens venlige design i lyse, muntre farver passer perfekt ind i ethvert legerum.<\/p>\n","protected":false},"excerpt":{"rendered":"<p>Rockin&#8217; Puppy Rocker er et s\u00f8dt og sikkert leget\u00f8j designet til de yngste b\u00f8rn. Dens venlige form ligner en smilende hund, hvilket opmuntrer b\u00f8rn til at lege og udvikler deres fantasi. Rockin&#8217; Puppy Rocking Dog er ikke kun en kilde til gl\u00e6de, men ogs\u00e5 en m\u00e5de at udvikle motoriske f\u00e6rdigheder og balanceevne hos b\u00f8rn. Takket [&hellip;]<\/p>\n","protected":false},"featured_media":0,"comment_status":"open","ping_status":"closed","template":"","meta":[],"product_brand":[],"product_cat":[31],"product_tag":[],"class_list":{"0":"post-19785","1":"product","2":"type-product","3":"status-publish","5":"product_cat-uncategorized-da","7":"first","8":"instock","9":"shipping-taxable","10":"purchasable","11":"product-type-simple"},"_links":{"self":[{"href":"https:\/\/nordicmart.andreevmaster.com\/da\/wp-json\/wp\/v2\/product\/19785","targetHints":{"allow":["GET"]}}],"collection":[{"href":"https:\/\/nordicmart.andreevmaster.com\/da\/wp-json\/wp\/v2\/product"}],"about":[{"href":"https:\/\/nordicmart.andreevmaster.com\/da\/wp-json\/wp\/v2\/types\/product"}],"replies":[{"embeddable":true,"href":"https:\/\/nordicmart.andreevmaster.com\/da\/wp-json\/wp\/v2\/comments?post=19785"}],"wp:attachment":[{"href":"https:\/\/nordicmart.andreevmaster.com\/da\/wp-json\/wp\/v2\/media?parent=19785"}],"wp:term":[{"taxonomy":"product_brand","embeddable":true,"href":"https:\/\/nordicmart.andreevmaster.com\/da\/wp-json\/wp\/v2\/product_brand?post=19785"},{"taxonomy":"product_cat","embeddable":true,"href":"https:\/\/nordicmart.andreevmaster.com\/da\/wp-json\/wp\/v2\/product_cat?post=19785"},{"taxonomy":"product_tag","embeddable":true,"href":"https:\/\/nordicmart.andreevmaster.com\/da\/wp-json\/wp\/v2\/product_tag?post=19785"}],"curies":[{"name":"wp","href":"https:\/\/api.w.org\/{rel}","templated":true}]}}